{"id":5982,"date":"2024-03-12T09:09:30","date_gmt":"2024-03-12T09:09:30","guid":{"rendered":"https:\/\/pedrocasiano.es\/?page_id=5982"},"modified":"2024-03-12T09:09:31","modified_gmt":"2024-03-12T09:09:31","slug":"un-dia-de-sol","status":"publish","type":"page","link":"https:\/\/pedrocasiano.es\/?page_id=5982","title":{"rendered":"\u00bfUn D\u00eda de Sol?"},"content":{"rendered":"\n<figure class=\"wp-block-image alignleft size-full is-resized\"><img decoding=\"async\" width=\"448\" height=\"800\" data-src=\"https:\/\/pedrocasiano.es\/wp-content\/uploads\/2024\/03\/ai-generated-8181541peque.jpg\" alt=\"\" class=\"wp-image-5983 lazyload\" style=\"--smush-placeholder-width: 448px; --smush-placeholder-aspect-ratio: 448\/800;width:427px;height:auto\" src=\"data:image\/svg+xml;base64,PHN2ZyB3aWR0aD0iMSIgaGVpZ2h0PSIxIiB4bWxucz0iaHR0cDovL3d3dy53My5vcmcvMjAwMC9zdmciPjwvc3ZnPg==\" \/><\/figure>\n\n\n\n<p>\u00bfUn D\u00eda de Sol?<\/p>\n\n\n\n<p>\u00a0\u00a0\u00a0\u00a0\u00a0\u00a0\u00a0\u00a0\u00a0\u00a0\u00a0\u00a0 Ha salido el sol, ya se ha marchado, pero se ha mostrado, doy fe de ello, cuando he salido a fumar en el trabajo, me ha deslumbrado, poco tiempo, pues vergonzoso, se ha ocultado en un espeso manto de nubes.<\/p>\n\n\n\n<p>&nbsp;&nbsp;&nbsp;&nbsp;&nbsp;&nbsp;&nbsp;&nbsp;&nbsp;&nbsp;&nbsp;&nbsp; Ahora ha ca\u00eddo la tarde, el trabajo se fue, dej\u00e1ndome el cuerpo cansado, la mente destruida y la voluntad de buscar uno mejor, como siempre, lo que olvidar\u00e9, si es posible, mientras avanza el tiempo.<\/p>\n\n\n\n<p>&nbsp;&nbsp;&nbsp;&nbsp;&nbsp;&nbsp;&nbsp;&nbsp;&nbsp;&nbsp;&nbsp;&nbsp; Ha llegado mi amiga la noche, la cerrada, no la de anochecer, no, la que lo deja todo a oscuras, la que hace que las luci\u00e9rnagas de los balcones del vecindario se enciendan con la peor luz que tienen, la que ilumina las zonas exteriores.<\/p>\n\n\n\n<p>&nbsp;&nbsp;&nbsp;&nbsp;&nbsp;&nbsp;&nbsp;&nbsp;&nbsp;&nbsp;&nbsp;&nbsp; He cenado, como siempre escaso, la comida fuerte, pero mala, cocinada en restaurantes, de men\u00fa, que es solo el tiempo de descanso, y conf\u00edas en la cena, que te recortan cuando te comentan que tienes alto\u2026 y la retah\u00edla parece no acabarse, s\u00ed, es cierto, tengo de todo, colesterol, \u00farico, transaminasas\u2026 \u00bfy nadie me pregunta como tengo los coj\u2026 de trabajar?, no, eso no, vaya a ser que el burro\u2026, pero no, el burro no cocear\u00e1, se conoce la canci\u00f3n demasiado bien, se ha gastado de cantarla, y ahora al fin, cuando todos han ca\u00eddo en un estado de inconciencia diaria, m\u00e1s fuerte que la del d\u00eda, es cuando me encuentro bien, solo, mirando a esa ventana que apenas si tiene cielo que escudri\u00f1ar, pero gracias a dios lo tiene.<\/p>\n\n\n\n<p>&nbsp;&nbsp;&nbsp;&nbsp;&nbsp;&nbsp;&nbsp;&nbsp;&nbsp;&nbsp;&nbsp;&nbsp; El cigarro, el bendito-maldito cigarro, con el que empieza a romperse el primer eslab\u00f3n de la cadena que me tiene el alma aprisionada; la m\u00fasica, una pieza de jazz, Charlie Parker, Concierto en el Massey Hall en Canad\u00e1 con Dizzy Gillespie, Bud Powell, Max Roach y Charles Mingus, en el cincuenta y tres, gloria para los o\u00eddos, si lo conoces, si no, deber\u00edas, la vida es demasiado corta como para no llenarla de cosas buenas, y las volutas de humo, las de siempre, elevan mi alma, la que parece muerta de d\u00eda, llev\u00e1ndola a lugares insospechados.<\/p>\n\n\n\n<p>\u00a0\u00a0\u00a0\u00a0\u00a0\u00a0\u00a0\u00a0\u00a0\u00a0\u00a0\u00a0 Me calmo, la m\u00fasica suena, evocadora, es universal, \u00bfQu\u00e9 tienen en com\u00fan un negro de Kansas conmigo, un blanco del sur de Europa?, nada, todo, \u00bfQu\u00e9 m\u00e1s da?, lo que llega al alma, no tiene color, y el saxo me lleva por un lugar que solo \u00e9l y yo conocemos, el tiempo se fracciona, se mantiene, se contiene, el cigarro mete el humo en mis pulmones, que aun sabiendo su af\u00e1n da\u00f1ino, me sienta bien, lo extra\u00f1o del hombre, pero el saxo me lleva\u00a0 de nuevo a un lugar a\u00fan m\u00e1s bello, me lleva a praderas perdidas, a lugares donde las nubes son blancas, y el calor nunca quema, si, es el saxo, \u00bfo quiz\u00e1s mi cansancio?, \u00bfQu\u00e9 importa?, son segundos, pocos, pero magn\u00edficos, el saxo ya no suena, el cigarro se ha consumido, abro los ojos, miro por la ventana, ya no s\u00e9 d\u00f3nde mirar para ver el horizonte, solo veo al vecino, al de siempre, al que como yo, fuma, dentro de una vieja camiseta de las caladas, delgado, como si fuera un anuncio del hambre y feo como las ma\u00f1anas un lunes, me saluda con el cigarro en la mano, donde la ceniza es m\u00e1s que el propio cigarro, que no se cae, y vuelvo a cerrar los ojos, pero no hay nada, solo oscuridad, los abro de nuevo, apago la luz y me marcho, ma\u00f1ana, no es lunes, pero casi, respiro fuerte, que no suspiro, no pasa nada, nunca pasa nada, pero ma\u00f1ana, maldito ma\u00f1ana, ser\u00e1 como\u2026 y respiro a\u00fan m\u00e1s fuerte, maldito ma\u00f1ana.<\/p>\n","protected":false},"excerpt":{"rendered":"<p>\u00bfUn D\u00eda de Sol? \u00a0\u00a0\u00a0\u00a0\u00a0\u00a0\u00a0\u00a0\u00a0\u00a0\u00a0\u00a0 Ha salido el sol, ya se ha marchado, pero se ha mostrado, doy fe de ello, cuando he salido a fumar en el trabajo, me ha deslumbrado, poco tiempo, pues vergonzoso, se ha ocultado en un espeso manto de nubes. &nbsp;&nbsp;&nbsp;&nbsp;&nbsp;&nbsp;&nbsp;&nbsp;&nbsp;&nbsp;&nbsp;&nbsp; Ahora ha ca\u00eddo la tarde, el trabajo se fue, &hellip; <\/p>\n<p class=\"link-more\"><a href=\"https:\/\/pedrocasiano.es\/?page_id=5982\" class=\"more-link\">Leer m\u00e1s<span class=\"screen-reader-text\"> \u00ab\u00bfUn D\u00eda de Sol?\u00bb<\/span><\/a><\/p>\n","protected":false},"author":1,"featured_media":0,"parent":0,"menu_order":0,"comment_status":"closed","ping_status":"closed","template":"","meta":{"inspiro_hide_title":false,"footnotes":""},"class_list":["post-5982","page","type-page","status-publish","hentry"],"featured_media_urls":[],"_links":{"self":[{"href":"https:\/\/pedrocasiano.es\/index.php?rest_route=\/wp\/v2\/pages\/5982","targetHints":{"allow":["GET"]}}],"collection":[{"href":"https:\/\/pedrocasiano.es\/index.php?rest_route=\/wp\/v2\/pages"}],"about":[{"href":"https:\/\/pedrocasiano.es\/index.php?rest_route=\/wp\/v2\/types\/page"}],"author":[{"embeddable":true,"href":"https:\/\/pedrocasiano.es\/index.php?rest_route=\/wp\/v2\/users\/1"}],"replies":[{"embeddable":true,"href":"https:\/\/pedrocasiano.es\/index.php?rest_route=%2Fwp%2Fv2%2Fcomments&post=5982"}],"version-history":[{"count":1,"href":"https:\/\/pedrocasiano.es\/index.php?rest_route=\/wp\/v2\/pages\/5982\/revisions"}],"predecessor-version":[{"id":5984,"href":"https:\/\/pedrocasiano.es\/index.php?rest_route=\/wp\/v2\/pages\/5982\/revisions\/5984"}],"wp:attachment":[{"href":"https:\/\/pedrocasiano.es\/index.php?rest_route=%2Fwp%2Fv2%2Fmedia&parent=5982"}],"curies":[{"name":"wp","href":"https:\/\/api.w.org\/{rel}","templated":true}]}}