{"id":5978,"date":"2024-03-11T08:09:11","date_gmt":"2024-03-11T08:09:11","guid":{"rendered":"https:\/\/pedrocasiano.es\/?page_id=5978"},"modified":"2024-03-11T08:09:11","modified_gmt":"2024-03-11T08:09:11","slug":"la-lluvia-continua","status":"publish","type":"page","link":"https:\/\/pedrocasiano.es\/?page_id=5978","title":{"rendered":"La Lluvia Contin\u00faa"},"content":{"rendered":"\n<figure class=\"wp-block-image alignleft size-full is-resized\"><img decoding=\"async\" width=\"800\" height=\"547\" data-src=\"https:\/\/pedrocasiano.es\/wp-content\/uploads\/2024\/03\/ai-generated-8244284.jpg\" alt=\"\" class=\"wp-image-5979 lazyload\" style=\"--smush-placeholder-width: 800px; --smush-placeholder-aspect-ratio: 800\/547;width:467px;height:auto\" src=\"data:image\/svg+xml;base64,PHN2ZyB3aWR0aD0iMSIgaGVpZ2h0PSIxIiB4bWxucz0iaHR0cDovL3d3dy53My5vcmcvMjAwMC9zdmciPjwvc3ZnPg==\" \/><\/figure>\n\n\n\n<p>La lluvia contin\u00faa, como si fuera el b\u00e1lsamo sanador que todos esper\u00e1bamos, la sequ\u00eda es algo que conocemos, y bien, por desgracia, y la que nos azota, es despiadada, quiz\u00e1s con esta agua\u2026, pero no nos alegremos antes de tiempo, todo es toro hasta el rabo \u2026<\/p>\n\n\n\n<p>&nbsp;&nbsp;&nbsp;&nbsp;&nbsp;&nbsp;&nbsp;&nbsp;&nbsp;&nbsp;&nbsp;&nbsp; Ya la noche se ha apoderado de todo, es el mejor momento, cuando el ruido desaparece, y deja que se oigan los solitarios chillidos de los que se niegan a encerrarse, de los juerguistas, de la polic\u00eda, de los bomberos, que est\u00e1n todo el d\u00eda, pero que no se oyen, ahora s\u00ed, el silencio los hace audibles, que no visibles, la mayor\u00eda de las veces.<\/p>\n\n\n\n<p>&nbsp;&nbsp;&nbsp;&nbsp;&nbsp;&nbsp;&nbsp;&nbsp;&nbsp;&nbsp;&nbsp;&nbsp; Enciendo un cigarro, ya estoy solo, no molesto a nadie, una calada, de las de llegar hasta\u2026 ya saben lo que sigue, el caso es que es benefactora, aunque me mate, el d\u00eda ha sido pesado&#8230; como todos, y miro las volutas de humo que quieren coronar hasta el techo, como si fuera una meta en la que el triunfador pudiera continuar viviendo, cuando no es as\u00ed, aunque el mundo de las volutas\u2026, se me va la cabeza, s\u00ed, es el privilegio de los viejos sillones, de los flexos decimon\u00f3nicos, de los de luz amarilla, de los de consumo privilegiado en el gasto, de los que nos han acompa\u00f1ado siempre y que permiten esa magia de la retrospecci\u00f3n, de volver a los lugares en el tiempo que se perdieron en la bruma de unos recuerdos apenas cogidos con pinzas.<\/p>\n\n\n\n<p>&nbsp;&nbsp;&nbsp;&nbsp;&nbsp;&nbsp;&nbsp;&nbsp;&nbsp;&nbsp;&nbsp;&nbsp; Suspiro, ya ha pasado mi tiempo, ahora soy algo que recordar, bien o mal, eso me da igual, el que me odia, que me odie, el que me tenga cari\u00f1o, que siga con \u00e9l, o que lo descatalogue, ya no vivimos de nadie, no necesitamos a nadie, aunque los tengamos, como decirlo, por comodidad, por inseguridad, pero si \u00e9ramos independientes, ahora queremos serlo m\u00e1s, porque al final, descubrimos lo que sab\u00edamos de siempre, que el hombre, la gente, las personas, incluido uno mismo, son animales malvados, ego\u00edstas y tristes, que al final, se quedan en nada, en seres que pululan una vida\u2026<\/p>\n\n\n\n<p>&nbsp;&nbsp;&nbsp;&nbsp;&nbsp;&nbsp;&nbsp;&nbsp;&nbsp;&nbsp;&nbsp;&nbsp; Vaya que estoy bueno, las noches de lluvia, cuando se abren los cielos, dejan caer sobre los seres humanos cantidades ingentes de nostalgia, de a\u00f1oranza, de recuerdos que no son deseados, mucho menos pedidos, pero ah\u00ed est\u00e1n, enredados en tu mente como sarmientos, como sarmientos duros, de los que imposible escapar, y es cuando vienen a la cabeza los recuerdos de los que se marcharon y se echaron de menos, que se han ido muchos, pero pocos son los que son recordados, y esta noche vienen, y aparecen n\u00edtidos en la memoria.<\/p>\n\n\n\n<p>&nbsp;&nbsp;&nbsp;&nbsp;&nbsp;&nbsp;&nbsp;&nbsp;&nbsp;&nbsp;&nbsp;&nbsp; La noche pasa de algo somnoliento, de descanso, a algo triste, gris tirando a negro, haciendo que la soledad sea algo terrible, que el cigarro desaparezca de la tentaci\u00f3n de encenderlo, y piensas que si vas a la cama\u2026, ser\u00e1 peor, las mil vueltas est\u00e1n aseguradas, el levantarte med\u00eds hora, una hora despu\u00e9s, con el coraz\u00f3n en la boca, es algo cierto, y esperas en el sill\u00f3n, no, mejor te levantas, abres el caj\u00f3n de la c\u00f3moda, ah\u00ed est\u00e1n, como siempre, abres el frasco, tomas una, ni agua ni leches, a la boca, se deshace, es fuerte, cinco miligramos, antes con una\u2026, pero eso era antes, ahora necesita algo fuerte, como el dolor que sientes ahora mismo, y que no quieres sentir.<\/p>\n\n\n\n<p>&nbsp;&nbsp;&nbsp;&nbsp;&nbsp;&nbsp;&nbsp;&nbsp;&nbsp;&nbsp;&nbsp;&nbsp; De nuevo en el sill\u00f3n, el cigarro que se enciende, autom\u00e1tico, como si no fuera \u00e9l, las volutas de humo, al poco, vuelven a ser solo volutas, los recuerdos, solo recuerdos descafeinados, que pasan sin&nbsp; herir, si, la noche no es fea, la calle esta h\u00fameda, comienza a llover de nuevo, y en tu cara nace una sonrisa, quiz\u00e1s de un imb\u00e9cil, de alguien sin tronco encef\u00e1lico, quiz\u00e1s de\u2026, \u00bfqu\u00e9 m\u00e1s da?, todo est\u00e1 bien, la volutas suben al techo, en su interminable carrera, sonr\u00edes, el cigarro se consume en el cenicero, intentando llevar la punta consumida hacia arriba, y tu miras a la amarilla luz del flexo, porque aunque no te has dado cuenta, duermes, descansas al fin, y piensas, antes de que la nebulosa te envuelva, que es una buena noche, que la humedad, que la lluvia\u2026<\/p>\n","protected":false},"excerpt":{"rendered":"<p>La lluvia contin\u00faa, como si fuera el b\u00e1lsamo sanador que todos esper\u00e1bamos, la sequ\u00eda es algo que conocemos, y bien, por desgracia, y la que nos azota, es despiadada, quiz\u00e1s con esta agua\u2026, pero no nos alegremos antes de tiempo, todo es toro hasta el rabo \u2026 &nbsp;&nbsp;&nbsp;&nbsp;&nbsp;&nbsp;&nbsp;&nbsp;&nbsp;&nbsp;&nbsp;&nbsp; Ya la noche se ha apoderado de &hellip; <\/p>\n<p class=\"link-more\"><a href=\"https:\/\/pedrocasiano.es\/?page_id=5978\" class=\"more-link\">Leer m\u00e1s<span class=\"screen-reader-text\"> \u00abLa Lluvia Contin\u00faa\u00bb<\/span><\/a><\/p>\n","protected":false},"author":1,"featured_media":0,"parent":0,"menu_order":0,"comment_status":"closed","ping_status":"closed","template":"","meta":{"inspiro_hide_title":false,"footnotes":""},"class_list":["post-5978","page","type-page","status-publish","hentry"],"featured_media_urls":[],"_links":{"self":[{"href":"https:\/\/pedrocasiano.es\/index.php?rest_route=\/wp\/v2\/pages\/5978","targetHints":{"allow":["GET"]}}],"collection":[{"href":"https:\/\/pedrocasiano.es\/index.php?rest_route=\/wp\/v2\/pages"}],"about":[{"href":"https:\/\/pedrocasiano.es\/index.php?rest_route=\/wp\/v2\/types\/page"}],"author":[{"embeddable":true,"href":"https:\/\/pedrocasiano.es\/index.php?rest_route=\/wp\/v2\/users\/1"}],"replies":[{"embeddable":true,"href":"https:\/\/pedrocasiano.es\/index.php?rest_route=%2Fwp%2Fv2%2Fcomments&post=5978"}],"version-history":[{"count":1,"href":"https:\/\/pedrocasiano.es\/index.php?rest_route=\/wp\/v2\/pages\/5978\/revisions"}],"predecessor-version":[{"id":5980,"href":"https:\/\/pedrocasiano.es\/index.php?rest_route=\/wp\/v2\/pages\/5978\/revisions\/5980"}],"wp:attachment":[{"href":"https:\/\/pedrocasiano.es\/index.php?rest_route=%2Fwp%2Fv2%2Fmedia&parent=5978"}],"curies":[{"name":"wp","href":"https:\/\/api.w.org\/{rel}","templated":true}]}}