{"id":5839,"date":"2024-03-09T16:48:18","date_gmt":"2024-03-09T16:48:18","guid":{"rendered":"https:\/\/pedrocasiano.es\/?page_id=5839"},"modified":"2024-03-09T16:48:19","modified_gmt":"2024-03-09T16:48:19","slug":"por-fin-un-dia-de-lluvia","status":"publish","type":"page","link":"https:\/\/pedrocasiano.es\/?page_id=5839","title":{"rendered":"Por Fin un D\u00eda de Lluvia"},"content":{"rendered":"\n<figure class=\"wp-block-image alignleft size-full is-resized\"><img decoding=\"async\" width=\"800\" height=\"547\" data-src=\"https:\/\/pedrocasiano.es\/wp-content\/uploads\/2024\/03\/ai-generated-8244283peque.jpg\" alt=\"\" class=\"wp-image-5840 lazyload\" style=\"--smush-placeholder-width: 800px; --smush-placeholder-aspect-ratio: 800\/547;width:534px;height:auto\" src=\"data:image\/svg+xml;base64,PHN2ZyB3aWR0aD0iMSIgaGVpZ2h0PSIxIiB4bWxucz0iaHR0cDovL3d3dy53My5vcmcvMjAwMC9zdmciPjwvc3ZnPg==\" \/><\/figure>\n\n\n\n<p>Por fin un d\u00eda de lluvia.<\/p>\n\n\n\n<p>S\u00ed, es extra\u00f1o, con los cambios que se suceden, poder estar mirando por la ventana para ver como cae el agua, casi como si fuera un milagro, de lo poco que se prodiga.<\/p>\n\n\n\n<p>Cuando llega la noche, puedes mirar el cristal y ver como el vaho se condensa, como nace la humedad en los cristales, la sensaci\u00f3n de algo que, de poco suceder, se ha vuelto casi m\u00e1gico.<\/p>\n\n\n\n<p>Miras a la calle, mojada, h\u00fameda, brillante, como si fuera es imposible que sucediera, cuando de normal la ves p\u00e1lida, polvorienta, cuando no sucia, y piensas en los que los mayores dec\u00edan, \u201cque llueva, que se lleve las miasmas<a href=\"#_ftn1\" id=\"_ftnref1\">[1]<\/a>\u201d, en celebraci\u00f3n de que el aire estar\u00eda m\u00e1s limpio, que la lluvia arrastrar\u00eda todo lo malo, como si fuera el b\u00e1lsamo que todo pod\u00eda curar, pero no, por mucho que llueva, la porquer\u00eda que tenemos encima no se ir\u00e1, es resilente, como la palabra que han sacado pare auto definirse \u201cCapacidad de adaptaci\u00f3n de un ser vivo frente a un agente perturbador o un estado o situaci\u00f3n adversos\u201d, eso es lo que dice la Real Academia de la Lengua, y lo que ellos quieren adoptar, pues bien, por desgracia es cierto, soportar todo, y despu\u00e9s de caer en lo que ser\u00eda para otros, el descr\u00e9dito, la ca\u00edda m\u00e1s absoluta, para ellos, es motivo de vanagloria de sonrisa fatua y de re\u00edrse de la verg\u00fcenza ajena, cuando queda.<\/p>\n\n\n\n<p>Pero olvid\u00e9monos de ellos, que se nos va el agua, la que todos pensamos que llenar\u00e1 los pantanos, ojal\u00e1, pero es complicado, hace falta un invierno de Londres, de los de no ver el sol y lluvia continua para que podamos tenerlos a totalidad, pero no desesperemos que ya ha sucedido, la memoria nos habla de per\u00edodos en los que nos pon\u00edamos blanquitos, como los noruegos, en concreto, dos meses de lluvia que apenas si las nubes, densas como el carb\u00f3n, dejaban que llegara un m\u00edsero rayo de sol.<\/p>\n\n\n\n<p>Por lo dem\u00e1s, nada, solo que la humedad, el no poder salir, aunque seamos de poco hacerlo, hace que el alma se venga a\u00fan m\u00e1s abajo, que los suspiros sean m\u00e1s largos, y los recuerdos de lo bueno perdido, m\u00e1s dolorosos, aparte de que las articulaciones da\u00f1adas, operaciones sufridas, y golpes recibidos, vienen a decirnos la edad que tenemos y que a cada d\u00eda que pasa, son m\u00e1s, por si lo hab\u00edamos olvidado por la sequ\u00eda.<\/p>\n\n\n\n<p>\u00bfQu\u00e9 decir?, sigo mirando por el cristal h\u00famedo, perlado de gotas de lluvia, y supongo que mi parte masoca disfruta como una enana, y se solaza en la contemplaci\u00f3n del desperfecto, de la falta, m\u00e1s que de lo bello, que tambi\u00e9n cansa, y esos recuerdos que queremos olvidar, se solapan con la vida, y miramos de nuevo a trav\u00e9s de un cristal que nada nos va a responder, y miramos las luces titilantes a trav\u00e9s del palpito de las gotas del cristal, casi como si fuera una nueva religi\u00f3n, viendo lo que sabemos que no se puede ver, pero al final es visto, y esa sensaci\u00f3n, extra\u00f1a sensaci\u00f3n, aflora, la de las oportunidades perdidas, de las personas olvidados, de los momentos truncados, y el alma se nos cae&nbsp; a profundidades insondables\u2026<\/p>\n\n\n\n<p>Y seguimos mirando por el cristal perlado, como si pudi\u00e9ramos cambiar algo mirando de nuevo, y para nuestro consuelo, en alg\u00fan momento, nos viene la idea de que ma\u00f1ana ser\u00e1 otro d\u00eda, y sonr\u00edes o casi, con pereza, con pena, pero a la vez con la esperanza, ya con la certeza, de que cuando el d\u00eda florezca, por muy triste que sea su cara, siempre ser\u00e1 m\u00e1s bella, que la que se ofrece a trav\u00e9s de ese cristal tapado de vaho y perlado de gotas de un color de acero viejo.<\/p>\n\n\n\n<hr class=\"wp-block-separator has-alpha-channel-opacity\"\/>\n\n\n\n<p><a href=\"#_ftnref1\" id=\"_ftn1\">[1]<\/a> Efluvio maligno que, seg\u00fan se cre\u00eda, desprend\u00edan cuerpos enfermos, materias corruptas o aguas estancadas. Usado m\u00e1s en plural.<\/p>\n","protected":false},"excerpt":{"rendered":"<p>Por fin un d\u00eda de lluvia. S\u00ed, es extra\u00f1o, con los cambios que se suceden, poder estar mirando por la ventana para ver como cae el agua, casi como si fuera un milagro, de lo poco que se prodiga. Cuando llega la noche, puedes mirar el cristal y ver como el vaho se condensa, como &hellip; <\/p>\n<p class=\"link-more\"><a href=\"https:\/\/pedrocasiano.es\/?page_id=5839\" class=\"more-link\">Leer m\u00e1s<span class=\"screen-reader-text\"> \u00abPor Fin un D\u00eda de Lluvia\u00bb<\/span><\/a><\/p>\n","protected":false},"author":1,"featured_media":0,"parent":0,"menu_order":0,"comment_status":"closed","ping_status":"closed","template":"","meta":{"inspiro_hide_title":false,"footnotes":""},"class_list":["post-5839","page","type-page","status-publish","hentry"],"featured_media_urls":[],"_links":{"self":[{"href":"https:\/\/pedrocasiano.es\/index.php?rest_route=\/wp\/v2\/pages\/5839","targetHints":{"allow":["GET"]}}],"collection":[{"href":"https:\/\/pedrocasiano.es\/index.php?rest_route=\/wp\/v2\/pages"}],"about":[{"href":"https:\/\/pedrocasiano.es\/index.php?rest_route=\/wp\/v2\/types\/page"}],"author":[{"embeddable":true,"href":"https:\/\/pedrocasiano.es\/index.php?rest_route=\/wp\/v2\/users\/1"}],"replies":[{"embeddable":true,"href":"https:\/\/pedrocasiano.es\/index.php?rest_route=%2Fwp%2Fv2%2Fcomments&post=5839"}],"version-history":[{"count":1,"href":"https:\/\/pedrocasiano.es\/index.php?rest_route=\/wp\/v2\/pages\/5839\/revisions"}],"predecessor-version":[{"id":5841,"href":"https:\/\/pedrocasiano.es\/index.php?rest_route=\/wp\/v2\/pages\/5839\/revisions\/5841"}],"wp:attachment":[{"href":"https:\/\/pedrocasiano.es\/index.php?rest_route=%2Fwp%2Fv2%2Fmedia&parent=5839"}],"curies":[{"name":"wp","href":"https:\/\/api.w.org\/{rel}","templated":true}]}}