{"id":5834,"date":"2024-03-09T16:45:05","date_gmt":"2024-03-09T16:45:05","guid":{"rendered":"https:\/\/pedrocasiano.es\/?page_id=5834"},"modified":"2026-03-31T10:34:07","modified_gmt":"2026-03-31T08:34:07","slug":"reflexiones-onceava-parte","status":"publish","type":"page","link":"https:\/\/pedrocasiano.es\/?page_id=5834","title":{"rendered":"S\u00e9ptima"},"content":{"rendered":"\n<div class=\"wp-block-cover alignfull has-custom-content-position is-position-top-left\" style=\"min-height:662px;aspect-ratio:unset;\"><img decoding=\"async\" width=\"1600\" height=\"948\" class=\"wp-block-cover__image-background wp-image-5837 lazyload\" alt=\"\" data-src=\"https:\/\/pedrocasiano.es\/wp-content\/uploads\/2024\/03\/ai-generated-8453367cortadapeque.jpg\" data-object-fit=\"cover\" src=\"data:image\/svg+xml;base64,PHN2ZyB3aWR0aD0iMSIgaGVpZ2h0PSIxIiB4bWxucz0iaHR0cDovL3d3dy53My5vcmcvMjAwMC9zdmciPjwvc3ZnPg==\" style=\"--smush-placeholder-width: 1600px; --smush-placeholder-aspect-ratio: 1600\/948;\" \/><span aria-hidden=\"true\" class=\"wp-block-cover__background has-background-dim\"><\/span><div class=\"wp-block-cover__inner-container has-global-padding is-layout-constrained wp-block-cover-is-layout-constrained\">\n<ul class=\"wp-block-list\">\n<li><a href=\"https:\/\/pedrocasiano.es\/?p=10781\" data-type=\"post\" data-id=\"10781\" target=\"_blank\" rel=\"noreferrer noopener\">Te Abandon\u00e9 porque te cre\u00ed M\u00eda (Rima)<\/a><\/li>\n\n\n\n<li><a href=\"https:\/\/pedrocasiano.es\/?p=10784\" data-type=\"post\" data-id=\"10784\" target=\"_blank\" rel=\"noreferrer noopener\">Te Veo en la Esquina (Rima)<\/a><\/li>\n\n\n\n<li><a href=\"https:\/\/pedrocasiano.es\/?p=10789\" data-type=\"post\" data-id=\"10789\" target=\"_blank\" rel=\"noreferrer noopener\">Te Veo, Desfallecida (Rima)<\/a><\/li>\n\n\n\n<li><a href=\"https:\/\/pedrocasiano.es\/?p=10793\" data-type=\"post\" data-id=\"10793\" target=\"_blank\" rel=\"noreferrer noopener\">\u00bfRecuerdas Amor M\u00edo? (Rima)<\/a><\/li>\n\n\n\n<li><a href=\"https:\/\/pedrocasiano.es\/?p=10797\" data-type=\"post\" data-id=\"10797\" target=\"_blank\" rel=\"noreferrer noopener\">Tiempos de Sal (Rima)<\/a><\/li>\n\n\n\n<li><a href=\"https:\/\/pedrocasiano.es\/?p=10801\" data-type=\"post\" data-id=\"10801\" target=\"_blank\" rel=\"noreferrer noopener\">Todos Somos Extranjeros (Rima)<\/a><\/li>\n\n\n\n<li><a href=\"https:\/\/pedrocasiano.es\/?p=10804\" data-type=\"post\" data-id=\"10804\" target=\"_blank\" rel=\"noreferrer noopener\">Tras de la Cortina (Rima)<\/a><\/li>\n\n\n\n<li><a href=\"https:\/\/pedrocasiano.es\/?p=10808\" data-type=\"post\" data-id=\"10808\" target=\"_blank\" rel=\"noreferrer noopener\">Tras de la Ventana (Rima)<\/a><\/li>\n\n\n\n<li><a href=\"https:\/\/pedrocasiano.es\/?p=10812\" data-type=\"post\" data-id=\"10812\" target=\"_blank\" rel=\"noreferrer noopener\">Trazos de tu Mirada (Rima)<\/a><\/li>\n\n\n\n<li><a href=\"https:\/\/pedrocasiano.es\/?p=10821\" data-type=\"post\" data-id=\"10821\" target=\"_blank\" rel=\"noreferrer noopener\">Tu Mirada Perdida en el Infinito (Rima)<\/a><\/li>\n\n\n\n<li><a href=\"https:\/\/pedrocasiano.es\/?p=10825\" data-type=\"post\" data-id=\"10825\">Una Noche te Conoc\u00ed (Rima)<\/a><\/li>\n\n\n\n<li><a href=\"https:\/\/pedrocasiano.es\/?p=10829\" data-type=\"post\" data-id=\"10829\" target=\"_blank\" rel=\"noreferrer noopener\">Verdes Parcelas (Rima)<\/a><\/li>\n\n\n\n<li><a href=\"https:\/\/pedrocasiano.es\/?p=10833\" data-type=\"post\" data-id=\"10833\" target=\"_blank\" rel=\"noreferrer noopener\">V\u00edctimas del Desamor (Rima)<\/a><\/li>\n\n\n\n<li><a href=\"https:\/\/pedrocasiano.es\/?p=10837\" data-type=\"post\" data-id=\"10837\" target=\"_blank\" rel=\"noreferrer noopener\">\u00bfVolveremos a Pasear en Primavera? (Rima)<\/a><\/li>\n\n\n\n<li><a href=\"https:\/\/pedrocasiano.es\/?p=10842\" data-type=\"post\" data-id=\"10842\" target=\"_blank\" rel=\"noreferrer noopener\">Ya me Cans\u00e9 de Esperar (Rima)<\/a><\/li>\n\n\n\n<li><a href=\"https:\/\/pedrocasiano.es\/?p=10846\" data-type=\"post\" data-id=\"10846\" target=\"_blank\" rel=\"noreferrer noopener\">Ya Nada Queda de lo que Vivimos (Rima)<\/a><\/li>\n\n\n\n<li><a href=\"https:\/\/pedrocasiano.es\/?p=10850\" data-type=\"post\" data-id=\"10850\" target=\"_blank\" rel=\"noreferrer noopener\">Ya no hay Sue\u00f1os Rotos (Rima)<\/a><\/li>\n\n\n\n<li><a href=\"https:\/\/pedrocasiano.es\/?p=10859\" data-type=\"post\" data-id=\"10859\" target=\"_blank\" rel=\"noreferrer noopener\">He Tenido entre mis Brazos (Rima)<\/a><\/li>\n\n\n\n<li><a href=\"https:\/\/pedrocasiano.es\/?p=10871\" data-type=\"post\" data-id=\"10871\" target=\"_blank\" rel=\"noreferrer noopener\">De Seguro Pasar\u00e1 (Rima)<\/a><\/li>\n\n\n\n<li><a href=\"https:\/\/pedrocasiano.es\/?p=10921\" data-type=\"post\" data-id=\"10921\">Cuervos, veo Cuervos (Rima)<\/a><\/li>\n<\/ul>\n\n\n\n<p><strong>Todos los Derechos Reservados<\/strong><\/p>\n\n\n\n<p><strong>\u201cEstas novelas, publicaciones y dem\u00e1s, son obras de ficci\u00f3n. Los nombres, personajes, lugares e incidentes son producto de la imaginaci\u00f3n del autor o son utilizados de manera ficticia. Cualquier parecido con personas, vivas o muertas, o sucesos reales es pura coincidencia.\u201d<\/strong><\/p>\n<\/div><\/div>\n\n\n\n<p><\/p>\n","protected":false},"excerpt":{"rendered":"","protected":false},"author":1,"featured_media":0,"parent":0,"menu_order":0,"comment_status":"closed","ping_status":"closed","template":"","meta":{"inspiro_hide_title":false,"footnotes":""},"class_list":["post-5834","page","type-page","status-publish","hentry"],"featured_media_urls":[],"_links":{"self":[{"href":"https:\/\/pedrocasiano.es\/index.php?rest_route=\/wp\/v2\/pages\/5834","targetHints":{"allow":["GET"]}}],"collection":[{"href":"https:\/\/pedrocasiano.es\/index.php?rest_route=\/wp\/v2\/pages"}],"about":[{"href":"https:\/\/pedrocasiano.es\/index.php?rest_route=\/wp\/v2\/types\/page"}],"author":[{"embeddable":true,"href":"https:\/\/pedrocasiano.es\/index.php?rest_route=\/wp\/v2\/users\/1"}],"replies":[{"embeddable":true,"href":"https:\/\/pedrocasiano.es\/index.php?rest_route=%2Fwp%2Fv2%2Fcomments&post=5834"}],"version-history":[{"count":42,"href":"https:\/\/pedrocasiano.es\/index.php?rest_route=\/wp\/v2\/pages\/5834\/revisions"}],"predecessor-version":[{"id":16449,"href":"https:\/\/pedrocasiano.es\/index.php?rest_route=\/wp\/v2\/pages\/5834\/revisions\/16449"}],"wp:attachment":[{"href":"https:\/\/pedrocasiano.es\/index.php?rest_route=%2Fwp%2Fv2%2Fmedia&parent=5834"}],"curies":[{"name":"wp","href":"https:\/\/api.w.org\/{rel}","templated":true}]}}