{"id":5715,"date":"2024-03-08T08:24:39","date_gmt":"2024-03-08T08:24:39","guid":{"rendered":"https:\/\/pedrocasiano.es\/?page_id=5715"},"modified":"2024-03-08T08:24:39","modified_gmt":"2024-03-08T08:24:39","slug":"seguimos-en-el-mismo-modo","status":"publish","type":"page","link":"https:\/\/pedrocasiano.es\/?page_id=5715","title":{"rendered":"Seguimos en el Mismo Modo"},"content":{"rendered":"\n<figure class=\"wp-block-image alignleft size-full is-resized\"><img decoding=\"async\" width=\"800\" height=\"800\" data-src=\"https:\/\/pedrocasiano.es\/wp-content\/uploads\/2024\/03\/ai-generated-7526427_1920peque.jpg\" alt=\"\" class=\"wp-image-5716 lazyload\" style=\"--smush-placeholder-width: 800px; --smush-placeholder-aspect-ratio: 800\/800;width:494px;height:auto\" data-srcset=\"https:\/\/pedrocasiano.es\/wp-content\/uploads\/2024\/03\/ai-generated-7526427_1920peque.jpg 800w, https:\/\/pedrocasiano.es\/wp-content\/uploads\/2024\/03\/ai-generated-7526427_1920peque-300x300.jpg 300w, https:\/\/pedrocasiano.es\/wp-content\/uploads\/2024\/03\/ai-generated-7526427_1920peque-150x150.jpg 150w\" data-sizes=\"(max-width: 800px) 100vw, 800px\" src=\"data:image\/svg+xml;base64,PHN2ZyB3aWR0aD0iMSIgaGVpZ2h0PSIxIiB4bWxucz0iaHR0cDovL3d3dy53My5vcmcvMjAwMC9zdmciPjwvc3ZnPg==\" \/><\/figure>\n\n\n\n<p>Seguimos en el mismo modo, en el que mal que quieras, nada es positivo, en todo caso, quiz\u00e1s, pudiera suceder, que fuera menos negativo, as\u00ed est\u00e1n las cosas, el fin de semana, cuando llega al principio de la oraci\u00f3n, al fin, trae consigo muchas presiones, muchas vicisitudes, muchas cosas por resolver.<\/p>\n\n\n\n<p>Es ley humana que los problemas nos superen o por lo menos lo intenten, que durante todo el d\u00eda aparezcan monstruos, peque\u00f1os o grandes, que se posen en las espaldas, haciendo que el simple hecho de caminar sea algo casi de libro de haza\u00f1as.<\/p>\n\n\n\n<p>Y ahora, domingo por la noche, cuando todo termina, es decir el fin de semana, miro de nuevo por la manida ventana, que si se gastara con el uso, se colar\u00eda el frio, y miro, como siempre, como casi todos los d\u00edas, y enciendo un cigarro, s\u00e9 que mata, ya lo he dicho, pero demasiado lento, y adem\u00e1s caro, que m\u00e1s que asesino es sicario, pero volvamos a lo que pensaba, que la ventana es transparente, que miro a trav\u00e9s de ella, y veo a las personas, \u00bfo no son personas?, fijo la mirada, si, si lo son, sin duda, caminan hacia el hormiguero, para protegerse de la fr\u00eda noche, esperando que cuando se acuesten, el sue\u00f1o los lleve en sus blandas manos, que olviden que el lunes, saltar\u00e1 sobre ellos como si fuera la fiera que es, y lo har\u00e1, ellos lo saben, yo lo s\u00e9, pero, \u00bfqu\u00e9 hacer?, no se puede hacer nada, los d\u00edas de tranquilidad han acabado, vuelve el traj\u00edn diario, el comp\u00f3rtanos como lo que somos, animales, con el instinto de degollarnos unos a otros, el que piense lo contrario, es solo una de dos posibilidades, o es rico, o es imb\u00e9cil, el resto, sabemos que el que no mata, muere, con la facilidad de que tu asesino ni piense en que has desaparecido, y no es f\u00edsicamente, eso te dejar\u00eda m\u00e1s tranquilo, no, te ha eliminado de la ecuaci\u00f3n de la vida, sufrir\u00e1s para alimentar a tus hijos, te doler\u00e1 cuando descubras que el amor sin dinero no es amor, o por lo menos no se comporta como tal, que el cari\u00f1o, en una balsa de aceite, es algo tranquilo, pero no es cari\u00f1o, que el que tienes al lado, te sacar\u00e1 las tripas por un qu\u00edtame all\u00e1 esas pajas, por nada, simplemente por echar unas risas.<\/p>\n\n\n\n<p>Risas\u2026, la gracia que no tenemos, un mundo cada vez m\u00e1s diab\u00f3lico, ha salvaje, m\u00e1s asesino, m\u00e1s cruel, mil adjetivos m\u00e1s y me quedo corto, seguro, somos los reyes de la creaci\u00f3n, eso lo ser\u00e1n algunos, los que sean m\u00e1s psic\u00f3patas, los m\u00e1s desnudos de alma, desnutridos de coraz\u00f3n, el resto, solo somos presas\u2026 si, no te equivocas, el mundo es algo terrible, y la vida el barco con las costillas rotas con el que hemos de navegar, si\u2026 es algo miserable.<\/p>\n\n\n\n<p>Ya estoy mejor, ma\u00f1ana me sacar\u00e1n las tripas, har\u00e1n cuerdas con ellas, pero hoy, aun, durante poco tiempo apenas unas horas, estoy en el refugio, donde me escondo, donde nadie me encuentra, nadie me ve, \u00bfel \u00fanico motivo de miedo?, es que oigo como alguien cuenta, uno, dos, tres\u2026hasta que llegue al n\u00famero en el que el refugio desaparezca, y solo quedes t\u00fa, frente a los monstruos que son reales, no producto de tu mente.<\/p>\n","protected":false},"excerpt":{"rendered":"<p>Seguimos en el mismo modo, en el que mal que quieras, nada es positivo, en todo caso, quiz\u00e1s, pudiera suceder, que fuera menos negativo, as\u00ed est\u00e1n las cosas, el fin de semana, cuando llega al principio de la oraci\u00f3n, al fin, trae consigo muchas presiones, muchas vicisitudes, muchas cosas por resolver. Es ley humana que &hellip; <\/p>\n<p class=\"link-more\"><a href=\"https:\/\/pedrocasiano.es\/?page_id=5715\" class=\"more-link\">Leer m\u00e1s<span class=\"screen-reader-text\"> \u00abSeguimos en el Mismo Modo\u00bb<\/span><\/a><\/p>\n","protected":false},"author":1,"featured_media":0,"parent":0,"menu_order":0,"comment_status":"closed","ping_status":"closed","template":"","meta":{"inspiro_hide_title":false,"footnotes":""},"class_list":["post-5715","page","type-page","status-publish","hentry"],"featured_media_urls":[],"_links":{"self":[{"href":"https:\/\/pedrocasiano.es\/index.php?rest_route=\/wp\/v2\/pages\/5715","targetHints":{"allow":["GET"]}}],"collection":[{"href":"https:\/\/pedrocasiano.es\/index.php?rest_route=\/wp\/v2\/pages"}],"about":[{"href":"https:\/\/pedrocasiano.es\/index.php?rest_route=\/wp\/v2\/types\/page"}],"author":[{"embeddable":true,"href":"https:\/\/pedrocasiano.es\/index.php?rest_route=\/wp\/v2\/users\/1"}],"replies":[{"embeddable":true,"href":"https:\/\/pedrocasiano.es\/index.php?rest_route=%2Fwp%2Fv2%2Fcomments&post=5715"}],"version-history":[{"count":1,"href":"https:\/\/pedrocasiano.es\/index.php?rest_route=\/wp\/v2\/pages\/5715\/revisions"}],"predecessor-version":[{"id":5717,"href":"https:\/\/pedrocasiano.es\/index.php?rest_route=\/wp\/v2\/pages\/5715\/revisions\/5717"}],"wp:attachment":[{"href":"https:\/\/pedrocasiano.es\/index.php?rest_route=%2Fwp%2Fv2%2Fmedia&parent=5715"}],"curies":[{"name":"wp","href":"https:\/\/api.w.org\/{rel}","templated":true}]}}