{"id":5709,"date":"2024-03-08T08:18:56","date_gmt":"2024-03-08T08:18:56","guid":{"rendered":"https:\/\/pedrocasiano.es\/?page_id=5709"},"modified":"2024-03-08T08:18:57","modified_gmt":"2024-03-08T08:18:57","slug":"he-terminado-de-escribir-otro-libro","status":"publish","type":"page","link":"https:\/\/pedrocasiano.es\/?page_id=5709","title":{"rendered":"He Terminado de Escribir otro Libro"},"content":{"rendered":"\n<figure class=\"wp-block-image alignright size-full is-resized\"><img decoding=\"async\" width=\"800\" height=\"603\" data-src=\"https:\/\/pedrocasiano.es\/wp-content\/uploads\/2024\/03\/little-8598685_1920peque.jpg\" alt=\"\" class=\"wp-image-5710 lazyload\" style=\"--smush-placeholder-width: 800px; --smush-placeholder-aspect-ratio: 800\/603;width:511px;height:auto\" src=\"data:image\/svg+xml;base64,PHN2ZyB3aWR0aD0iMSIgaGVpZ2h0PSIxIiB4bWxucz0iaHR0cDovL3d3dy53My5vcmcvMjAwMC9zdmciPjwvc3ZnPg==\" \/><\/figure>\n\n\n\n<p>He terminado de escribir otro libro, \u00bfel n\u00famero?, indecible, incre\u00edble, muchos, \u00bfdemasiados?, ni lo s\u00e9, ni me importa, el caso es que una vez concluido, con el trabajo de correcci\u00f3n terminado, me encuentro que no tengo nada que hacer, nada viene a mi cabeza.<\/p>\n\n\n\n<p>Juego con el ordenador a extensos y estrat\u00e9gicos juegos, en los cuales se te pierde el tiempo como si lo regalaran, qued\u00e1ndote solo la sensaci\u00f3n de que has hecho algo inane, fatal, casi como la masturbaci\u00f3n, pero con el placer mas dilatado.<\/p>\n\n\n\n<p>Tambi\u00e9n es el hecho que todo se encuentre dentro de un tarro de incertidumbre, que adem\u00e1s es de color oscuro, tan oscuro, que no nos permite ver lo m\u00e1s m\u00ednimo de lo que sucede dentro.<\/p>\n\n\n\n<p>\u00bfDe qu\u00e9 hablo?, del resultado de las elecciones, que han salido los dados del diablo, en casa de una puta, han pagado para muchos encuentros, incluidos los de los traidores, y mucho me temo que pactar\u00e1 con el diablo por el poder, \u00bfQu\u00e9 efecto tendr\u00e1 esa droga en ese individuo que es capaz de vender a su madre por continuar en el poltr\u00f3n?, no lo s\u00e9, pero debe de ser como un orgasmo c\u00f3smico, o a\u00fan m\u00e1s grande, porque vender a cuarenta y cinco millones de personas por conseguirlo, clavarlas en la miseria, cambiar lo que te han pedido por ello, tiene que ser la pera.<\/p>\n\n\n\n<p>Adem\u00e1s, el cambio clim\u00e1tico, que nos quemamos, que el verano es de cojones, lo que no arde, es que no puede arder, aire acondicionado para el que pueda, los viejos que no pueden pagarlo, que se mueran, que ya es hora, el que no lo puede pagar, es que la sabia naturaleza lo ha designado como elemento in\u00fatil para la raza\u2026 que se muera.<\/p>\n\n\n\n<p>Los moros que nos comen, que nos envenenan, que se quieren hacer m\u00e1s fuertes para putearnos, (de nuevo), malditos sean, que adem\u00e1s de chulearnos, se nos meten dentro como si fueran nuestros chulos y nos sacan la pasta, malditos sean mil veces, si malos son los franceses, estos son incluso peor, aunque viendo los pol\u00edticos que tenemos, madre m\u00eda, \u00bfd\u00f3nde escoger entre tanto?<\/p>\n\n\n\n<p>Eso y mil cosas m\u00e1s, que no es que no merezca la pena de reflexionar sobre ellas, sino que me canso, para los que nos queda en el convento, mejor nos cagamos dentro, la frase que ten\u00eda que estar en nuestras m\u00e1s nobles instituciones, incluidas entidades bancarias, centros de poder y econ\u00f3micos, y cualquier maldita madre que lo merezca, que su n\u00famero es casi infinito.<\/p>\n\n\n\n<p>Me despido, que me he puesto de una mala leche\u2026<\/p>\n","protected":false},"excerpt":{"rendered":"<p>He terminado de escribir otro libro, \u00bfel n\u00famero?, indecible, incre\u00edble, muchos, \u00bfdemasiados?, ni lo s\u00e9, ni me importa, el caso es que una vez concluido, con el trabajo de correcci\u00f3n terminado, me encuentro que no tengo nada que hacer, nada viene a mi cabeza. Juego con el ordenador a extensos y estrat\u00e9gicos juegos, en los &hellip; <\/p>\n<p class=\"link-more\"><a href=\"https:\/\/pedrocasiano.es\/?page_id=5709\" class=\"more-link\">Leer m\u00e1s<span class=\"screen-reader-text\"> \u00abHe Terminado de Escribir otro Libro\u00bb<\/span><\/a><\/p>\n","protected":false},"author":1,"featured_media":0,"parent":0,"menu_order":0,"comment_status":"closed","ping_status":"closed","template":"","meta":{"inspiro_hide_title":false,"footnotes":""},"class_list":["post-5709","page","type-page","status-publish","hentry"],"featured_media_urls":[],"_links":{"self":[{"href":"https:\/\/pedrocasiano.es\/index.php?rest_route=\/wp\/v2\/pages\/5709","targetHints":{"allow":["GET"]}}],"collection":[{"href":"https:\/\/pedrocasiano.es\/index.php?rest_route=\/wp\/v2\/pages"}],"about":[{"href":"https:\/\/pedrocasiano.es\/index.php?rest_route=\/wp\/v2\/types\/page"}],"author":[{"embeddable":true,"href":"https:\/\/pedrocasiano.es\/index.php?rest_route=\/wp\/v2\/users\/1"}],"replies":[{"embeddable":true,"href":"https:\/\/pedrocasiano.es\/index.php?rest_route=%2Fwp%2Fv2%2Fcomments&post=5709"}],"version-history":[{"count":1,"href":"https:\/\/pedrocasiano.es\/index.php?rest_route=\/wp\/v2\/pages\/5709\/revisions"}],"predecessor-version":[{"id":5711,"href":"https:\/\/pedrocasiano.es\/index.php?rest_route=\/wp\/v2\/pages\/5709\/revisions\/5711"}],"wp:attachment":[{"href":"https:\/\/pedrocasiano.es\/index.php?rest_route=%2Fwp%2Fv2%2Fmedia&parent=5709"}],"curies":[{"name":"wp","href":"https:\/\/api.w.org\/{rel}","templated":true}]}}