{"id":5706,"date":"2024-03-08T08:15:51","date_gmt":"2024-03-08T08:15:51","guid":{"rendered":"https:\/\/pedrocasiano.es\/?page_id=5706"},"modified":"2024-03-08T08:15:51","modified_gmt":"2024-03-08T08:15:51","slug":"memorias-de-un-pais-moribundo","status":"publish","type":"page","link":"https:\/\/pedrocasiano.es\/?page_id=5706","title":{"rendered":"Memorias De Un Pa\u00eds Moribundo"},"content":{"rendered":"\n<figure class=\"wp-block-image alignleft size-full is-resized\"><img decoding=\"async\" width=\"800\" height=\"600\" data-src=\"https:\/\/pedrocasiano.es\/wp-content\/uploads\/2024\/03\/poor-8596232_1920peque.jpg\" alt=\"\" class=\"wp-image-5707 lazyload\" style=\"--smush-placeholder-width: 800px; --smush-placeholder-aspect-ratio: 800\/600;width:493px;height:auto\" src=\"data:image\/svg+xml;base64,PHN2ZyB3aWR0aD0iMSIgaGVpZ2h0PSIxIiB4bWxucz0iaHR0cDovL3d3dy53My5vcmcvMjAwMC9zdmciPjwvc3ZnPg==\" \/><\/figure>\n\n\n\n<p>Hoy escribo, con extra\u00f1eza acerca de la hora, me acost\u00e9, como todos los d\u00edas, con el miedo a no dormir, pero ca\u00ed pronto, como si fuera bueno, que no lo es, pues aqu\u00ed estoy, apenas dos horas despu\u00e9s, con un cigarro encendido, mirando las volutas de humo, que en su destruir, derrama en la habitaci\u00f3n, como si quisiera imbuirla en un cantico espiritual, en algo extra\u00f1amente asi\u00e1tico, y solo es humo de carraspera.<\/p>\n\n\n\n<p>Los problemas, las preocupaciones, el futuro, el no saber sabiendo, que me trae a mal traer, que m\u00e1s que eso, me despierta, no me deja dormir\u2026, lo de siempre, pero ahora acentuado, pues nada bueno sale de esos pregoneros de la mentira que son los aparatos por los que nos quieren mal, vociferan para que compremos las palabras maravillosas que despejar\u00e1n las dudas, que nos dar\u00e1n tranquilidad\u2026 no lo creo, estoy preocupado, a pesar de todo lo que digan los voceros de los malolientes, de los locos, de los descerebrados, y como no, de los malvados.<\/p>\n\n\n\n<p>No vivo bien, es dif\u00edcil ahora con la que cae, que m\u00e1s caer\u00e1, \u00bfvivir bien?, la econom\u00eda lenta, m\u00e1s que lenta, casi muerta, la pol\u00edtica algo de lo que mejor no escuchar, la compa\u00f1\u00eda humana algo cada vez m\u00e1s frio, cuando existe, y la ciudad m\u00e1s cerrada, si es posible\u2026 y con todo esto malo, que la salud tampoco acompa\u00f1a, no quiero que cambie, que personas \u00e1vidas de poder, de no importarles nada que no sea lo que les interesen, me cambien este, mi peque\u00f1o, pero conocido infierno, por otro que de nuevo, de inquietudes, viene pre\u00f1ado, madrecita, madrecita, que me quede como estaba, que los saltos estando al borde de un precipicio, no son algo de ser inteligente, pero el malvado salta, llev\u00e1ndose con \u00e9l, todo lo poco que nos quedaba, que no es mucho, pero es eso, lo que hab\u00edamos reservado, lo que nos importaba, y ahora, al albur, mirando a todos lados, la piel se descompone, el miedo, la soledad, el frio de los pobres viene a recoger gente por manadas, por montones, por\u2026 \u00bfqu\u00e9 m\u00e1s da?, solo somos\u2026 nada, desgraciados de aquellos que han permitido que las cosas sean as\u00ed, no puedo perdonarlos, no s\u00e9, lo \u00fanico que s\u00e9 es que me dan pena, y no quisiera estar en su pellejo cuando se den cuenta, sin alg\u00fan d\u00eda cogen cerebro, de lo que han conseguido, de que algo que no estaba bien, su pa\u00eds, el m\u00edo, ahora se convierta en algo peor, algo que ellos han querido, que me han impuesto, y ya no tengo la rabia de a\u00f1os pasados, la de salir a luchar, ahora, solo tengo la certeza de que lo que viene nos sorprender\u00e1, y no para bien.<\/p>\n\n\n\n<p>Que dios perdone a los que nos han tra\u00eddo el infierno, yo, no puedo.<\/p>\n","protected":false},"excerpt":{"rendered":"<p>Hoy escribo, con extra\u00f1eza acerca de la hora, me acost\u00e9, como todos los d\u00edas, con el miedo a no dormir, pero ca\u00ed pronto, como si fuera bueno, que no lo es, pues aqu\u00ed estoy, apenas dos horas despu\u00e9s, con un cigarro encendido, mirando las volutas de humo, que en su destruir, derrama en la habitaci\u00f3n, &hellip; <\/p>\n<p class=\"link-more\"><a href=\"https:\/\/pedrocasiano.es\/?page_id=5706\" class=\"more-link\">Leer m\u00e1s<span class=\"screen-reader-text\"> \u00abMemorias De Un Pa\u00eds Moribundo\u00bb<\/span><\/a><\/p>\n","protected":false},"author":1,"featured_media":0,"parent":0,"menu_order":0,"comment_status":"closed","ping_status":"closed","template":"","meta":{"inspiro_hide_title":false,"footnotes":""},"class_list":["post-5706","page","type-page","status-publish","hentry"],"featured_media_urls":[],"_links":{"self":[{"href":"https:\/\/pedrocasiano.es\/index.php?rest_route=\/wp\/v2\/pages\/5706","targetHints":{"allow":["GET"]}}],"collection":[{"href":"https:\/\/pedrocasiano.es\/index.php?rest_route=\/wp\/v2\/pages"}],"about":[{"href":"https:\/\/pedrocasiano.es\/index.php?rest_route=\/wp\/v2\/types\/page"}],"author":[{"embeddable":true,"href":"https:\/\/pedrocasiano.es\/index.php?rest_route=\/wp\/v2\/users\/1"}],"replies":[{"embeddable":true,"href":"https:\/\/pedrocasiano.es\/index.php?rest_route=%2Fwp%2Fv2%2Fcomments&post=5706"}],"version-history":[{"count":1,"href":"https:\/\/pedrocasiano.es\/index.php?rest_route=\/wp\/v2\/pages\/5706\/revisions"}],"predecessor-version":[{"id":5708,"href":"https:\/\/pedrocasiano.es\/index.php?rest_route=\/wp\/v2\/pages\/5706\/revisions\/5708"}],"wp:attachment":[{"href":"https:\/\/pedrocasiano.es\/index.php?rest_route=%2Fwp%2Fv2%2Fmedia&parent=5706"}],"curies":[{"name":"wp","href":"https:\/\/api.w.org\/{rel}","templated":true}]}}