{"id":5700,"date":"2024-03-08T08:08:19","date_gmt":"2024-03-08T08:08:19","guid":{"rendered":"https:\/\/pedrocasiano.es\/?page_id=5700"},"modified":"2024-03-08T08:08:19","modified_gmt":"2024-03-08T08:08:19","slug":"hoy-mirando-el-caralibro","status":"publish","type":"page","link":"https:\/\/pedrocasiano.es\/?page_id=5700","title":{"rendered":"Hoy, Mirando el Caralibro"},"content":{"rendered":"\n<figure class=\"wp-block-image alignright size-full is-resized\"><img decoding=\"async\" width=\"800\" height=\"565\" data-src=\"https:\/\/pedrocasiano.es\/wp-content\/uploads\/2024\/03\/social-media-550766_1920peque.jpg\" alt=\"\" class=\"wp-image-5701 lazyload\" style=\"--smush-placeholder-width: 800px; --smush-placeholder-aspect-ratio: 800\/565;width:500px;height:auto\" src=\"data:image\/svg+xml;base64,PHN2ZyB3aWR0aD0iMSIgaGVpZ2h0PSIxIiB4bWxucz0iaHR0cDovL3d3dy53My5vcmcvMjAwMC9zdmciPjwvc3ZnPg==\" \/><\/figure>\n\n\n\n<p>Hoy, mirando el Caralibro, he recalado en las p\u00e1ginas de algunos de los que llevan mi sangre; me explico, soy de una familia grande, aunque no gran familia, y, como en casi todas, tiempo atr\u00e1s, nos conoc\u00edamos, conviv\u00edamos, y compart\u00edamos el hecho de estar unidos por lazos de sangre, que despu\u00e9s se convert\u00edan, con la cercan\u00eda, en algo m\u00e1s, algo que representaba un valor importante.<\/p>\n\n\n\n<p>Por desgracias, o por suerte, o simplemente por ley de vida, tu familia, esa familia grande, se reproduce y con el paso del tiempo, se extiende, se hace m\u00e1s grande, y tu sangre, la de ellos, se difunde, sea buena o mala, pero tambi\u00e9n, cierto es, que aquellos que tratabas, que conviv\u00edas, ahora son algo diferente, por el trabajo, por el car\u00e1cter de ellos, por el tuyo propio, y al final, se convierten en extra\u00f1os, o cuando menos, alejados, y por supuesto, sus hijos, sus descendientes, pasan a ser personas extra\u00f1as, desconocidas, sus parejas m\u00e1s aun, y a los hijos de estas, no s\u00e9 ni que nombre ponerles.<\/p>\n\n\n\n<p>\u00bfEs bueno, es malo?, no lo s\u00e9, la vida manda, sea bueno o malo, pero cuando como hoy, por causalidad, he visto a un hijo de un primo, a sus dos hijos, he sentido que ellos tambi\u00e9n, en sus caras, quiz\u00e1s en sus caracteres, tienen esa impronta de nosotros, de los que conviv\u00edamos; he visto en uno de ellos, la sonrisa de mi madre, en la del hijo de mi primo, la sonrisa de este\u2026, no s\u00e9, supongo que seguimos siendo familia, desconozco en qu\u00e9 grado legal, o si se puede a\u00fan llamar as\u00ed, pero al final, es como dec\u00eda mi abuelo, \u201cla sangre es lo que es, r\u00e1etela, si puedes\u201d, y de vez en cuando, sin esperarlo, por cualquier nimiedad, vuelves a sentir esa sensaci\u00f3n de cercan\u00eda, de rasgos comunes, y aunque sea m\u00ednima, sonr\u00edes, y piensas que es cierto, que nunca ninguno morimos, pues \u201ccachitos\u201d de nosotros, perduran en el tiempo, en el cuerpo y el alma de nuestros descendientes, aunque por desgracia no sepan ni quien eres.<\/p>\n\n\n\n<p>Dedicado a los \u201cGonz\u00e1lez, y a los Cuevas\u201d, y Lamas, y Junquito, y Ojeda, y Estepa, y Tejederas, y Losada, y Navas, y Montero, y a los de apellidos raros, extra\u00f1os, extranjeros, desconocidos, a todos ellos, pues llevo partes de todos ellos, que se han dispersado en mis descendientes<\/p>\n","protected":false},"excerpt":{"rendered":"<p>Hoy, mirando el Caralibro, he recalado en las p\u00e1ginas de algunos de los que llevan mi sangre; me explico, soy de una familia grande, aunque no gran familia, y, como en casi todas, tiempo atr\u00e1s, nos conoc\u00edamos, conviv\u00edamos, y compart\u00edamos el hecho de estar unidos por lazos de sangre, que despu\u00e9s se convert\u00edan, con la &hellip; <\/p>\n<p class=\"link-more\"><a href=\"https:\/\/pedrocasiano.es\/?page_id=5700\" class=\"more-link\">Leer m\u00e1s<span class=\"screen-reader-text\"> \u00abHoy, Mirando el Caralibro\u00bb<\/span><\/a><\/p>\n","protected":false},"author":1,"featured_media":0,"parent":0,"menu_order":0,"comment_status":"closed","ping_status":"closed","template":"","meta":{"inspiro_hide_title":false,"footnotes":""},"class_list":["post-5700","page","type-page","status-publish","hentry"],"featured_media_urls":[],"_links":{"self":[{"href":"https:\/\/pedrocasiano.es\/index.php?rest_route=\/wp\/v2\/pages\/5700","targetHints":{"allow":["GET"]}}],"collection":[{"href":"https:\/\/pedrocasiano.es\/index.php?rest_route=\/wp\/v2\/pages"}],"about":[{"href":"https:\/\/pedrocasiano.es\/index.php?rest_route=\/wp\/v2\/types\/page"}],"author":[{"embeddable":true,"href":"https:\/\/pedrocasiano.es\/index.php?rest_route=\/wp\/v2\/users\/1"}],"replies":[{"embeddable":true,"href":"https:\/\/pedrocasiano.es\/index.php?rest_route=%2Fwp%2Fv2%2Fcomments&post=5700"}],"version-history":[{"count":1,"href":"https:\/\/pedrocasiano.es\/index.php?rest_route=\/wp\/v2\/pages\/5700\/revisions"}],"predecessor-version":[{"id":5702,"href":"https:\/\/pedrocasiano.es\/index.php?rest_route=\/wp\/v2\/pages\/5700\/revisions\/5702"}],"wp:attachment":[{"href":"https:\/\/pedrocasiano.es\/index.php?rest_route=%2Fwp%2Fv2%2Fmedia&parent=5700"}],"curies":[{"name":"wp","href":"https:\/\/api.w.org\/{rel}","templated":true}]}}