{"id":5697,"date":"2024-03-08T08:05:03","date_gmt":"2024-03-08T08:05:03","guid":{"rendered":"https:\/\/pedrocasiano.es\/?page_id=5697"},"modified":"2024-03-08T08:05:04","modified_gmt":"2024-03-08T08:05:04","slug":"hoy-empiezo-un-nuevo-libro","status":"publish","type":"page","link":"https:\/\/pedrocasiano.es\/?page_id=5697","title":{"rendered":"Hoy Empiezo un Nuevo Libro"},"content":{"rendered":"\n<figure class=\"wp-block-image alignright size-full is-resized\"><img decoding=\"async\" width=\"800\" height=\"800\" data-src=\"https:\/\/pedrocasiano.es\/wp-content\/uploads\/2024\/03\/autumn-8113610_1920peque.jpg\" alt=\"\" class=\"wp-image-5698 lazyload\" style=\"--smush-placeholder-width: 800px; --smush-placeholder-aspect-ratio: 800\/800;width:487px;height:auto\" data-srcset=\"https:\/\/pedrocasiano.es\/wp-content\/uploads\/2024\/03\/autumn-8113610_1920peque.jpg 800w, https:\/\/pedrocasiano.es\/wp-content\/uploads\/2024\/03\/autumn-8113610_1920peque-300x300.jpg 300w, https:\/\/pedrocasiano.es\/wp-content\/uploads\/2024\/03\/autumn-8113610_1920peque-150x150.jpg 150w\" data-sizes=\"(max-width: 800px) 100vw, 800px\" src=\"data:image\/svg+xml;base64,PHN2ZyB3aWR0aD0iMSIgaGVpZ2h0PSIxIiB4bWxucz0iaHR0cDovL3d3dy53My5vcmcvMjAwMC9zdmciPjwvc3ZnPg==\" \/><\/figure>\n\n\n\n<p>Hoy empiezo un nuevo libro, como tantas otras veces, y los que me conocen, pocos y cada vez m\u00e1s someramente, me preguntan por qu\u00e9 escribo tanto si al final ni los publico.<\/p>\n\n\n\n<p>La raz\u00f3n es sencilla, apabullantemente sencilla, es la droga que hace que me olvide de la realidad viscosa, desvergonzada y cainita que nos rodea.<\/p>\n\n\n\n<p>\u00bfTengo que estar con el alma en vilo por las locuras del tal Maduro espa\u00f1ol?, la verdad es que deber\u00eda, como que s\u00e9 tambi\u00e9n que nos comeremos lo que nos echen, nos ha ca\u00eddo la peste negra en forma de pr\u00f3cer patibulario, y como nos da igual, pues otro m\u00e1s, yo, huyo, y que me meto en mi mundo ilusorio y al final, hago como los dem\u00e1s, pero con la facilidad de que realmente no pienso en nada de lo que imagino que suceder\u00e1, si no cambia, y que ser\u00e1 una pesadilla venezolana, que siempre habr\u00e1 quien le guste.<\/p>\n\n\n\n<p>Mis personajes son los que quiero, aunque sean malos, pero s\u00e9 que solo hacen da\u00f1o al que los lee, y me quedo con ellos escondidos en mi memoria, as\u00ed, poco da\u00f1o puede hacer, pues el placebo de la tele no me sirve, sino la medicina de mi loca imaginaci\u00f3n.<\/p>\n\n\n\n<p>Por ello seguir\u00e9 escribiendo, y disfrutando, que el pago no es en moneda, sino en la satisfacci\u00f3n de crear algo, quiz\u00e1s mucho m\u00e1s malo que bueno, pero que me vale en lo que quiero, que es, a fin de cuentas, ser feliz mientras lo escribo, lo dem\u00e1s<\/p>\n","protected":false},"excerpt":{"rendered":"<p>Hoy empiezo un nuevo libro, como tantas otras veces, y los que me conocen, pocos y cada vez m\u00e1s someramente, me preguntan por qu\u00e9 escribo tanto si al final ni los publico. La raz\u00f3n es sencilla, apabullantemente sencilla, es la droga que hace que me olvide de la realidad viscosa, desvergonzada y cainita que nos &hellip; <\/p>\n<p class=\"link-more\"><a href=\"https:\/\/pedrocasiano.es\/?page_id=5697\" class=\"more-link\">Leer m\u00e1s<span class=\"screen-reader-text\"> \u00abHoy Empiezo un Nuevo Libro\u00bb<\/span><\/a><\/p>\n","protected":false},"author":1,"featured_media":0,"parent":0,"menu_order":0,"comment_status":"closed","ping_status":"closed","template":"","meta":{"inspiro_hide_title":false,"footnotes":""},"class_list":["post-5697","page","type-page","status-publish","hentry"],"featured_media_urls":[],"_links":{"self":[{"href":"https:\/\/pedrocasiano.es\/index.php?rest_route=\/wp\/v2\/pages\/5697","targetHints":{"allow":["GET"]}}],"collection":[{"href":"https:\/\/pedrocasiano.es\/index.php?rest_route=\/wp\/v2\/pages"}],"about":[{"href":"https:\/\/pedrocasiano.es\/index.php?rest_route=\/wp\/v2\/types\/page"}],"author":[{"embeddable":true,"href":"https:\/\/pedrocasiano.es\/index.php?rest_route=\/wp\/v2\/users\/1"}],"replies":[{"embeddable":true,"href":"https:\/\/pedrocasiano.es\/index.php?rest_route=%2Fwp%2Fv2%2Fcomments&post=5697"}],"version-history":[{"count":1,"href":"https:\/\/pedrocasiano.es\/index.php?rest_route=\/wp\/v2\/pages\/5697\/revisions"}],"predecessor-version":[{"id":5699,"href":"https:\/\/pedrocasiano.es\/index.php?rest_route=\/wp\/v2\/pages\/5697\/revisions\/5699"}],"wp:attachment":[{"href":"https:\/\/pedrocasiano.es\/index.php?rest_route=%2Fwp%2Fv2%2Fmedia&parent=5697"}],"curies":[{"name":"wp","href":"https:\/\/api.w.org\/{rel}","templated":true}]}}