{"id":5694,"date":"2024-03-08T07:58:17","date_gmt":"2024-03-08T07:58:17","guid":{"rendered":"https:\/\/pedrocasiano.es\/?page_id=5694"},"modified":"2024-03-08T07:58:17","modified_gmt":"2024-03-08T07:58:17","slug":"hoy-me-he-levantado-medio-que","status":"publish","type":"page","link":"https:\/\/pedrocasiano.es\/?page_id=5694","title":{"rendered":"Hoy me he Levantado Medio que"},"content":{"rendered":"\n<figure class=\"wp-block-image alignright size-full is-resized\"><img decoding=\"async\" width=\"592\" height=\"800\" data-src=\"https:\/\/pedrocasiano.es\/wp-content\/uploads\/2024\/03\/ai-generated-8529271_1920cortopeque.jpg\" alt=\"\" class=\"wp-image-5695 lazyload\" style=\"--smush-placeholder-width: 592px; --smush-placeholder-aspect-ratio: 592\/800;width:397px;height:auto\" src=\"data:image\/svg+xml;base64,PHN2ZyB3aWR0aD0iMSIgaGVpZ2h0PSIxIiB4bWxucz0iaHR0cDovL3d3dy53My5vcmcvMjAwMC9zdmciPjwvc3ZnPg==\" \/><\/figure>\n\n\n\n<p>Hoy me he levantado medio que, de los d\u00edas en los que piensas que un d\u00eda menos que he vivido, y un d\u00eda m\u00e1s para vivir, cosas de la cabeza que no est\u00e1 como tiene que estar.<\/p>\n\n\n\n<p>\u00bfPor qu\u00e9?, quiz\u00e1s sea yo el que tiene esa mente descolorida y hu\u00e9rfana de ideas, pero prefiero eso, a llenarla de las maldades de otros, no soy socialista, ni del PP, pero lo que me asquea, es que alguien como S\u00e1nchez, respire el mismo aire que yo, pues no conozco persona, por llamarlo de alguna forma, que no sea m\u00e1s da\u00f1ino para esta pobre Espa\u00f1a que se muere entre bocanadas de indolencia.<\/p>\n\n\n\n<p>Despu\u00e9s, nos quejaremos de la maldad del vendedor de humo, pero lo que nos pase, que me temo que sea malo, nos lo merecemos, hablan de que todo pa\u00eds tiene el gobierno que se merece, \u00bftan imb\u00e9ciles, sinverg\u00fcenzas y malvados somos?, supongo que s\u00ed, hemos, yo no, votado a alguien cuyo espejo de ego es tan grande que no deja luz para nadie que no sea \u00e9l.<\/p>\n\n\n\n<p>Creo, seguro, que es de los que aman el poder sobre todas las cosas, que est\u00e1n dispuestas a destruirlo todo si es necesario, mientras esto le permita seguir medrando, es como Hitler, \u201cdespu\u00e9s de m\u00ed, el caos\u201d, pues eso nos va a dejar, eso con suerte, que lo mismo, encuentra la forma de perpetuarse como presidente, como dictador, como padre de la naci\u00f3n, en fin, l\u00e9ase Maduro, que al final, el camino que llevamos, es que los frigor\u00edficos se midan por la escasez, que sean in\u00fatiles, por no poder llenarlos, porque no llega la electricidad o no podemos pagarla, pero eso s\u00ed, seguro que tendremos un programa de charlas con el Presidente, donde hablar\u00e1 con pajaritos, y recomendar\u00e1 que llevemos un pa\u00f1uelo rojo al cuello, que los patrones son los hijos de diablo, y el estado la madre bien amada que da todo a aquellos que alaban al partido hasta que se les seca la boca.<\/p>\n\n\n\n<p>Eso s\u00ed, seguro que no quita las elecciones, no se atrever\u00eda, las mantendr\u00e1 con un partido \u00fanico, y sin garantes internacionales, y la CEE, es el par\u00e1sito que hay que eliminar, que nos ir\u00e1 mejor, dej\u00e1ndole las ciudades africanas al maldito moro, que Espa\u00f1a se parte en mil pedazos, en una federaci\u00f3n que solo es una componenda, con m\u00e1s lenguas que la torre de babel, y haciendo que lo que nos un\u00eda, ahora se convierta en algo disgregador, que genere m\u00e1s odio, pero toda divisi\u00f3n viene bien al manipulador, enfrentar\u00e1, partir\u00e1, defraudar\u00e1, alabar\u00e1, pagar\u00e1, har\u00e1 lo que sea necesario, lo que sea, para seguir siendo el que manda. Pobre Espa\u00f1a, despu\u00e9s de quinientos a\u00f1os nos quedaremos en nada, muchas gracias se\u00f1or S\u00e1nchez, que reciba mucho m\u00e1s de lo que da.<\/p>\n","protected":false},"excerpt":{"rendered":"<p>Hoy me he levantado medio que, de los d\u00edas en los que piensas que un d\u00eda menos que he vivido, y un d\u00eda m\u00e1s para vivir, cosas de la cabeza que no est\u00e1 como tiene que estar. \u00bfPor qu\u00e9?, quiz\u00e1s sea yo el que tiene esa mente descolorida y hu\u00e9rfana de ideas, pero prefiero eso, &hellip; <\/p>\n<p class=\"link-more\"><a href=\"https:\/\/pedrocasiano.es\/?page_id=5694\" class=\"more-link\">Leer m\u00e1s<span class=\"screen-reader-text\"> \u00abHoy me he Levantado Medio que\u00bb<\/span><\/a><\/p>\n","protected":false},"author":1,"featured_media":0,"parent":0,"menu_order":0,"comment_status":"closed","ping_status":"closed","template":"","meta":{"inspiro_hide_title":false,"footnotes":""},"class_list":["post-5694","page","type-page","status-publish","hentry"],"featured_media_urls":[],"_links":{"self":[{"href":"https:\/\/pedrocasiano.es\/index.php?rest_route=\/wp\/v2\/pages\/5694","targetHints":{"allow":["GET"]}}],"collection":[{"href":"https:\/\/pedrocasiano.es\/index.php?rest_route=\/wp\/v2\/pages"}],"about":[{"href":"https:\/\/pedrocasiano.es\/index.php?rest_route=\/wp\/v2\/types\/page"}],"author":[{"embeddable":true,"href":"https:\/\/pedrocasiano.es\/index.php?rest_route=\/wp\/v2\/users\/1"}],"replies":[{"embeddable":true,"href":"https:\/\/pedrocasiano.es\/index.php?rest_route=%2Fwp%2Fv2%2Fcomments&post=5694"}],"version-history":[{"count":1,"href":"https:\/\/pedrocasiano.es\/index.php?rest_route=\/wp\/v2\/pages\/5694\/revisions"}],"predecessor-version":[{"id":5696,"href":"https:\/\/pedrocasiano.es\/index.php?rest_route=\/wp\/v2\/pages\/5694\/revisions\/5696"}],"wp:attachment":[{"href":"https:\/\/pedrocasiano.es\/index.php?rest_route=%2Fwp%2Fv2%2Fmedia&parent=5694"}],"curies":[{"name":"wp","href":"https:\/\/api.w.org\/{rel}","templated":true}]}}