{"id":5688,"date":"2024-03-08T07:51:22","date_gmt":"2024-03-08T07:51:22","guid":{"rendered":"https:\/\/pedrocasiano.es\/?page_id=5688"},"modified":"2024-03-08T07:51:23","modified_gmt":"2024-03-08T07:51:23","slug":"llevo-unos-dias","status":"publish","type":"page","link":"https:\/\/pedrocasiano.es\/?page_id=5688","title":{"rendered":"Llevo unos D\u00edas&#8230;"},"content":{"rendered":"\n<figure class=\"wp-block-image alignleft size-full is-resized\"><img decoding=\"async\" width=\"800\" height=\"448\" data-src=\"https:\/\/pedrocasiano.es\/wp-content\/uploads\/2024\/03\/ai-generated-8366100_1920peque.jpg\" alt=\"\" class=\"wp-image-5689 lazyload\" style=\"--smush-placeholder-width: 800px; --smush-placeholder-aspect-ratio: 800\/448;width:614px;height:auto\" src=\"data:image\/svg+xml;base64,PHN2ZyB3aWR0aD0iMSIgaGVpZ2h0PSIxIiB4bWxucz0iaHR0cDovL3d3dy53My5vcmcvMjAwMC9zdmciPjwvc3ZnPg==\" \/><\/figure>\n\n\n\n<p>Llevo unos d\u00edas sin pre\u00f1ar la pantalla del ordenador con mis locuras, que sirva para algo mi masculinidad olvidada, aunque sea solo para eso.<\/p>\n\n\n\n<p>Fuera las bromas, me muevo, me estoy moviendo en c\u00edrculos conc\u00e9ntricos, lo que significa en andaluz, galopando en una loseta, haciendo el imb\u00e9cil, seg\u00fan definici\u00f3n de mi padre, el cual no es que no me tuviera cari\u00f1o, es que se le olvidaba que exist\u00eda.<\/p>\n\n\n\n<p>Pero olvidemos eso, que llevo l\u00edneas de morralla, sin a\u00f1adir nada que merezca la pena, lo cual muchos afirmar\u00e1n que es la t\u00f3nica general de lo que hago cuando tomo el teclado de un ordenador.<\/p>\n\n\n\n<p>\u00bfPor qu\u00e9 lo hago?, quiz\u00e1s por el hecho de que lo que me rodea, no me gusta, Espa\u00f1a cae por el precipicio, sabiendo que el golpe con la tierra, la dejar\u00e1 a trozos, de tal forma que salvarla puede ser un milagro, cosa que no creo, pues juntar cuesta mucho trabajo, despegarse es f\u00e1cil, junto con eso, los malditos marroqu\u00edes, que se les han subido los huevos ante la cobard\u00eda de los que una vez fuimos algo, ahora simples monos homosexuales que ahora s\u00ed se sabe porque tienen el culo colorado, los ingleses, homosexuales s\u00e1dicos, que la han tomado con Gibraltar, malditos hijos de putas ti\u00f1osas, salieron con el Brexit, \u00bfpor qu\u00e9 no se van a tomar porculo con ese rey que parece de segunda mano, y una reina, que es la madame de un oscuro y perdido puticlub de cartera, en el cual para el cerdo marroqu\u00ed, a que le arreglen las lunas traseras, cualquier peleador drogadicto en horas bajas?<\/p>\n\n\n\n<p>Y qu\u00e9 decir de Europa, lupanar puerco entre los m\u00e1s sucios, eso s\u00ed, donde los sobornos son m\u00e1s cuantiosos, donde los socios se comportan como lo que son, enemigos unos de otros, con agravios seculares que no se arreglar\u00e1n con la firma de unos papeles que se olvidaran cuando suenen los primeros disparos, \u00bfo alguien piensa en un feliz noviazgo entre los moritos de Turqu\u00eda, y los ortodoxos griegos?, eso unido a lo de Ucrania, con los laberinticos rusos, que les gusta m\u00e1s una encerrona que a una novia caliente.<\/p>\n\n\n\n<p>Rusos, chinos, ingleses, marroqu\u00edes, franceses, hemos olvidado a mil, por no hace m\u00e1s palabras, el caso es que no somos nada, y los espa\u00f1oles menos, pero quiz\u00e1s la soluci\u00f3n sea la de los locos, una de deficientes mentales, pero que funciona, fabriquemos en secreto bombas at\u00f3micas, podemos hacerlo y en cantidad, en secreto, y que un d\u00eda, cuanto menos se tarde, mejor, hagamos un pase\u00edto, el mismo d\u00eda de las fuerzas armadas, con los lanzadores que tenemos que son incre\u00edblemente buenos, con su cabeza nuclear, de las gordas, de las de matar bien, con su nombrecito, Marraquesh, otra Casablanca, la siguiente Oxford, la que continua, Londres, y as\u00ed hasta conmemorar las mil que tengamos, como diciendo, cuidado \u201csemos peligrosos\u201d, nos querr\u00e1n lo mismo, tan solo que desde ese momento lo que digan ser\u00e1 sincero, seremos los hijos de puta de los espa\u00f1oles, una gente malvada, que vive en la violencia, y si las cosas se ponen crudas, pong\u00e1mosles a los cohetes, nombres conocidos, Barcelona, Guip\u00fazcoa, Girona\u2026 salen muchos nombres, \u00bfno es cierto?, pero me da una sensaci\u00f3n de tranquilidad pensar en esas situaciones, pues seguro que estar\u00edamos m\u00e1s tranquilos, m\u00e1s sosegados, m\u00e1s conformes con nosotros mismos, \u00bfQu\u00e9 nos echan de Europa?, bien, m\u00e1s nombres, Berl\u00edn, Bruselas, y por supuesto, dedicado, Paris, Avi\u00f1\u00f3n, Marsella\u2026 que a gusto me estoy quedando.<\/p>\n\n\n\n<p>Se despide con su \u00faltima locura, su seguro servidor de nadie.<\/p>\n\n\n\n<p>Yo mismo.<\/p>\n","protected":false},"excerpt":{"rendered":"<p>Llevo unos d\u00edas sin pre\u00f1ar la pantalla del ordenador con mis locuras, que sirva para algo mi masculinidad olvidada, aunque sea solo para eso. Fuera las bromas, me muevo, me estoy moviendo en c\u00edrculos conc\u00e9ntricos, lo que significa en andaluz, galopando en una loseta, haciendo el imb\u00e9cil, seg\u00fan definici\u00f3n de mi padre, el cual no &hellip; <\/p>\n<p class=\"link-more\"><a href=\"https:\/\/pedrocasiano.es\/?page_id=5688\" class=\"more-link\">Leer m\u00e1s<span class=\"screen-reader-text\"> \u00abLlevo unos D\u00edas&#8230;\u00bb<\/span><\/a><\/p>\n","protected":false},"author":1,"featured_media":0,"parent":0,"menu_order":0,"comment_status":"closed","ping_status":"closed","template":"","meta":{"inspiro_hide_title":false,"footnotes":""},"class_list":["post-5688","page","type-page","status-publish","hentry"],"featured_media_urls":[],"_links":{"self":[{"href":"https:\/\/pedrocasiano.es\/index.php?rest_route=\/wp\/v2\/pages\/5688","targetHints":{"allow":["GET"]}}],"collection":[{"href":"https:\/\/pedrocasiano.es\/index.php?rest_route=\/wp\/v2\/pages"}],"about":[{"href":"https:\/\/pedrocasiano.es\/index.php?rest_route=\/wp\/v2\/types\/page"}],"author":[{"embeddable":true,"href":"https:\/\/pedrocasiano.es\/index.php?rest_route=\/wp\/v2\/users\/1"}],"replies":[{"embeddable":true,"href":"https:\/\/pedrocasiano.es\/index.php?rest_route=%2Fwp%2Fv2%2Fcomments&post=5688"}],"version-history":[{"count":1,"href":"https:\/\/pedrocasiano.es\/index.php?rest_route=\/wp\/v2\/pages\/5688\/revisions"}],"predecessor-version":[{"id":5690,"href":"https:\/\/pedrocasiano.es\/index.php?rest_route=\/wp\/v2\/pages\/5688\/revisions\/5690"}],"wp:attachment":[{"href":"https:\/\/pedrocasiano.es\/index.php?rest_route=%2Fwp%2Fv2%2Fmedia&parent=5688"}],"curies":[{"name":"wp","href":"https:\/\/api.w.org\/{rel}","templated":true}]}}