{"id":5685,"date":"2024-03-08T07:48:18","date_gmt":"2024-03-08T07:48:18","guid":{"rendered":"https:\/\/pedrocasiano.es\/?page_id=5685"},"modified":"2024-03-08T07:48:19","modified_gmt":"2024-03-08T07:48:19","slug":"hoy-he-ido-al-medico","status":"publish","type":"page","link":"https:\/\/pedrocasiano.es\/?page_id=5685","title":{"rendered":"Hoy he ido al M\u00e9dico"},"content":{"rendered":"\n<figure class=\"wp-block-image alignright size-full is-resized\"><img decoding=\"async\" width=\"800\" height=\"800\" data-src=\"https:\/\/pedrocasiano.es\/wp-content\/uploads\/2024\/03\/ai-generated-8578389_1920peque.jpg\" alt=\"\" class=\"wp-image-5686 lazyload\" style=\"--smush-placeholder-width: 800px; --smush-placeholder-aspect-ratio: 800\/800;width:397px;height:auto\" data-srcset=\"https:\/\/pedrocasiano.es\/wp-content\/uploads\/2024\/03\/ai-generated-8578389_1920peque.jpg 800w, https:\/\/pedrocasiano.es\/wp-content\/uploads\/2024\/03\/ai-generated-8578389_1920peque-300x300.jpg 300w, https:\/\/pedrocasiano.es\/wp-content\/uploads\/2024\/03\/ai-generated-8578389_1920peque-150x150.jpg 150w\" data-sizes=\"(max-width: 800px) 100vw, 800px\" src=\"data:image\/svg+xml;base64,PHN2ZyB3aWR0aD0iMSIgaGVpZ2h0PSIxIiB4bWxucz0iaHR0cDovL3d3dy53My5vcmcvMjAwMC9zdmciPjwvc3ZnPg==\" \/><\/figure>\n\n\n\n<p>Hoy he ido al m\u00e9dico, me he puesto un recordatorio en el frigor\u00edfico, en mi m\u00f3vil antediluviano, mis amigos que no llamar\u00e1 ninguno, tambi\u00e9n est\u00e1n avisados, \u00bfy por qu\u00e9?, porque llevo esperando va para el a\u00f1o, cuando entre ser\u00e1 el momento despu\u00e9s de trescientos setenta y ocho d\u00edas.<\/p>\n\n\n\n<p>Pero estoy contento, es un especialista, me duele el ojo, m\u00e1s o menos desde hace mil a\u00f1os, sin exagerar, el caso es que fui a urgencias y me dijeron que ten\u00eda una infecci\u00f3n, una mierda para ellos, que eso de ser hospital universitario, significa realmente que lo es, un sitio donde dejan que los que no tienen ni puta idea, hagan perrer\u00edas con los m\u00e1s abandonados de los pobrecitos confiados, que no creen que existan tanta maldad.<\/p>\n\n\n\n<p>Pues bien, sala de espera, putos veintisiete grados del Falconetti, y de la madre que lo pari\u00f3, tengo los cataplines que me lloran en los pantalones, pero espero, hay como dos millones de personas antes que yo, pero cualquiera se va, que llevo un ojo cerrado desde que me acuerdo, que me duele como si le pagaran por joder, \u00bfqu\u00e9 me voy a ir?, aqu\u00ed aguanto como un muerto en una mina.<\/p>\n\n\n\n<p>&nbsp;&nbsp;&nbsp;&nbsp;&nbsp;&nbsp;&nbsp;&nbsp;&nbsp;&nbsp;&nbsp;&nbsp;&nbsp; Algunos huelen a que no tienen cuarto de ba\u00f1o, o que se les ha pasado de fecha, son de los sobaco trabajado, los de entrepierna con una discapacidad, la de echarle agua, de los que le agarra lo que haya abajo, si se sientan con el potorro o la pichilla al aire, pero todo se aguanta, me va a ver un especialista, la hostia, que gusto, como si fuera de pago, pero miro a los que me rodean, si es para ricos lo que veo, quiero sr pobre, cuanto abandono, que no es culpa suya, lo s\u00e9, pero la bofetada en la boca, el aire que se mastica, tampoco hacen ganas de volver.<\/p>\n\n\n\n<p>Enfermera que sale con m\u00e1s mala cara que los pollos del Carrefour, -es usted, y dice mi nombre-, no es dif\u00edcil, de los de toda la vida, pero le cuesta, supongo que reci\u00e9n despertado a cualquiera le cuesta.<\/p>\n\n\n\n<p>M\u00e9dico agarrado, que ya ha hecho la mili o casi, gotitas, aparatos, espere, salga que haga efecto, diez minutos, media hora esperando con suerte, y como no te echan gotas\u2026, las cinco horas perdidas es con suerte, y aguantas lo que te echen que eres el le\u00f3n del ambulatorio, o m\u00e1s bien el tonto del especialista, me da igual, pero yo me quedo, ese ojo me lo arreglan o\u2026 me jodo, como llevo bastante tiempo.<\/p>\n\n\n\n<p>Todo arreglado, que el nota sabe, una enfermedad inglesa, con lo espa\u00f1ol que soy, me habr\u00e9 pegado a un extranjero sin haberme dado cuenta, un tratamiento, asegura con aplomo, de mucho tiempo, y por supuesto tres veces al d\u00eda unas gotas, y todo va a ir de puta madre, voy a ver hasta lo que no se puede ver, la alegr\u00eda me sale, ha merecido la pena la jodienda, la espera de mil a\u00f1os o m\u00e1s.<\/p>\n\n\n\n<p>-Le recuerdo que las gotas no se las puedo recetar por el seguro.<\/p>\n\n\n\n<p>Hostia, al final siempre te dicen que no arranca, que est\u00e1 bien, pero que no arranca.<\/p>\n\n\n\n<p>&#8211; \u00bfY son caras?, -pregunta que sale del miedo que me tiene encogidos los que me sudan, aunque solo en el sentido\u2026 me da igual.<\/p>\n\n\n\n<p>-No mucho, unos treinta euros.<\/p>\n\n\n\n<p>&#8211; \u00bfY cu\u00e1nto duran?<\/p>\n\n\n\n<p>-Una semana.<\/p>\n\n\n\n<p>Esos mismos huevos rebotan contra el suelo, hay cascarillas por todos lados, se me han roto sin remisi\u00f3n, aunque para lo que serv\u00edan\u2026<\/p>\n\n\n\n<p>Cuatro semanas por treinta, ciento veinte, cobro cuatrocientos veinte euros durante seis meses cada dos a\u00f1os\u2026pienso, no es que sea muy listo, pero con treinta euros me como un pu\u00f1ado de latas de at\u00fan, as\u00ed que al final pienso que con un ojo tambi\u00e9n se ve, para lo que hay, no merece la pena ni gastarlos.<\/p>\n\n\n\n<p>Y ahora me pregunto, \u00bfsigue la Seguridad Social o es un quedo?, no lo s\u00e9, se lo preguntar\u00e9 a los que son m\u00e1s listos que yo.<\/p>\n","protected":false},"excerpt":{"rendered":"<p>Hoy he ido al m\u00e9dico, me he puesto un recordatorio en el frigor\u00edfico, en mi m\u00f3vil antediluviano, mis amigos que no llamar\u00e1 ninguno, tambi\u00e9n est\u00e1n avisados, \u00bfy por qu\u00e9?, porque llevo esperando va para el a\u00f1o, cuando entre ser\u00e1 el momento despu\u00e9s de trescientos setenta y ocho d\u00edas. Pero estoy contento, es un especialista, me &hellip; <\/p>\n<p class=\"link-more\"><a href=\"https:\/\/pedrocasiano.es\/?page_id=5685\" class=\"more-link\">Leer m\u00e1s<span class=\"screen-reader-text\"> \u00abHoy he ido al M\u00e9dico\u00bb<\/span><\/a><\/p>\n","protected":false},"author":1,"featured_media":0,"parent":0,"menu_order":0,"comment_status":"closed","ping_status":"closed","template":"","meta":{"inspiro_hide_title":false,"footnotes":""},"class_list":["post-5685","page","type-page","status-publish","hentry"],"featured_media_urls":[],"_links":{"self":[{"href":"https:\/\/pedrocasiano.es\/index.php?rest_route=\/wp\/v2\/pages\/5685","targetHints":{"allow":["GET"]}}],"collection":[{"href":"https:\/\/pedrocasiano.es\/index.php?rest_route=\/wp\/v2\/pages"}],"about":[{"href":"https:\/\/pedrocasiano.es\/index.php?rest_route=\/wp\/v2\/types\/page"}],"author":[{"embeddable":true,"href":"https:\/\/pedrocasiano.es\/index.php?rest_route=\/wp\/v2\/users\/1"}],"replies":[{"embeddable":true,"href":"https:\/\/pedrocasiano.es\/index.php?rest_route=%2Fwp%2Fv2%2Fcomments&post=5685"}],"version-history":[{"count":1,"href":"https:\/\/pedrocasiano.es\/index.php?rest_route=\/wp\/v2\/pages\/5685\/revisions"}],"predecessor-version":[{"id":5687,"href":"https:\/\/pedrocasiano.es\/index.php?rest_route=\/wp\/v2\/pages\/5685\/revisions\/5687"}],"wp:attachment":[{"href":"https:\/\/pedrocasiano.es\/index.php?rest_route=%2Fwp%2Fv2%2Fmedia&parent=5685"}],"curies":[{"name":"wp","href":"https:\/\/api.w.org\/{rel}","templated":true}]}}