{"id":5682,"date":"2024-03-08T07:42:27","date_gmt":"2024-03-08T07:42:27","guid":{"rendered":"https:\/\/pedrocasiano.es\/?page_id=5682"},"modified":"2024-03-08T07:42:27","modified_gmt":"2024-03-08T07:42:27","slug":"la-delgada-linea-roja","status":"publish","type":"page","link":"https:\/\/pedrocasiano.es\/?page_id=5682","title":{"rendered":"La Delgada L\u00ednea Roja"},"content":{"rendered":"\n<figure class=\"wp-block-image alignleft size-full is-resized\"><img decoding=\"async\" width=\"640\" height=\"480\" data-src=\"https:\/\/pedrocasiano.es\/wp-content\/uploads\/2024\/03\/war-8562674.jpg\" alt=\"\" class=\"wp-image-5683 lazyload\" style=\"--smush-placeholder-width: 640px; --smush-placeholder-aspect-ratio: 640\/480;width:485px;height:auto\" src=\"data:image\/svg+xml;base64,PHN2ZyB3aWR0aD0iMSIgaGVpZ2h0PSIxIiB4bWxucz0iaHR0cDovL3d3dy53My5vcmcvMjAwMC9zdmciPjwvc3ZnPg==\" \/><\/figure>\n\n\n\n<p>El t\u00edtulo de una pel\u00edcula, que, por cierto, no me gust\u00f3, sirve hoy para encabezar lo que escribo, \u00bfa santo de qu\u00e9?, pues las tra\u00eddas y llevadas elecciones, las cuales, por primera vez en la vida, son definitorias.<\/p>\n\n\n\n<p>\u00bfQu\u00e9 quiero decir con eso?, pues que pueden significar, lo del chiste, est\u00e1bamos al borde de un precipicio, y hemos dado un paso hacia adelante, y solo falta explicarlo.<\/p>\n\n\n\n<p>Todos sabemos que estos tiempos en pol\u00edtica han sido extra\u00f1os, han gobernado seres que ten\u00edan que haber quedado en su sitio natural, las alcantarillas, escondidos entre los suyos, destilando el odio que les invade sus negros corazones, y no derram\u00e1ndolo en leyes est\u00fapidas, creadoras de confusi\u00f3n, de malos augurios, hablo de lo que la extrema izquierda ha sacado de sus mazmorras gracias al apoyo de ese personaje, que por desgracia pasar\u00e1 a la historia haciendo bueno hasta a Zapatero, que ya hay que ser penco para eso.<\/p>\n\n\n\n<p>Nuestro querido presidente, Falconetti, que le gusta el gasto por gastar, es algo como un psic\u00f3pata bien comido, persona a la que solo le llena el esp\u00edritu conseguir lo que quiere, que es eso, el m\u00e1ximo poder, hacer lo que le d\u00e9 la gana, tratando a todos los que le rodean, si, los cuarenta y tantos millones, como pedazos de carne, que solo le resultan \u00fatiles cuando necesita algo que no puede obtener de otra forma, l\u00e9ase, por ejemplo, las elecciones.<\/p>\n\n\n\n<p>Comentan que es un superviviente nato, tambi\u00e9n lo es la peste bub\u00f3nica, el c\u00e1ncer bien agarrado, y las enfermedades de transmisi\u00f3n sexual cuando la cepa es dura, pues si, este se\u00f1or, hace lo que sea, si, lo que sea, por continuar en el poder, vendi\u00e9ndolo todo para continuar inc\u00f3lume; si conseguimos echarlo, renacer\u00e1 en Europa, en la ONU, en cualquier lado, es como el sida, dif\u00edcil de curar por muchas medicinas que le metas.<\/p>\n\n\n\n<p>Pero dejemos el cazo y vayamos con la mopa, hablo de la Barbie destruida, de la vedette deformada, si, la que nos da todo lo que queramos, bonos, regalos, dinerito contante, si pudiera hasta\u2026, pero vayamos a lo serio, si esa, cogiera el poder, har\u00edamos buena a Corea del Norte, esa se\u00f1ora, o lo que sea, es quiz\u00e1s la mente m\u00e1s perversa que existe en el panorama pol\u00edtico, si no, \u00bfc\u00f3mo se ha cargado a la Montero?, bruja decimon\u00f3nica donde las haya, apoyada, mejor dicho ahombrada por Pablo el Opositor Renegado, el cual como un Maquiavelo de medio pelo, intenta llevar los hilos de unos mu\u00f1ecos ajados, a los que a estas alturas, el que haya querido, le ha visto el culo.<\/p>\n\n\n\n<p>Esta es la realidad, no quiero votar derechas, pero que dif\u00edcil me lo ponen, la izquierda juega a perpetuarse, a conseguir aquello de lo que una guerra le priv\u00f3, de la que han sacado los fantasmas para que les ayuden, de tal forma que las chekas, la opini\u00f3n \u00fanica, el miedo al vecino, la delaci\u00f3n, vuelva a ser el elemento esencial de nuestra vida.<\/p>\n\n\n\n<p>Por ello, al principio hablaba de la delgada l\u00ednea roja, que puede hacer que vayamos hacia un lugar del que nunca se podr\u00eda salir, hablo de esa, la forma menos mala de gobierno, la democracia, la cual, cuando el malo la maneja, desaparece\u2026mal asunto el que nos jugamos en unos d\u00edas.<\/p>\n","protected":false},"excerpt":{"rendered":"<p>El t\u00edtulo de una pel\u00edcula, que, por cierto, no me gust\u00f3, sirve hoy para encabezar lo que escribo, \u00bfa santo de qu\u00e9?, pues las tra\u00eddas y llevadas elecciones, las cuales, por primera vez en la vida, son definitorias. \u00bfQu\u00e9 quiero decir con eso?, pues que pueden significar, lo del chiste, est\u00e1bamos al borde de un &hellip; <\/p>\n<p class=\"link-more\"><a href=\"https:\/\/pedrocasiano.es\/?page_id=5682\" class=\"more-link\">Leer m\u00e1s<span class=\"screen-reader-text\"> \u00abLa Delgada L\u00ednea Roja\u00bb<\/span><\/a><\/p>\n","protected":false},"author":1,"featured_media":0,"parent":0,"menu_order":0,"comment_status":"closed","ping_status":"closed","template":"","meta":{"inspiro_hide_title":false,"footnotes":""},"class_list":["post-5682","page","type-page","status-publish","hentry"],"featured_media_urls":[],"_links":{"self":[{"href":"https:\/\/pedrocasiano.es\/index.php?rest_route=\/wp\/v2\/pages\/5682","targetHints":{"allow":["GET"]}}],"collection":[{"href":"https:\/\/pedrocasiano.es\/index.php?rest_route=\/wp\/v2\/pages"}],"about":[{"href":"https:\/\/pedrocasiano.es\/index.php?rest_route=\/wp\/v2\/types\/page"}],"author":[{"embeddable":true,"href":"https:\/\/pedrocasiano.es\/index.php?rest_route=\/wp\/v2\/users\/1"}],"replies":[{"embeddable":true,"href":"https:\/\/pedrocasiano.es\/index.php?rest_route=%2Fwp%2Fv2%2Fcomments&post=5682"}],"version-history":[{"count":1,"href":"https:\/\/pedrocasiano.es\/index.php?rest_route=\/wp\/v2\/pages\/5682\/revisions"}],"predecessor-version":[{"id":5684,"href":"https:\/\/pedrocasiano.es\/index.php?rest_route=\/wp\/v2\/pages\/5682\/revisions\/5684"}],"wp:attachment":[{"href":"https:\/\/pedrocasiano.es\/index.php?rest_route=%2Fwp%2Fv2%2Fmedia&parent=5682"}],"curies":[{"name":"wp","href":"https:\/\/api.w.org\/{rel}","templated":true}]}}