{"id":5673,"date":"2024-03-07T12:24:27","date_gmt":"2024-03-07T12:24:27","guid":{"rendered":"https:\/\/pedrocasiano.es\/?page_id=5673"},"modified":"2024-03-08T06:08:21","modified_gmt":"2024-03-08T06:08:21","slug":"la-liga-de-los-justos","status":"publish","type":"page","link":"https:\/\/pedrocasiano.es\/?page_id=5673","title":{"rendered":"La Liga de los Justos"},"content":{"rendered":"\n<figure class=\"wp-block-image alignleft size-full is-resized\"><img decoding=\"async\" width=\"800\" height=\"730\" data-src=\"https:\/\/pedrocasiano.es\/wp-content\/uploads\/2024\/03\/woman-8569694cortadapeque.jpg\" alt=\"\" class=\"wp-image-5676 lazyload\" style=\"--smush-placeholder-width: 800px; --smush-placeholder-aspect-ratio: 800\/730;width:488px;height:auto\" src=\"data:image\/svg+xml;base64,PHN2ZyB3aWR0aD0iMSIgaGVpZ2h0PSIxIiB4bWxucz0iaHR0cDovL3d3dy53My5vcmcvMjAwMC9zdmciPjwvc3ZnPg==\" \/><\/figure>\n\n\n\n<p>La Liga de los Justos<\/p>\n\n\n\n<p>-Buenos d\u00edas.<\/p>\n\n\n\n<p>Alfredo mira a la persona que le ha hablado, llevaba un d\u00eda de los de matar de trabajo, y como buen funcionario, al\u00e9rgico al mismo, sudaba hasta por sitios que no conoc\u00eda.<\/p>\n\n\n\n<p>Alto, gordo, con una barba que le llegaba hasta el cintur\u00f3n, que no se pod\u00eda ver, por lo dem\u00e1s, afeitada la cabeza, ojos de bien ca\u00eddos, mirada de animal de presa, con sus buenos redondeles de cansancio, de maldad, o de obesidad, y pens\u00f3 que a \u00e9l que m\u00e1s le daba, pero hoy especialmente, el gordo, ahora, la madre que lo pari\u00f3.<\/p>\n\n\n\n<p>-Buenos d\u00edas, \u00bfque deseaba?<\/p>\n\n\n\n<p>-Quer\u00eda registrar un partido pol\u00edtico nuevo.<\/p>\n\n\n\n<p>-Perfecto, pero sabe que tiene que darme una somera descripci\u00f3n del mismo, verbalmente, que adem\u00e1s concuerde con la documentaci\u00f3n, mi sola valoraci\u00f3n, puede hacer que sea registrado o que sea m\u00e1s que registrado, investigado, \u00bfconoce este cambio legal?<\/p>\n\n\n\n<p>-Por supuesto, -aparece una sonrisa debajo del nido de piojos que es la asquerosa barba, enredada, con canutillos que parece rastas, pero de mierda-, le entregamos las firmas, y lo dem\u00e1s, y ahora paso a comunicarle verbalmente, lo m\u00e1s somera y acertadamente que pueda los principios de mi partido.<\/p>\n\n\n\n<p>-Perfecto, -Alfredo mira con cansancio los montones de papeles que le van colocando sobre la mesa, y ve como traen carrillos con m\u00e1s, menos mal que sus secretarios van retir\u00e1ndolos al mismo ritmo, en otro caso ser\u00eda una locura.<\/p>\n\n\n\n<p>-Ya hemos terminado, -afirma el de las barbas, como si lo que hubiera hecho fuera digno de encomio.<\/p>\n\n\n\n<p>-Puede comenzar con la descripci\u00f3n de los principios y basamentos de su nuevo partido, y para empezar, \u00bfc\u00f3mo se llama?<\/p>\n\n\n\n<p>-La Liga de los Justos.<\/p>\n\n\n\n<p>-Interesante, contin\u00fae.<\/p>\n\n\n\n<p>&#8211; Mi partido tiene como finalidad, la consecuci\u00f3n de los objetivos de igualdad y libertad de aquellos que nos voten.<\/p>\n\n\n\n<p>&#8211; \u00bfY el resto?<\/p>\n\n\n\n<p>-Tambi\u00e9n, tambi\u00e9n, -la barba se mueve, como si hubiera sido una broma.<\/p>\n\n\n\n<p>-Aparte, se consolidar\u00e1 la implantaci\u00f3n de nuestro partido a nivel nacional.<\/p>\n\n\n\n<p>-L\u00f3gico, as\u00ed son todos.<\/p>\n\n\n\n<p>-Pero, con la exclusi\u00f3n de los dem\u00e1s.<\/p>\n\n\n\n<p>-Es lo normal, no entiendo\u2026<\/p>\n\n\n\n<p>-Que intentaremos que los dem\u00e1s partidos desaparezcan.<\/p>\n\n\n\n<p>&#8211; \u00bfComo?<\/p>\n\n\n\n<p>-Implantaremos un sistema educacional que incida en nuestros principios, comenzando desde la m\u00e1s tierna infancia, para que entronque en el alma de nuevos adeptos que luchen por la fe.<\/p>\n\n\n\n<p>&#8211; \u00bfFe?<\/p>\n\n\n\n<p>&#8211; \u00bfFe?, perdone, he querido decir por nuestros principios.<\/p>\n\n\n\n<p>-De acuerdo, si, lo entiendo, pero, \u00bfen que adoctrinar\u00edan a estos menores?<\/p>\n\n\n\n<p>-Un nuevo tipo de justicia basada en la propia concepci\u00f3n de la misma basada en la doctrina de nuestros mayores.<\/p>\n\n\n\n<p>&#8211; \u00bfEliminar\u00edan la actual?<\/p>\n\n\n\n<p>-S\u00ed, completamente.<\/p>\n\n\n\n<p>&#8211; \u00bfY cu\u00e1les ser\u00edan los castigos?<\/p>\n\n\n\n<p>-Siempre f\u00edsicos, es lo \u00fanico que entienden los transgresores.<\/p>\n\n\n\n<p>&#8211; \u00bfY la reinserci\u00f3n?<\/p>\n\n\n\n<p>-No es posible, el que nace mal, termina peor.<\/p>\n\n\n\n<p>Alfredo lo mira de lado, \u00bfes una c\u00e1mara de las de un programa, o una de bromas?, que locura, sonr\u00ede.<\/p>\n\n\n\n<p>&#8211; \u00bfY el papel de la mujer?<\/p>\n\n\n\n<p>-Por supuesto, importante, el marido ser\u00e1 el que la represente, o su hermano, o su padre\u2026<\/p>\n\n\n\n<p>-Y la mujer sola\u2026.<\/p>\n\n\n\n<p>-Ese es el fallo de ahora, est\u00e1n desprotegidas, los hombres, todos quieren lo mismo, deben de salir acompa\u00f1adas, cubiertas, y estar destinadas a servir al hombre, por supuesto, ser satisfechas sexualmente por su marido, al que llegar\u00e1n v\u00edrgenes, incluso podr\u00e1n ser varias, para que se hagan compa\u00f1\u00eda, y para asegurar que no tienen maldad en el alma, a partir de los ocho a\u00f1os, podr\u00e1n ser dadas en matrimonio, con los deberes maritales que conlleva, me refiero, -sonr\u00ede con picard\u00eda entre la sucia barba-, al sexo.<\/p>\n\n\n\n<p>-Espere, espere\u2026 \u00bfqu\u00e9 valores tendr\u00eda una mujer seg\u00fan su partido?<\/p>\n\n\n\n<p>-Ninguno, ser\u00eda el complemento ideal de su marido, no estudiar\u00eda, con lo que el estado tendr\u00eda menos gastos, y m\u00e1s plazas en las facultades, imagine, todo lleno de m\u00e9dicos varones, que sirven para todo, sin problemas de d\u00edas malos, -sonr\u00ede-, adem\u00e1s m\u00e1s polic\u00edas varones, soldados, una sociedad perfecta.<\/p>\n\n\n\n<p>-Pero, \u00bfpara que quedar\u00edan?<\/p>\n\n\n\n<p>-Para lo m\u00e1s sublime, ser fecundadas por sus maridos para la mayor grandeza del pa\u00eds, m\u00e1s hijos, m\u00e1s poder, cuidar de ellos, olvides de caras guarder\u00edas, madres perfectas, que se ocultan orgullosas detr\u00e1s de sus velos.<\/p>\n\n\n\n<p>&#8211; \u00bfVelos?, \u00bfqu\u00e9 quiere decir?<\/p>\n\n\n\n<p>-La cara de la mujer, su cuerpo, son ofensas que solo consiguen que el hombre se convierta en un aliado de sat\u00e1n, si nada ve, se contendr\u00e1 mejor.<\/p>\n\n\n\n<p>-Ya solo me falta que las vendieran.<\/p>\n\n\n\n<p>-No, solo cuando se dan en matrimonio, la dote, siempre es importante.<\/p>\n\n\n\n<p>&#8211; \u00bfY las mujeres que pueden decir?<\/p>\n\n\n\n<p>-Nada, su misi\u00f3n en esta vida, es seguir en silencio la senda, magn\u00edfica, que su esposo decida.<\/p>\n\n\n\n<p>-Joder, como est\u00e1 el patio.<\/p>\n\n\n\n<p>&#8211; \u00bfQue quiere decir?<\/p>\n\n\n\n<p>-Nada, nada, contin\u00fae, por favor.<\/p>\n\n\n\n<p>-Homosexuales reeducados, es una enfermedad, la reincidencia, una muerte justificada por dios que no quiere saber de desviaciones.<\/p>\n\n\n\n<p>-Co\u00f1o, \u00bfque los matan?<\/p>\n\n\n\n<p>-S\u00ed, pero para redimirlos.<\/p>\n\n\n\n<p>-Al que maten le dar\u00e1 igual.<\/p>\n\n\n\n<p>-Pero ejemplificara el camino de los dem\u00e1s.<\/p>\n\n\n\n<p>-Me estoy perdiendo, \u00bfcu\u00e1l es el final de su partido?, y concretamos, que la cabeza me va a estallar.<\/p>\n\n\n\n<p>-Llegar al poder, eliminar la democracia y establecer una rep\u00fablica con nuestras leyes, -sonrisa amplia a pesar de la mugre de la barba.<\/p>\n\n\n\n<p>&#8211; \u00bfQuiere decir, que cosifican a la mujer, implementar\u00e1n castigos f\u00edsicos, eliminar\u00e1n a homosexuales y gente que se desv\u00ede de lo que piensen, y el final a conseguir es la eliminaci\u00f3n de la democracia, y la implementaci\u00f3n de una rep\u00fablica que aplique efectivamente lo que acabo de decir?<\/p>\n\n\n\n<p>-Magn\u00edfico resumen, tendr\u00eda que estar en nuestro partido.<\/p>\n\n\n\n<p>-Malditos puercos, asesinos, salvajes, violadores, malditos se\u00e1is, P\u00e9rez, -grita Alfredo mientras llama al jefe de seguridad.<\/p>\n\n\n\n<p>Este acude al momento, mira con asombro que es lo que sucede, el se\u00f1or secretario nunca pierde la compostura, mira a los cuatro individuos que tiene enfrente.<\/p>\n\n\n\n<p>-Se\u00f1or secretario, \u00bfqu\u00e9 le sucede, en que le podemos ayudar?<\/p>\n\n\n\n<p>-Detenga a estos puercos, carro\u00f1eros, pedazos de mierda, malditos se\u00e1is.<\/p>\n\n\n\n<p>Uno de los hombres se acerca a P\u00e9rez, le pega la cara al o\u00eddo, le susurra algo, la cara del jefe de seguridad cambia, mira con temor al secretario.<\/p>\n\n\n\n<p>Se acerca a la mesa de Alfredo, susurra con miedo.<\/p>\n\n\n\n<p>-Se\u00f1or\u00eda, que son de car\u00e1cter religioso, un partido religioso.<\/p>\n\n\n\n<p>-Hostia, -es lo que responde Alfredo-, he metido la gamba.<\/p>\n\n\n\n<p>-Eso me temo.<\/p>\n\n\n\n<p>-Pero, no hab\u00edan dicho nada.<\/p>\n\n\n\n<p>-Son as\u00ed, \u00bfqu\u00e9 quiere que le diga?<\/p>\n\n\n\n<p>El jefe de seguridad se retira a una prudencial distancia, no tocar\u00eda a los cuatro ni con un palo de tres metros.<\/p>\n\n\n\n<p>-No pasa nada, disculpen, -sonr\u00ede Alfredo, o lo intenta, sabe que tiene el puesto en equilibrio inestable-, me acaba de comunicar mi jefe de seguridad que es un partido religioso, \u00bfes eso cierto?<\/p>\n\n\n\n<p>El de las barbas sonr\u00ede, la mugrienta barba se mueve.<\/p>\n\n\n\n<p>-S\u00ed, \u00bfno lo hab\u00eda imaginado?<\/p>\n\n\n\n<p>-No, es que as\u00ed, dicho en separado, pues\u2026<\/p>\n\n\n\n<p>&#8211; \u00bfPues qu\u00e9?, -grita ofendido el barbudo.<\/p>\n\n\n\n<p>-Nada, nada, por m\u00ed es favorable la inscripci\u00f3n en el Registro de Nuevos Partidos.<\/p>\n\n\n\n<p>-No esperaba menos, pero ha estado a punto de \u2026<\/p>\n\n\n\n<p>-Lo s\u00e9, lo s\u00e9, no debo de\u2026<\/p>\n\n\n\n<p>-Efectivamente, la religi\u00f3n, ya sabe, el respeto absoluto, no es una b\u00fasqueda de nada, es un dogma de fe, que debe de cuidarse, sobre todo.<\/p>\n\n\n\n<p>-S\u00ed, lo s\u00e9, -Alfredo firma, le da el papel-, ya est\u00e1n inscritos.<\/p>\n\n\n\n<p>Mira c\u00f3mo se marchan, se sienta, suspira, P\u00e9rez se acerca.<\/p>\n\n\n\n<p>-Se\u00f1or\u00eda, \u00bfa d\u00f3nde hemos llegado?<\/p>\n\n\n\n<p>-No P\u00e9rez, esto no es nada, lo que acabo de firmar ayudar\u00e1 a que lleguen a un lugar que no podemos ni imaginarnos, si tienes hijas, cuando veas que se acercan al poder, iros, yo ya las tengo fuera.<\/p>\n\n\n\n<p>-Joder, Don Alfredo, no me asuste.<\/p>\n\n\n\n<p>-No, haz como el resto, sigue comi\u00e9ndote la mierda, que es incomible, y al final, ya sabes\u2026<\/p>\n\n\n\n<p>P\u00e9rez mira a los que se va, suspira, y piensa en cuanto le queda en el banco para mandar a sus hijas fuera, y sonr\u00ede, pensando que ven\u00edan de otros pa\u00edses, en barcas, de cualquier manera, ahora, gracias a ellos, \u00e9l se marchar\u00e1 de su pa\u00eds, y \u00e9l tiene suerte, la que no tendr\u00e1 los que se queden, pero a \u00e9l\u2026<\/p>\n\n\n\n<p>Cualquier parecido con la realidad\u2026eso, eso, que se me va la cabeza, es mentira\u2026<\/p>\n","protected":false},"excerpt":{"rendered":"<p>La Liga de los Justos -Buenos d\u00edas. Alfredo mira a la persona que le ha hablado, llevaba un d\u00eda de los de matar de trabajo, y como buen funcionario, al\u00e9rgico al mismo, sudaba hasta por sitios que no conoc\u00eda. Alto, gordo, con una barba que le llegaba hasta el cintur\u00f3n, que no se pod\u00eda ver, &hellip; <\/p>\n<p class=\"link-more\"><a href=\"https:\/\/pedrocasiano.es\/?page_id=5673\" class=\"more-link\">Leer m\u00e1s<span class=\"screen-reader-text\"> \u00abLa Liga de los Justos\u00bb<\/span><\/a><\/p>\n","protected":false},"author":1,"featured_media":0,"parent":0,"menu_order":0,"comment_status":"closed","ping_status":"closed","template":"","meta":{"inspiro_hide_title":false,"footnotes":""},"class_list":["post-5673","page","type-page","status-publish","hentry"],"featured_media_urls":[],"_links":{"self":[{"href":"https:\/\/pedrocasiano.es\/index.php?rest_route=\/wp\/v2\/pages\/5673","targetHints":{"allow":["GET"]}}],"collection":[{"href":"https:\/\/pedrocasiano.es\/index.php?rest_route=\/wp\/v2\/pages"}],"about":[{"href":"https:\/\/pedrocasiano.es\/index.php?rest_route=\/wp\/v2\/types\/page"}],"author":[{"embeddable":true,"href":"https:\/\/pedrocasiano.es\/index.php?rest_route=\/wp\/v2\/users\/1"}],"replies":[{"embeddable":true,"href":"https:\/\/pedrocasiano.es\/index.php?rest_route=%2Fwp%2Fv2%2Fcomments&post=5673"}],"version-history":[{"count":4,"href":"https:\/\/pedrocasiano.es\/index.php?rest_route=\/wp\/v2\/pages\/5673\/revisions"}],"predecessor-version":[{"id":5681,"href":"https:\/\/pedrocasiano.es\/index.php?rest_route=\/wp\/v2\/pages\/5673\/revisions\/5681"}],"wp:attachment":[{"href":"https:\/\/pedrocasiano.es\/index.php?rest_route=%2Fwp%2Fv2%2Fmedia&parent=5673"}],"curies":[{"name":"wp","href":"https:\/\/api.w.org\/{rel}","templated":true}]}}