{"id":5669,"date":"2024-03-07T09:16:10","date_gmt":"2024-03-07T09:16:10","guid":{"rendered":"https:\/\/pedrocasiano.es\/?page_id=5669"},"modified":"2024-03-07T09:16:11","modified_gmt":"2024-03-07T09:16:11","slug":"un-dia-mas","status":"publish","type":"page","link":"https:\/\/pedrocasiano.es\/?page_id=5669","title":{"rendered":"Un D\u00eda M\u00e1s"},"content":{"rendered":"\n<figure class=\"wp-block-image alignleft size-full is-resized\"><img decoding=\"async\" width=\"800\" height=\"448\" data-src=\"https:\/\/pedrocasiano.es\/wp-content\/uploads\/2024\/03\/ai-generated-8309016.jpg\" alt=\"\" class=\"wp-image-5670 lazyload\" style=\"--smush-placeholder-width: 800px; --smush-placeholder-aspect-ratio: 800\/448;width:575px;height:auto\" src=\"data:image\/svg+xml;base64,PHN2ZyB3aWR0aD0iMSIgaGVpZ2h0PSIxIiB4bWxucz0iaHR0cDovL3d3dy53My5vcmcvMjAwMC9zdmciPjwvc3ZnPg==\" \/><\/figure>\n\n\n\n<p>Hoy es jueves, o eso creo, no es importante, solo lo es, la cercan\u00eda al viernes por la tarde, el lugar com\u00fan de la satisfacci\u00f3n de cualquier trabajador.<\/p>\n\n\n\n<p>Pero todo est\u00e1 cambiando, algo sucede, los viernes por la tarde est\u00e1n desapareciendo, incluso los s\u00e1bados quieren hacerse medida com\u00fan en el horario de cualquier currito, ri\u00e9ndose de lo de la jornada de treinta horas, perfecto, por un lado, pero por el otro, es subir una proporci\u00f3n enorme el costo del trabajo, cuando al lado, l\u00e9ase el pa\u00eds de los masocas, te ofrecen la hora de trabajo a precio de perro apaleado, quiz\u00e1s sea duro, pero no por ello menos cierto.<\/p>\n\n\n\n<p>Nuestros amables vecinos, en el norte, los que piensan que somos m\u00e1s que europeos, africanos, por muchas patadas en la boca que les hayamos dado, nos ignoran, pero m\u00e1s deprecio tenemos nosotros hacia ellos, que como dec\u00eda alguien que conoc\u00eda, \u201clo \u00fanico bueno que tienen los franceses, es que no son ingleses\u201d, ah\u00ed queda eso.<\/p>\n\n\n\n<p>En cuanto a los del sur\u2026, apaga y v\u00e1monos, no es que vengan a por nosotros, es que nos est\u00e1n intentando joder por cualquier lado; si, ya sabemos que las pr\u00e1cticas sexuales all\u00ed dejan mucho que desear, pero que le den a otros, por lo menos, ante la inacci\u00f3n del gobierno, si es que lo es, los militares se han ido a las islas de all\u00ed, y a Ceuta\u2026 y a Melilla, incluso a las islas, que lo quieren todo\u2026 si los dejamos, mejor recomendarles esos juegos sexuales con nuestros vecinos del norte, m\u00e1s atentos a esas pr\u00e1cticas, tan extra\u00f1as para nosotros.<\/p>\n\n\n\n<p>\u00bfY qu\u00e9 m\u00e1s?, ahhhh, si, lo del gobierno, lo que me hace no ver los informativos, lo que me hace querer no pensar en ello, pues me quita el sue\u00f1o, y me recuerda, lecci\u00f3n aprendida, que los pueblos que no conocen su historia, est\u00e1n destinados a repetirla, y la nuestra, lejos de la pandereta y el bailecito decimon\u00f3nico, es la de los asaltos a manu militari, la de las sacas, las checas y los pase\u00edllos\u2026vaya tradici\u00f3n la que tenemos\u2026 que no pase nada, madrecita, madrecita, que nos quedemos como estamos.<\/p>\n\n\n\n<p>En cuanto a lo dem\u00e1s\u2026 \u00bfQu\u00e9 decir?, todo est\u00e1 bien, y repitamos al gobierno, y cre\u00e1monoslo como se lo cree el propio gobierno, porque lo de que Espa\u00f1a es como un enorme globo que se est\u00e1 llevando a unas presiones que har\u00e1n que explote, son elucubraciones de una mente calenturienta como la m\u00eda, as\u00ed que alegr\u00eda, parabienes a nuestros vecinos del norte, y agradecimiento a los intentos de violaci\u00f3n de los del sur, que al final, quiz\u00e1 es que nos gusta.<\/p>\n\n\n\n<p>P.D. Nunca me hubiera imaginado, que dios me perdone, que Espa\u00f1a llegar\u00eda a estar como est\u00e1, pero ya lo dec\u00edan, \u201cCada pueblo tiene el Gobierno que se merece\u201d. Que no nos pase nada.<\/p>\n\n\n\n<p>Si alguno, como siempre, relata que este escrito no tiene que ver con C\u00f3rdoba, le remito a Google Maps, el cual le expondr\u00e1 en im\u00e1genes, donde est\u00e1 la ciudad de la que hablamos.<\/p>\n","protected":false},"excerpt":{"rendered":"<p>Hoy es jueves, o eso creo, no es importante, solo lo es, la cercan\u00eda al viernes por la tarde, el lugar com\u00fan de la satisfacci\u00f3n de cualquier trabajador. Pero todo est\u00e1 cambiando, algo sucede, los viernes por la tarde est\u00e1n desapareciendo, incluso los s\u00e1bados quieren hacerse medida com\u00fan en el horario de cualquier currito, ri\u00e9ndose &hellip; <\/p>\n<p class=\"link-more\"><a href=\"https:\/\/pedrocasiano.es\/?page_id=5669\" class=\"more-link\">Leer m\u00e1s<span class=\"screen-reader-text\"> \u00abUn D\u00eda M\u00e1s\u00bb<\/span><\/a><\/p>\n","protected":false},"author":1,"featured_media":0,"parent":0,"menu_order":0,"comment_status":"closed","ping_status":"closed","template":"","meta":{"inspiro_hide_title":false,"footnotes":""},"class_list":["post-5669","page","type-page","status-publish","hentry"],"featured_media_urls":[],"_links":{"self":[{"href":"https:\/\/pedrocasiano.es\/index.php?rest_route=\/wp\/v2\/pages\/5669","targetHints":{"allow":["GET"]}}],"collection":[{"href":"https:\/\/pedrocasiano.es\/index.php?rest_route=\/wp\/v2\/pages"}],"about":[{"href":"https:\/\/pedrocasiano.es\/index.php?rest_route=\/wp\/v2\/types\/page"}],"author":[{"embeddable":true,"href":"https:\/\/pedrocasiano.es\/index.php?rest_route=\/wp\/v2\/users\/1"}],"replies":[{"embeddable":true,"href":"https:\/\/pedrocasiano.es\/index.php?rest_route=%2Fwp%2Fv2%2Fcomments&post=5669"}],"version-history":[{"count":1,"href":"https:\/\/pedrocasiano.es\/index.php?rest_route=\/wp\/v2\/pages\/5669\/revisions"}],"predecessor-version":[{"id":5671,"href":"https:\/\/pedrocasiano.es\/index.php?rest_route=\/wp\/v2\/pages\/5669\/revisions\/5671"}],"wp:attachment":[{"href":"https:\/\/pedrocasiano.es\/index.php?rest_route=%2Fwp%2Fv2%2Fmedia&parent=5669"}],"curies":[{"name":"wp","href":"https:\/\/api.w.org\/{rel}","templated":true}]}}