{"id":5640,"date":"2024-03-05T10:04:50","date_gmt":"2024-03-05T10:04:50","guid":{"rendered":"https:\/\/pedrocasiano.es\/?page_id=5640"},"modified":"2026-04-02T10:25:45","modified_gmt":"2026-04-02T08:25:45","slug":"politicos-primera-parte","status":"publish","type":"page","link":"https:\/\/pedrocasiano.es\/?page_id=5640","title":{"rendered":"Pol\u00edticos. Primera Parte"},"content":{"rendered":"\n<div class=\"wp-block-cover alignfull\" style=\"min-height:721px;aspect-ratio:unset;\"><img decoding=\"async\" width=\"1024\" height=\"512\" class=\"wp-block-cover__image-background wp-image-5646 lazyload\" alt=\"\" data-src=\"https:\/\/pedrocasiano.es\/wp-content\/uploads\/2024\/03\/ai-generated-8571834_1920pequegirado.jpg\" data-object-fit=\"cover\" src=\"data:image\/svg+xml;base64,PHN2ZyB3aWR0aD0iMSIgaGVpZ2h0PSIxIiB4bWxucz0iaHR0cDovL3d3dy53My5vcmcvMjAwMC9zdmciPjwvc3ZnPg==\" style=\"--smush-placeholder-width: 1024px; --smush-placeholder-aspect-ratio: 1024\/512;\" \/><span aria-hidden=\"true\" class=\"wp-block-cover__background has-background-dim\"><\/span><div class=\"wp-block-cover__inner-container has-global-padding is-layout-constrained wp-block-cover-is-layout-constrained\">\n<ul class=\"wp-block-list\">\n<li><a href=\"https:\/\/pedrocasiano.es\/?p=1419\" target=\"_blank\" rel=\"noreferrer noopener\">Hoy, d\u00eda de Elecciones<\/a><\/li>\n\n\n\n<li><a href=\"https:\/\/pedrocasiano.es\/?p=1452\" target=\"_blank\" rel=\"noreferrer noopener\">Incumplimiento de Contrato<\/a><\/li>\n\n\n\n<li><a href=\"https:\/\/pedrocasiano.es\/?p=1455\" target=\"_blank\" rel=\"noreferrer noopener\">El Laberinto Sin Soluci\u00f3n<\/a><\/li>\n\n\n\n<li><a href=\"https:\/\/pedrocasiano.es\/?page_id=1540\">Inimic<\/a><a href=\"https:\/\/pedrocasiano.es\/?page_id=1540\" target=\"_blank\" rel=\"noreferrer noopener\">us Ante Portas<\/a><\/li>\n\n\n\n<li><a href=\"https:\/\/pedrocasiano.es\/?page_id=1544\" target=\"_blank\" rel=\"noreferrer noopener\">Hoy Sentado Tranquilamente en mi Sof\u00e1<\/a><\/li>\n\n\n\n<li><a href=\"https:\/\/pedrocasiano.es\/?page_id=1557\" target=\"_blank\" rel=\"noreferrer noopener\">La Locura del Mundo<\/a><\/li>\n\n\n\n<li><a href=\"https:\/\/pedrocasiano.es\/?page_id=2204\" target=\"_blank\" rel=\"noreferrer noopener\">El \u00daltimo Jinete del Apocalipsis<\/a><\/li>\n\n\n\n<li><a href=\"https:\/\/pedrocasiano.es\/?page_id=2208\" target=\"_blank\" rel=\"noreferrer noopener\">La Cuesti\u00f3n Catalana<\/a><\/li>\n\n\n\n<li><a href=\"https:\/\/pedrocasiano.es\/?page_id=2220\" target=\"_blank\" rel=\"noreferrer noopener\">Los Caminos Sin Retorno<\/a><\/li>\n\n\n\n<li><a href=\"https:\/\/pedrocasiano.es\/?page_id=2227\" target=\"_blank\" rel=\"noreferrer noopener\">V\u00e1monos<\/a><\/li>\n\n\n\n<li><a href=\"https:\/\/pedrocasiano.es\/?page_id=2239\" target=\"_blank\" rel=\"noreferrer noopener\">Hoy es el d\u00eda de la Constituci\u00f3n<\/a><\/li>\n\n\n\n<li><a href=\"https:\/\/pedrocasiano.es\/?page_id=2299\" target=\"_blank\" rel=\"noreferrer noopener\">Putas Elecciones (2018)<\/a><\/li>\n\n\n\n<li><a href=\"https:\/\/pedrocasiano.es\/?page_id=2212\" target=\"_blank\" rel=\"noreferrer noopener\">Aberraciones<\/a><\/li>\n<\/ul>\n\n\n\n<p><strong>Todos los Derechos Reservados<\/strong><\/p>\n\n\n\n<p class=\"has-text-align-center\"><strong>\u201cEstas novelas, publicaciones y dem\u00e1s, son obras de ficci\u00f3n. Los nombres, personajes, lugares e incidentes son producto de la imaginaci\u00f3n del autor o son utilizados de manera ficticia. Cualquier parecido con personas, vivas o muertas, o sucesos reales es pura coincidencia.\u201d<\/strong><\/p>\n<\/div><\/div>\n","protected":false},"excerpt":{"rendered":"","protected":false},"author":1,"featured_media":0,"parent":0,"menu_order":0,"comment_status":"closed","ping_status":"closed","template":"","meta":{"inspiro_hide_title":false,"footnotes":""},"class_list":["post-5640","page","type-page","status-publish","hentry"],"featured_media_urls":[],"_links":{"self":[{"href":"https:\/\/pedrocasiano.es\/index.php?rest_route=\/wp\/v2\/pages\/5640","targetHints":{"allow":["GET"]}}],"collection":[{"href":"https:\/\/pedrocasiano.es\/index.php?rest_route=\/wp\/v2\/pages"}],"about":[{"href":"https:\/\/pedrocasiano.es\/index.php?rest_route=\/wp\/v2\/types\/page"}],"author":[{"embeddable":true,"href":"https:\/\/pedrocasiano.es\/index.php?rest_route=\/wp\/v2\/users\/1"}],"replies":[{"embeddable":true,"href":"https:\/\/pedrocasiano.es\/index.php?rest_route=%2Fwp%2Fv2%2Fcomments&post=5640"}],"version-history":[{"count":6,"href":"https:\/\/pedrocasiano.es\/index.php?rest_route=\/wp\/v2\/pages\/5640\/revisions"}],"predecessor-version":[{"id":16645,"href":"https:\/\/pedrocasiano.es\/index.php?rest_route=\/wp\/v2\/pages\/5640\/revisions\/16645"}],"wp:attachment":[{"href":"https:\/\/pedrocasiano.es\/index.php?rest_route=%2Fwp%2Fv2%2Fmedia&parent=5640"}],"curies":[{"name":"wp","href":"https:\/\/api.w.org\/{rel}","templated":true}]}}