{"id":5622,"date":"2024-03-05T09:18:50","date_gmt":"2024-03-05T09:18:50","guid":{"rendered":"https:\/\/pedrocasiano.es\/?page_id=5622"},"modified":"2026-04-02T10:24:07","modified_gmt":"2026-04-02T08:24:07","slug":"suenos-primera-parte","status":"publish","type":"page","link":"https:\/\/pedrocasiano.es\/?page_id=5622","title":{"rendered":"Sue\u00f1os. Primera Parte"},"content":{"rendered":"\n<div class=\"wp-block-cover alignfull has-custom-content-position is-position-top-left\" style=\"min-height:554px;aspect-ratio:unset;\"><img decoding=\"async\" width=\"1024\" height=\"637\" class=\"wp-block-cover__image-background wp-image-5625 lazyload\" alt=\"\" data-src=\"https:\/\/pedrocasiano.es\/wp-content\/uploads\/2024\/03\/woman-8390117_1920recortadapeque.jpg\" data-object-fit=\"cover\" src=\"data:image\/svg+xml;base64,PHN2ZyB3aWR0aD0iMSIgaGVpZ2h0PSIxIiB4bWxucz0iaHR0cDovL3d3dy53My5vcmcvMjAwMC9zdmciPjwvc3ZnPg==\" style=\"--smush-placeholder-width: 1024px; --smush-placeholder-aspect-ratio: 1024\/637;\" \/><span aria-hidden=\"true\" class=\"wp-block-cover__background has-background-dim\"><\/span><div class=\"wp-block-cover__inner-container has-global-padding is-layout-constrained wp-block-cover-is-layout-constrained\">\n<ul class=\"wp-block-list\">\n<li><a href=\"https:\/\/pedrocasiano.es\/?page_id=2122\" target=\"_blank\" rel=\"noreferrer noopener\">Los D\u00edas, Pasan, Irremediables<\/a><\/li>\n\n\n\n<li><a href=\"https:\/\/pedrocasiano.es\/?page_id=2125\" target=\"_blank\" rel=\"noreferrer noopener\">Quiero Morir en una Isla\u2026<\/a><\/li>\n\n\n\n<li><a href=\"https:\/\/pedrocasiano.es\/?page_id=2129\" target=\"_blank\" rel=\"noreferrer noopener\">Sue\u00f1as con Sirenas<\/a><\/li>\n\n\n\n<li><a href=\"https:\/\/pedrocasiano.es\/?page_id=4347\" target=\"_blank\" rel=\"noreferrer noopener\">Brilla Bailarina<\/a><\/li>\n\n\n\n<li><a href=\"https:\/\/pedrocasiano.es\/?page_id=4367\" target=\"_blank\" rel=\"noreferrer noopener\">Compa\u00f1era<\/a><\/li>\n\n\n\n<li><a href=\"https:\/\/pedrocasiano.es\/?page_id=4402\" target=\"_blank\" rel=\"noreferrer noopener\">El Beso De Hielo<\/a><\/li>\n\n\n\n<li><a href=\"https:\/\/pedrocasiano.es\/?page_id=4460\" target=\"_blank\" rel=\"noreferrer noopener\">Hoy, D\u00eda De Recuerdos<\/a><\/li>\n\n\n\n<li><a href=\"https:\/\/pedrocasiano.es\/?page_id=4464\" target=\"_blank\" rel=\"noreferrer noopener\">Hoy, es Creado un Monstruo<\/a><\/li>\n\n\n\n<li><a href=\"https:\/\/pedrocasiano.es\/?page_id=4480\" target=\"_blank\" rel=\"noreferrer noopener\">La L\u00ednea Del Horizonte<\/a><\/li>\n\n\n\n<li><a href=\"https:\/\/pedrocasiano.es\/?page_id=5534\" target=\"_blank\" rel=\"noreferrer noopener\">El Mundo Se Cierra Sobre S\u00ed Mismo<\/a><\/li>\n\n\n\n<li><a href=\"https:\/\/pedrocasiano.es\/?page_id=5537\" target=\"_blank\" rel=\"noreferrer noopener\">Ni\u00f1os<\/a><\/li>\n\n\n\n<li><a href=\"https:\/\/pedrocasiano.es\/?page_id=5543\" target=\"_blank\" rel=\"noreferrer noopener\">Otra Noche M\u00e1s<\/a><\/li>\n\n\n\n<li><a href=\"https:\/\/pedrocasiano.es\/?page_id=5579\" target=\"_blank\" rel=\"noreferrer noopener\">Hoy Te He Visto Pasear Cerca De Los Setos<\/a><\/li>\n\n\n\n<li><a href=\"https:\/\/pedrocasiano.es\/?page_id=5582\" target=\"_blank\" rel=\"noreferrer noopener\">Los D\u00edas Pasan<\/a><\/li>\n<\/ul>\n\n\n\n<p><strong>Todos los Derechos Reservados<\/strong><\/p>\n\n\n\n<p class=\"has-text-align-center\"><strong>\u201cEstas novelas, publicaciones y dem\u00e1s, son obras de ficci\u00f3n. Los nombres, personajes, lugares e incidentes son producto de la imaginaci\u00f3n del autor o son utilizados de manera ficticia. Cualquier parecido con personas, vivas o muertas, o sucesos reales es pura coincidencia.\u201d<\/strong><\/p>\n<\/div><\/div>\n","protected":false},"excerpt":{"rendered":"","protected":false},"author":1,"featured_media":0,"parent":0,"menu_order":0,"comment_status":"closed","ping_status":"closed","template":"","meta":{"inspiro_hide_title":false,"footnotes":""},"class_list":["post-5622","page","type-page","status-publish","hentry"],"featured_media_urls":[],"_links":{"self":[{"href":"https:\/\/pedrocasiano.es\/index.php?rest_route=\/wp\/v2\/pages\/5622","targetHints":{"allow":["GET"]}}],"collection":[{"href":"https:\/\/pedrocasiano.es\/index.php?rest_route=\/wp\/v2\/pages"}],"about":[{"href":"https:\/\/pedrocasiano.es\/index.php?rest_route=\/wp\/v2\/types\/page"}],"author":[{"embeddable":true,"href":"https:\/\/pedrocasiano.es\/index.php?rest_route=\/wp\/v2\/users\/1"}],"replies":[{"embeddable":true,"href":"https:\/\/pedrocasiano.es\/index.php?rest_route=%2Fwp%2Fv2%2Fcomments&post=5622"}],"version-history":[{"count":10,"href":"https:\/\/pedrocasiano.es\/index.php?rest_route=\/wp\/v2\/pages\/5622\/revisions"}],"predecessor-version":[{"id":16641,"href":"https:\/\/pedrocasiano.es\/index.php?rest_route=\/wp\/v2\/pages\/5622\/revisions\/16641"}],"wp:attachment":[{"href":"https:\/\/pedrocasiano.es\/index.php?rest_route=%2Fwp%2Fv2%2Fmedia&parent=5622"}],"curies":[{"name":"wp","href":"https:\/\/api.w.org\/{rel}","templated":true}]}}