{"id":5606,"date":"2024-03-05T09:00:39","date_gmt":"2024-03-05T09:00:39","guid":{"rendered":"https:\/\/pedrocasiano.es\/?page_id=5606"},"modified":"2026-03-31T10:33:08","modified_gmt":"2026-03-31T08:33:08","slug":"reflexiones-decima-parte","status":"publish","type":"page","link":"https:\/\/pedrocasiano.es\/?page_id=5606","title":{"rendered":"Cuarta"},"content":{"rendered":"\n<div class=\"wp-block-cover alignfull has-custom-content-position is-position-top-left\" style=\"min-height:563px;aspect-ratio:unset;\"><img decoding=\"async\" width=\"1024\" height=\"711\" class=\"wp-block-cover__image-background wp-image-5610 lazyload\" alt=\"\" data-src=\"https:\/\/pedrocasiano.es\/wp-content\/uploads\/2024\/03\/ai-generated-8530619_1920peque.jpg\" data-object-fit=\"cover\" src=\"data:image\/svg+xml;base64,PHN2ZyB3aWR0aD0iMSIgaGVpZ2h0PSIxIiB4bWxucz0iaHR0cDovL3d3dy53My5vcmcvMjAwMC9zdmciPjwvc3ZnPg==\" style=\"--smush-placeholder-width: 1024px; --smush-placeholder-aspect-ratio: 1024\/711;\" \/><span aria-hidden=\"true\" class=\"wp-block-cover__background has-background-dim\"><\/span><div class=\"wp-block-cover__inner-container has-global-padding is-layout-constrained wp-block-cover-is-layout-constrained\">\n<ul class=\"wp-block-list\">\n<li><a href=\"https:\/\/pedrocasiano.es\/?p=10524\" data-type=\"post\" data-id=\"10524\" target=\"_blank\" rel=\"noreferrer noopener\">Levant\u00e9 la Mano cara al Sol (Rima)<\/a><\/li>\n\n\n\n<li><a href=\"https:\/\/pedrocasiano.es\/?p=10530\" data-type=\"post\" data-id=\"10530\" target=\"_blank\" rel=\"noreferrer noopener\">Llega El Fr\u00edo (Rima)<\/a><\/li>\n\n\n\n<li><a href=\"https:\/\/pedrocasiano.es\/?p=10534\" data-type=\"post\" data-id=\"10534\" target=\"_blank\" rel=\"noreferrer noopener\">Llevo D\u00edas Viendo Negro (Rima)<\/a><\/li>\n\n\n\n<li><a href=\"https:\/\/pedrocasiano.es\/?p=10539\" data-type=\"post\" data-id=\"10539\" target=\"_blank\" rel=\"noreferrer noopener\">Malos Tiempos (Rima)<\/a><\/li>\n\n\n\n<li><a href=\"https:\/\/pedrocasiano.es\/?p=10543\" data-type=\"post\" data-id=\"10543\" target=\"_blank\" rel=\"noreferrer noopener\">Mares de Tierra Calma (Rima)<\/a><\/li>\n\n\n\n<li><a href=\"https:\/\/pedrocasiano.es\/?p=10547\" data-type=\"post\" data-id=\"10547\" target=\"_blank\" rel=\"noreferrer noopener\">Me Cans\u00e9 de Esperar a Dios y sus Bondades (Rima)<\/a><\/li>\n\n\n\n<li><a href=\"https:\/\/pedrocasiano.es\/?p=10550\" data-type=\"post\" data-id=\"10550\" target=\"_blank\" rel=\"noreferrer noopener\">Me Crio El Viento (Rima)<\/a><\/li>\n\n\n\n<li><a href=\"https:\/\/pedrocasiano.es\/?p=10554\" data-type=\"post\" data-id=\"10554\" target=\"_blank\" rel=\"noreferrer noopener\">Me Dicen que no me Acerque a Ti (Rima)<\/a><\/li>\n\n\n\n<li><a href=\"https:\/\/pedrocasiano.es\/?p=10558\" data-type=\"post\" data-id=\"10558\" target=\"_blank\" rel=\"noreferrer noopener\">Me Enamor\u00e9 de la Vida (Rima)<\/a><\/li>\n\n\n\n<li><a href=\"https:\/\/pedrocasiano.es\/?p=10561\" data-type=\"post\" data-id=\"10561\" target=\"_blank\" rel=\"noreferrer noopener\">Me Gusta Ver a las Mujeres (Rima)<\/a><\/li>\n\n\n\n<li><a href=\"https:\/\/pedrocasiano.es\/?p=10566\" data-type=\"post\" data-id=\"10566\" target=\"_blank\" rel=\"noreferrer noopener\">Me Sent\u00e9 una Tarde (Rima)<\/a><\/li>\n\n\n\n<li><a href=\"https:\/\/pedrocasiano.es\/?p=10569\" data-type=\"post\" data-id=\"10569\" target=\"_blank\" rel=\"noreferrer noopener\">Metal contra Metal (Rima)<\/a><\/li>\n\n\n\n<li><a href=\"https:\/\/pedrocasiano.es\/?p=10572\" data-type=\"post\" data-id=\"10572\" target=\"_blank\" rel=\"noreferrer noopener\">Miras Al Cielo (Rima)<\/a><\/li>\n\n\n\n<li><a href=\"https:\/\/pedrocasiano.es\/?p=10575\" data-type=\"post\" data-id=\"10575\" target=\"_blank\" rel=\"noreferrer noopener\">Miseria, Destrucci\u00f3n (Rima)<\/a><\/li>\n\n\n\n<li><a href=\"https:\/\/pedrocasiano.es\/?p=10578\" data-type=\"post\" data-id=\"10578\" target=\"_blank\" rel=\"noreferrer noopener\">Morena, arrastra tu larga Falda (Rima)<\/a><\/li>\n\n\n\n<li><a href=\"https:\/\/pedrocasiano.es\/?p=10584\" data-type=\"post\" data-id=\"10584\" target=\"_blank\" rel=\"noreferrer noopener\">Morir\u00e9 Vac\u00edo en esta Esquina (Rima)<\/a><\/li>\n\n\n\n<li><a href=\"https:\/\/pedrocasiano.es\/?p=10587\" data-type=\"post\" data-id=\"10587\" target=\"_blank\" rel=\"noreferrer noopener\">Mujer, Gratia Plena (Rima)<\/a><\/li>\n\n\n\n<li><a href=\"https:\/\/pedrocasiano.es\/?p=10591\" data-type=\"post\" data-id=\"10591\" target=\"_blank\" rel=\"noreferrer noopener\">Nac\u00ed A La Orilla De Un Rio (Rima)<\/a><\/li>\n\n\n\n<li><a href=\"https:\/\/pedrocasiano.es\/?p=10595\" data-type=\"post\" data-id=\"10595\" target=\"_blank\" rel=\"noreferrer noopener\">No S\u00e9 Qu\u00e9 Escribir Hoy (Rima)<\/a><\/li>\n\n\n\n<li><a href=\"https:\/\/pedrocasiano.es\/?p=10598\" data-type=\"post\" data-id=\"10598\" target=\"_blank\" rel=\"noreferrer noopener\">No Soy Sofisticado (Rima)<\/a><\/li>\n<\/ul>\n\n\n\n<p><strong>Todos los Derechos Reservados<\/strong><\/p>\n\n\n\n<p><strong>\u201cEstas novelas, publicaciones y dem\u00e1s, son obras de ficci\u00f3n. Los nombres, personajes, lugares e incidentes son producto de la imaginaci\u00f3n del autor o son utilizados de manera ficticia. Cualquier parecido con personas, vivas o muertas, o sucesos reales es pura coincidencia.\u201d<\/strong><\/p>\n<\/div><\/div>\n","protected":false},"excerpt":{"rendered":"","protected":false},"author":1,"featured_media":0,"parent":0,"menu_order":0,"comment_status":"closed","ping_status":"closed","template":"","meta":{"inspiro_hide_title":false,"footnotes":""},"class_list":["post-5606","page","type-page","status-publish","hentry"],"featured_media_urls":[],"_links":{"self":[{"href":"https:\/\/pedrocasiano.es\/index.php?rest_route=\/wp\/v2\/pages\/5606","targetHints":{"allow":["GET"]}}],"collection":[{"href":"https:\/\/pedrocasiano.es\/index.php?rest_route=\/wp\/v2\/pages"}],"about":[{"href":"https:\/\/pedrocasiano.es\/index.php?rest_route=\/wp\/v2\/types\/page"}],"author":[{"embeddable":true,"href":"https:\/\/pedrocasiano.es\/index.php?rest_route=\/wp\/v2\/users\/1"}],"replies":[{"embeddable":true,"href":"https:\/\/pedrocasiano.es\/index.php?rest_route=%2Fwp%2Fv2%2Fcomments&post=5606"}],"version-history":[{"count":45,"href":"https:\/\/pedrocasiano.es\/index.php?rest_route=\/wp\/v2\/pages\/5606\/revisions"}],"predecessor-version":[{"id":16446,"href":"https:\/\/pedrocasiano.es\/index.php?rest_route=\/wp\/v2\/pages\/5606\/revisions\/16446"}],"wp:attachment":[{"href":"https:\/\/pedrocasiano.es\/index.php?rest_route=%2Fwp%2Fv2%2Fmedia&parent=5606"}],"curies":[{"name":"wp","href":"https:\/\/api.w.org\/{rel}","templated":true}]}}