{"id":5588,"date":"2024-03-04T15:45:53","date_gmt":"2024-03-04T15:45:53","guid":{"rendered":"https:\/\/pedrocasiano.es\/?page_id=5588"},"modified":"2024-03-04T15:45:54","modified_gmt":"2024-03-04T15:45:54","slug":"quemado","status":"publish","type":"page","link":"https:\/\/pedrocasiano.es\/?page_id=5588","title":{"rendered":"Quemado"},"content":{"rendered":"\n<figure class=\"wp-block-image alignleft size-full is-resized\"><img decoding=\"async\" width=\"600\" height=\"400\" data-src=\"https:\/\/pedrocasiano.es\/wp-content\/uploads\/2024\/03\/guy-2617866_1920peque.jpg\" alt=\"\" class=\"wp-image-5589 lazyload\" style=\"--smush-placeholder-width: 600px; --smush-placeholder-aspect-ratio: 600\/400;width:482px;height:auto\" src=\"data:image\/svg+xml;base64,PHN2ZyB3aWR0aD0iMSIgaGVpZ2h0PSIxIiB4bWxucz0iaHR0cDovL3d3dy53My5vcmcvMjAwMC9zdmciPjwvc3ZnPg==\" \/><\/figure>\n\n\n\n<p>Hoy he sentido pena, he tratado de imaginar otro final, pero me es dif\u00edcil, que m\u00e1s quisiera, pero no, es el que aparece como si fuera indispensable.<\/p>\n\n\n\n<p>Pobre pa\u00eds, en reino de taifas permanente, ladrones de todo gobernando, sin cabeza, sin pies, sin alma, agonizando, siempre por terminar, ya casi est\u00e1 terminando, y ahora siento miedo, lo siento cercano.<\/p>\n\n\n\n<p>No he conocido sino lo que he vivido, quiz\u00e1s mil a\u00f1os, ahora para mi desconocido, negros comprando voluntades, hijos no queridos, gobiernan manadas de parias, y la gente mira y no ven nada.<\/p>\n\n\n\n<p>Pueblo olvidado, dividido, malnacidos, gobiernan los abortos que de la madre salen, y luchan como enanos en barro, puercos, min\u00fasculos decrecidos, rameras de babilonia y mucho m\u00e1s cercanas, aquelarres de esperpentos, ladrones de pobre, lo m\u00e1s bajo.<\/p>\n\n\n\n<p>Tristeza por el que muere de hambre despu\u00e9s de haber dejado su alma en el tajo, olvidados en hospitales que pueblan seres mit\u00f3manos, dioses de puerca materia, refocil\u00e1ndose en sus propios excrementos, viendo como mueren, los que creyeron, los que se equivocaron.<\/p>\n\n\n\n<p>Y todo lleno de ladrones, a cuanto m\u00e1s d\u00e9biles, m\u00e1s duro el castigo, robar, robar, h\u00e9roes de creencias equivocadas, que son solo puercos que vende sonrisas, mientras desnudan a los m\u00e1s olvidados, saludos Che que se lo llevan todo, es la uni\u00f3n de los ladrones, envueltos en rojo, con las casas llenas, con los cementerios abiertos, con la bondad estrecha de los demonios muertos.<\/p>\n\n\n\n<p>Carteles de miseria, panfletos de puerca mentira, papeletas que leerlas duele, mastica robot la mierda, cambia una por otra, que nada cambia, el poderoso mata, el desgraciado muere, el camino hacia arriba, para el de abajo no existe, solo m\u00e1s miseria, la vida triste, y llora, de nada sirve, porque lo que hemos dejado, es nuestra vida, para que al final del esfuerzo, siga quedando lo mismo.<\/p>\n\n\n\n<p>Ya final de cuentas, cuando alguien con la mirada triste, empu\u00f1a la pistola, para con el puerco de arriba medirse, solo le digo \u201chermano, pocos tiros le diste\u201d, y a pesar de todo ello, cuando un joven me mira, no puedo mantener la cara alta, hemos dejado todo, pero incluso que cuando cambiarlo pudimos.<strong><br><\/strong><\/p>\n","protected":false},"excerpt":{"rendered":"<p>Hoy he sentido pena, he tratado de imaginar otro final, pero me es dif\u00edcil, que m\u00e1s quisiera, pero no, es el que aparece como si fuera indispensable. Pobre pa\u00eds, en reino de taifas permanente, ladrones de todo gobernando, sin cabeza, sin pies, sin alma, agonizando, siempre por terminar, ya casi est\u00e1 terminando, y ahora siento &hellip; <\/p>\n<p class=\"link-more\"><a href=\"https:\/\/pedrocasiano.es\/?page_id=5588\" class=\"more-link\">Leer m\u00e1s<span class=\"screen-reader-text\"> \u00abQuemado\u00bb<\/span><\/a><\/p>\n","protected":false},"author":1,"featured_media":0,"parent":0,"menu_order":0,"comment_status":"closed","ping_status":"closed","template":"","meta":{"inspiro_hide_title":false,"footnotes":""},"class_list":["post-5588","page","type-page","status-publish","hentry"],"featured_media_urls":[],"_links":{"self":[{"href":"https:\/\/pedrocasiano.es\/index.php?rest_route=\/wp\/v2\/pages\/5588","targetHints":{"allow":["GET"]}}],"collection":[{"href":"https:\/\/pedrocasiano.es\/index.php?rest_route=\/wp\/v2\/pages"}],"about":[{"href":"https:\/\/pedrocasiano.es\/index.php?rest_route=\/wp\/v2\/types\/page"}],"author":[{"embeddable":true,"href":"https:\/\/pedrocasiano.es\/index.php?rest_route=\/wp\/v2\/users\/1"}],"replies":[{"embeddable":true,"href":"https:\/\/pedrocasiano.es\/index.php?rest_route=%2Fwp%2Fv2%2Fcomments&post=5588"}],"version-history":[{"count":1,"href":"https:\/\/pedrocasiano.es\/index.php?rest_route=\/wp\/v2\/pages\/5588\/revisions"}],"predecessor-version":[{"id":5590,"href":"https:\/\/pedrocasiano.es\/index.php?rest_route=\/wp\/v2\/pages\/5588\/revisions\/5590"}],"wp:attachment":[{"href":"https:\/\/pedrocasiano.es\/index.php?rest_route=%2Fwp%2Fv2%2Fmedia&parent=5588"}],"curies":[{"name":"wp","href":"https:\/\/api.w.org\/{rel}","templated":true}]}}