{"id":5585,"date":"2024-03-04T15:43:34","date_gmt":"2024-03-04T15:43:34","guid":{"rendered":"https:\/\/pedrocasiano.es\/?page_id=5585"},"modified":"2024-03-04T15:43:35","modified_gmt":"2024-03-04T15:43:35","slug":"la-inseguridad-de-un-seguro","status":"publish","type":"page","link":"https:\/\/pedrocasiano.es\/?page_id=5585","title":{"rendered":"La Inseguridad de un Seguro"},"content":{"rendered":"\n<figure class=\"wp-block-image alignleft size-full is-resized\"><img decoding=\"async\" width=\"600\" height=\"387\" data-src=\"https:\/\/pedrocasiano.es\/wp-content\/uploads\/2024\/03\/man-4457848_1920peque.jpg\" alt=\"\" class=\"wp-image-5586 lazyload\" style=\"--smush-placeholder-width: 600px; --smush-placeholder-aspect-ratio: 600\/387;width:532px;height:auto\" src=\"data:image\/svg+xml;base64,PHN2ZyB3aWR0aD0iMSIgaGVpZ2h0PSIxIiB4bWxucz0iaHR0cDovL3d3dy53My5vcmcvMjAwMC9zdmciPjwvc3ZnPg==\" \/><\/figure>\n\n\n\n<p>Lo que se ve venir, si no te apartas y te golpea, no digas que no es culpa tuya el dolor que te cause.<\/p>\n\n\n\n<p>Dicho esto, \u00bfno nos damos cuenta de que la Seguridad Social, esa descontrolada, que casi no sirve, va a desaparecer?<\/p>\n\n\n\n<p>El juego es f\u00e1cil, cada vez funcionar\u00e1 peor, de tal manera que nos obligar\u00e1n, salvo que quieras morir de una simple apendicitis, a contratar un seguro, pues cada vez, nos podr\u00e1 dar menos atenci\u00f3n, m\u00e1s b\u00e1sica, cuando no sin conocimiento, y listas de espera que ni las de los campos de concentraci\u00f3n nazis.<\/p>\n\n\n\n<p>El siguiente camino es f\u00e1cil, seguir\u00e1 peor, hasta que, con la l\u00f3gica del sinverg\u00fcenza, nos vendan, y seguro compremos, que esa seguridad social, la s\u00faper cara, es la que nos impide tener las cuentas al d\u00eda.<\/p>\n\n\n\n<p>Todo bien, \u00bfQu\u00e9 se mueren los viejos?, posiblemente sea bueno, \u00bfqu\u00e9 te tengas que endeudar toda la vida, porque alguien de la familia necesita una intervenci\u00f3n dif\u00edcil?, gana dinero, imb\u00e9cil, si se muere el familiar, es ley de vida, que se joda, los n\u00fameros salen, \u00bflos viejos?, el que produce vive, los par\u00e1sitos mueren, no importa que hayan merecido vivir mejor despu\u00e9s de una vida de sacrificio.<\/p>\n\n\n\n<p>\u00bfUna pastilla, una sola que vale veinte euros?, ser\u00e1 que lo merece, ya se sabe, la investigaci\u00f3n, el sagrado beneficio empresarial\u2026 mil cosas, para negarte lo que antes no se vend\u00eda, se daba al que lo necesitaba.<\/p>\n\n\n\n<p>Mala suerte del que tenga padres vivos, ser\u00e1n como una hipoteca, y rezar\u00e1n porque se mueran, son gravosos, viejos, pellejudos, y no tendr\u00e1n ni un duro, lo habr\u00e1n gastado todo para paliar los dolores, las enfermedades, los estragos de la edad, ya se sabe, no se les podr\u00e1 sacar nada, y si no dan, no son necesarios.<\/p>\n\n\n\n<p>Mujeres que parir\u00e1n en las aceras, ni\u00f1os que lloraran por las calles rotos por el dolor de un c\u00e1ncer, terminal o no, al final, sin dinero, todo es terminal, mortal de necesidad, gorilas en los hospitales, echando gente que quiere paliar su dolor gratis, que quiere sobrevivir sin pagar, eso no puede ser, solo los que producen, y no todos, tienen derecho al seguro de pago, los viejos, no, los enfermos, no, no son rentables, las cuentas tienen que salir, sino que se vayan a\u2026 la seguridad social\u2026, desapareci\u00f3, que se mueran en silencio.<\/p>\n\n\n\n<p>Los ricos ser\u00e1n m\u00e1s ricos, los pobres mucho m\u00e1s pobres, y solo desear\u00e1n, como le desean los explotadores, morir de una vez en este mundo que se convertir\u00e1 en algo m\u00e1s espantoso, mucho m\u00e1s de lo que es ahora.<\/p>\n\n\n\n<p>PD. Desde que el deterioro de la Seguridad Social es evidente, el \u00edndice de mortalidad en Espa\u00f1a ha subido, \u00bfcasualidades o causalidades?, no s\u00e9, yo no entiendo de barcos.<\/p>\n","protected":false},"excerpt":{"rendered":"<p>Lo que se ve venir, si no te apartas y te golpea, no digas que no es culpa tuya el dolor que te cause. Dicho esto, \u00bfno nos damos cuenta de que la Seguridad Social, esa descontrolada, que casi no sirve, va a desaparecer? El juego es f\u00e1cil, cada vez funcionar\u00e1 peor, de tal manera &hellip; <\/p>\n<p class=\"link-more\"><a href=\"https:\/\/pedrocasiano.es\/?page_id=5585\" class=\"more-link\">Leer m\u00e1s<span class=\"screen-reader-text\"> \u00abLa Inseguridad de un Seguro\u00bb<\/span><\/a><\/p>\n","protected":false},"author":1,"featured_media":0,"parent":0,"menu_order":0,"comment_status":"closed","ping_status":"closed","template":"","meta":{"inspiro_hide_title":false,"footnotes":""},"class_list":["post-5585","page","type-page","status-publish","hentry"],"featured_media_urls":[],"_links":{"self":[{"href":"https:\/\/pedrocasiano.es\/index.php?rest_route=\/wp\/v2\/pages\/5585","targetHints":{"allow":["GET"]}}],"collection":[{"href":"https:\/\/pedrocasiano.es\/index.php?rest_route=\/wp\/v2\/pages"}],"about":[{"href":"https:\/\/pedrocasiano.es\/index.php?rest_route=\/wp\/v2\/types\/page"}],"author":[{"embeddable":true,"href":"https:\/\/pedrocasiano.es\/index.php?rest_route=\/wp\/v2\/users\/1"}],"replies":[{"embeddable":true,"href":"https:\/\/pedrocasiano.es\/index.php?rest_route=%2Fwp%2Fv2%2Fcomments&post=5585"}],"version-history":[{"count":1,"href":"https:\/\/pedrocasiano.es\/index.php?rest_route=\/wp\/v2\/pages\/5585\/revisions"}],"predecessor-version":[{"id":5587,"href":"https:\/\/pedrocasiano.es\/index.php?rest_route=\/wp\/v2\/pages\/5585\/revisions\/5587"}],"wp:attachment":[{"href":"https:\/\/pedrocasiano.es\/index.php?rest_route=%2Fwp%2Fv2%2Fmedia&parent=5585"}],"curies":[{"name":"wp","href":"https:\/\/api.w.org\/{rel}","templated":true}]}}