{"id":5582,"date":"2024-03-04T15:39:40","date_gmt":"2024-03-04T15:39:40","guid":{"rendered":"https:\/\/pedrocasiano.es\/?page_id=5582"},"modified":"2024-03-04T15:39:41","modified_gmt":"2024-03-04T15:39:41","slug":"los-dias-pasan","status":"publish","type":"page","link":"https:\/\/pedrocasiano.es\/?page_id=5582","title":{"rendered":"Los D\u00edas Pasan"},"content":{"rendered":"\n<figure class=\"wp-block-image alignleft size-full\"><img decoding=\"async\" width=\"600\" height=\"307\" data-src=\"https:\/\/pedrocasiano.es\/wp-content\/uploads\/2024\/03\/man-2179243_1920peque.jpg\" alt=\"\" class=\"wp-image-5583 lazyload\" src=\"data:image\/svg+xml;base64,PHN2ZyB3aWR0aD0iMSIgaGVpZ2h0PSIxIiB4bWxucz0iaHR0cDovL3d3dy53My5vcmcvMjAwMC9zdmciPjwvc3ZnPg==\" style=\"--smush-placeholder-width: 600px; --smush-placeholder-aspect-ratio: 600\/307;\" \/><\/figure>\n\n\n\n<p>Los d\u00edas pasan, irremediables, incansables, con la constancia del que no le importa su acontecer, y te arrastran, te llenan de nada, te hacen recorrer el abandonado camino que de polvo todo lo cubre.<\/p>\n\n\n\n<p>&nbsp;&nbsp;&nbsp;&nbsp;&nbsp;&nbsp;&nbsp;&nbsp;&nbsp;&nbsp;&nbsp;&nbsp;&nbsp; La distancia, la vida que se escapa a trav\u00e9s de los agujeros del diapas\u00f3n que marca el eterno reloj que nos mata, que nos hace a cada momento, m\u00e1s inanes, m\u00e1s desvalidos, m\u00e1s indefensos.<\/p>\n\n\n\n<p>&nbsp;&nbsp;&nbsp;&nbsp;&nbsp;&nbsp;&nbsp;&nbsp;&nbsp;&nbsp;&nbsp;&nbsp;&nbsp; La pena, la que nos embarga, coraz\u00f3n compungido que llora tras la masa que parece encogerse sobre s\u00ed misma, lamento infinito, que se pierde en la caja de resonancia de los lloros escondidos.<\/p>\n\n\n\n<p>&nbsp;&nbsp;&nbsp;&nbsp;&nbsp;&nbsp;&nbsp;&nbsp;&nbsp;&nbsp;&nbsp;&nbsp;&nbsp; Amores que se pierden en la neblina de lo que fue, de lo que pudo hacer sido, y se desvanecen, como si nunca hubieran existido, entre las l\u00e1grimas del olvido, de la desaz\u00f3n del coraz\u00f3n que los anhela, y se escapan como el agua, como la arena, entre los dedos que sollozan al ver su ca\u00edda.<\/p>\n\n\n\n<p>&nbsp;&nbsp;&nbsp;&nbsp;&nbsp;&nbsp;&nbsp;&nbsp;&nbsp;&nbsp;&nbsp;&nbsp;&nbsp; L\u00e1grimas de poder ser, de no haber sido, de no serlo, y caen en el suelo de naturaleza descompuesta, y te reflejas en ese tirano del reloj, de la naturaleza muerta, del \u00e1rbol abatido, y piensas al final de todos los pensamientos, que quiz\u00e1s, posiblemente, sea mejor desvanecerse entre la hojarasca de un bosque envuelto en la neblina del olvido.<\/p>\n\n\n\n<p>Pedro C. Gonz\u00e1lez Cuevas<\/p>\n","protected":false},"excerpt":{"rendered":"<p>Los d\u00edas pasan, irremediables, incansables, con la constancia del que no le importa su acontecer, y te arrastran, te llenan de nada, te hacen recorrer el abandonado camino que de polvo todo lo cubre. &nbsp;&nbsp;&nbsp;&nbsp;&nbsp;&nbsp;&nbsp;&nbsp;&nbsp;&nbsp;&nbsp;&nbsp;&nbsp; La distancia, la vida que se escapa a trav\u00e9s de los agujeros del diapas\u00f3n que marca el eterno reloj que &hellip; <\/p>\n<p class=\"link-more\"><a href=\"https:\/\/pedrocasiano.es\/?page_id=5582\" class=\"more-link\">Leer m\u00e1s<span class=\"screen-reader-text\"> \u00abLos D\u00edas Pasan\u00bb<\/span><\/a><\/p>\n","protected":false},"author":1,"featured_media":0,"parent":0,"menu_order":0,"comment_status":"closed","ping_status":"closed","template":"","meta":{"inspiro_hide_title":false,"footnotes":""},"class_list":["post-5582","page","type-page","status-publish","hentry"],"featured_media_urls":[],"_links":{"self":[{"href":"https:\/\/pedrocasiano.es\/index.php?rest_route=\/wp\/v2\/pages\/5582","targetHints":{"allow":["GET"]}}],"collection":[{"href":"https:\/\/pedrocasiano.es\/index.php?rest_route=\/wp\/v2\/pages"}],"about":[{"href":"https:\/\/pedrocasiano.es\/index.php?rest_route=\/wp\/v2\/types\/page"}],"author":[{"embeddable":true,"href":"https:\/\/pedrocasiano.es\/index.php?rest_route=\/wp\/v2\/users\/1"}],"replies":[{"embeddable":true,"href":"https:\/\/pedrocasiano.es\/index.php?rest_route=%2Fwp%2Fv2%2Fcomments&post=5582"}],"version-history":[{"count":1,"href":"https:\/\/pedrocasiano.es\/index.php?rest_route=\/wp\/v2\/pages\/5582\/revisions"}],"predecessor-version":[{"id":5584,"href":"https:\/\/pedrocasiano.es\/index.php?rest_route=\/wp\/v2\/pages\/5582\/revisions\/5584"}],"wp:attachment":[{"href":"https:\/\/pedrocasiano.es\/index.php?rest_route=%2Fwp%2Fv2%2Fmedia&parent=5582"}],"curies":[{"name":"wp","href":"https:\/\/api.w.org\/{rel}","templated":true}]}}