{"id":5576,"date":"2024-03-04T15:32:22","date_gmt":"2024-03-04T15:32:22","guid":{"rendered":"https:\/\/pedrocasiano.es\/?page_id=5576"},"modified":"2024-03-04T15:32:23","modified_gmt":"2024-03-04T15:32:23","slug":"la-rebelion-ante-la-tirania","status":"publish","type":"page","link":"https:\/\/pedrocasiano.es\/?page_id=5576","title":{"rendered":"La Rebeli\u00f3n Ante La Tiran\u00eda"},"content":{"rendered":"\n<figure class=\"wp-block-image alignleft size-full is-resized\"><img decoding=\"async\" width=\"600\" height=\"400\" data-src=\"https:\/\/pedrocasiano.es\/wp-content\/uploads\/2024\/03\/protest-5591889_1920peque.jpg\" alt=\"\" class=\"wp-image-5577 lazyload\" style=\"--smush-placeholder-width: 600px; --smush-placeholder-aspect-ratio: 600\/400;width:449px;height:auto\" src=\"data:image\/svg+xml;base64,PHN2ZyB3aWR0aD0iMSIgaGVpZ2h0PSIxIiB4bWxucz0iaHR0cDovL3d3dy53My5vcmcvMjAwMC9zdmciPjwvc3ZnPg==\" \/><\/figure>\n\n\n\n<p>&nbsp;&nbsp;&nbsp;&nbsp;&nbsp;&nbsp;&nbsp;&nbsp;&nbsp;&nbsp;&nbsp;&nbsp;&nbsp; Mal d\u00eda escojo para mi diatriba, pero es lo que hay, que no existe buen momento para hablar de lo que es justo, y sin embargo duro de hacer, cuando dormitamos en la pereza, en la desidia, como si fu\u00e9ramos apenas chanchos dignos de un matadero.<\/p>\n\n\n\n<p>&nbsp;&nbsp;&nbsp;&nbsp;&nbsp;&nbsp;&nbsp;&nbsp;&nbsp;&nbsp;&nbsp;&nbsp;&nbsp; Hemos creado un delito, que es el llamado \u201cApolog\u00eda de la violencia\u201d, bien sea, si fuera bien parido, pero como mal aborto, nos obliga a seguir con las cabezas gachas, mientras nuestras espaldas huelen a pecho de pol\u00edtico podrido.<\/p>\n\n\n\n<p>&nbsp;&nbsp;&nbsp;&nbsp;&nbsp;&nbsp;&nbsp;&nbsp;&nbsp;&nbsp;&nbsp;&nbsp;&nbsp; Quiz\u00e1s con este escrito caiga en ello, no es mi deseo, pero tampoco me impedir\u00e1 decir lo que pienso, joda a quien joda, aunque sea a m\u00ed, valga por lo a gusto que me estoy quedando, pero continuemos que no quiero divagar.<\/p>\n\n\n\n<p>&nbsp;&nbsp;&nbsp;&nbsp;&nbsp;&nbsp;&nbsp;&nbsp;&nbsp;&nbsp;&nbsp;&nbsp;&nbsp; Y hablo de la rebeli\u00f3n, mejor dicho, de la REBELION, que no se quede en equivocaci\u00f3n, valga repetido y posterior escrito en may\u00fasculas, \u00bfpero que es eso?, pues suena que mete el miedo en el cuerpo.<\/p>\n\n\n\n<p>&nbsp;&nbsp;&nbsp;&nbsp;&nbsp;&nbsp;&nbsp;&nbsp;&nbsp;&nbsp;&nbsp;&nbsp;&nbsp; \u201cEl derecho de rebeli\u00f3n, derecho de revoluci\u00f3n o derecho de resistencia a la opresi\u00f3n es un derecho reconocido a los pueblos frente a gobernantes de origen ileg\u00edtimo o que teniendo origen leg\u00edtimo han devenido en ileg\u00edtimos durante su ejercicio, que autoriza la desobediencia civil y el uso de la fuerza con el fin de derrocarlos y reemplazarlos por gobiernos que posean legitimidad\u201d<\/p>\n\n\n\n<p>&nbsp;&nbsp;&nbsp;&nbsp;&nbsp;&nbsp;&nbsp;&nbsp;&nbsp;&nbsp;&nbsp;&nbsp;&nbsp; Esto es de Wikipedia, unos de los pocos lugares donde la l\u00f3gica funciona a pesar de los millones de desafueros que tiene, m\u00ednimos con respecto a la mayor\u00eda de las fuentes de informaci\u00f3n.<\/p>\n\n\n\n<p>&nbsp;&nbsp;&nbsp;&nbsp;&nbsp;&nbsp;&nbsp;&nbsp;&nbsp;&nbsp;&nbsp;&nbsp;&nbsp; Pero vamos, que esto no es nuevo, ya Plat\u00f3n, hablaba de ello, no hace tantos miles de a\u00f1os, despu\u00e9s\u2026 bueno, despu\u00e9s para aburrir.<\/p>\n\n\n\n<p>&nbsp;&nbsp;&nbsp;&nbsp;&nbsp;&nbsp;&nbsp;&nbsp;&nbsp;&nbsp;&nbsp;&nbsp;&nbsp; Incluso en la temerosa Declaraci\u00f3n Universal de Derechos Humanos, que poco pone la mano en el fuego, ni siquiera una u\u00f1a, en el pre\u00e1mbulo, aparece \u201cConsiderando esencial que los derechos humanos sean protegidos por un r\u00e9gimen de Derecho, a fin de que el hombre no se vea compelido al supremo recurso de la rebeli\u00f3n contra la tiran\u00eda y la opresi\u00f3n\u201d, esto que parece obvio, cuando se escribe en ella, debe de ser de lo m\u00e1s importante, pues pocos documentos son tan ambiguos y miedosos como ese.<\/p>\n","protected":false},"excerpt":{"rendered":"<p>&nbsp;&nbsp;&nbsp;&nbsp;&nbsp;&nbsp;&nbsp;&nbsp;&nbsp;&nbsp;&nbsp;&nbsp;&nbsp; Mal d\u00eda escojo para mi diatriba, pero es lo que hay, que no existe buen momento para hablar de lo que es justo, y sin embargo duro de hacer, cuando dormitamos en la pereza, en la desidia, como si fu\u00e9ramos apenas chanchos dignos de un matadero. &nbsp;&nbsp;&nbsp;&nbsp;&nbsp;&nbsp;&nbsp;&nbsp;&nbsp;&nbsp;&nbsp;&nbsp;&nbsp; Hemos creado un delito, que es el &hellip; <\/p>\n<p class=\"link-more\"><a href=\"https:\/\/pedrocasiano.es\/?page_id=5576\" class=\"more-link\">Leer m\u00e1s<span class=\"screen-reader-text\"> \u00abLa Rebeli\u00f3n Ante La Tiran\u00eda\u00bb<\/span><\/a><\/p>\n","protected":false},"author":1,"featured_media":0,"parent":0,"menu_order":0,"comment_status":"closed","ping_status":"closed","template":"","meta":{"inspiro_hide_title":false,"footnotes":""},"class_list":["post-5576","page","type-page","status-publish","hentry"],"featured_media_urls":[],"_links":{"self":[{"href":"https:\/\/pedrocasiano.es\/index.php?rest_route=\/wp\/v2\/pages\/5576","targetHints":{"allow":["GET"]}}],"collection":[{"href":"https:\/\/pedrocasiano.es\/index.php?rest_route=\/wp\/v2\/pages"}],"about":[{"href":"https:\/\/pedrocasiano.es\/index.php?rest_route=\/wp\/v2\/types\/page"}],"author":[{"embeddable":true,"href":"https:\/\/pedrocasiano.es\/index.php?rest_route=\/wp\/v2\/users\/1"}],"replies":[{"embeddable":true,"href":"https:\/\/pedrocasiano.es\/index.php?rest_route=%2Fwp%2Fv2%2Fcomments&post=5576"}],"version-history":[{"count":1,"href":"https:\/\/pedrocasiano.es\/index.php?rest_route=\/wp\/v2\/pages\/5576\/revisions"}],"predecessor-version":[{"id":5578,"href":"https:\/\/pedrocasiano.es\/index.php?rest_route=\/wp\/v2\/pages\/5576\/revisions\/5578"}],"wp:attachment":[{"href":"https:\/\/pedrocasiano.es\/index.php?rest_route=%2Fwp%2Fv2%2Fmedia&parent=5576"}],"curies":[{"name":"wp","href":"https:\/\/api.w.org\/{rel}","templated":true}]}}