{"id":5549,"date":"2024-03-03T09:01:59","date_gmt":"2024-03-03T09:01:59","guid":{"rendered":"https:\/\/pedrocasiano.es\/?page_id=5549"},"modified":"2024-03-03T09:02:00","modified_gmt":"2024-03-03T09:02:00","slug":"las-cosas-de-algunos-sin-conocimiento-o-con-demasiado","status":"publish","type":"page","link":"https:\/\/pedrocasiano.es\/?page_id=5549","title":{"rendered":"Las Cosas de Algunos Sin Conocimiento o Con Demasiado"},"content":{"rendered":"\n<figure class=\"wp-block-image alignright size-full is-resized\"><img decoding=\"async\" width=\"600\" height=\"400\" data-src=\"https:\/\/pedrocasiano.es\/wp-content\/uploads\/2024\/03\/vehicle-3256021_1920peque.jpg\" alt=\"\" class=\"wp-image-5550 lazyload\" style=\"--smush-placeholder-width: 600px; --smush-placeholder-aspect-ratio: 600\/400;width:441px;height:auto\" src=\"data:image\/svg+xml;base64,PHN2ZyB3aWR0aD0iMSIgaGVpZ2h0PSIxIiB4bWxucz0iaHR0cDovL3d3dy53My5vcmcvMjAwMC9zdmciPjwvc3ZnPg==\" \/><\/figure>\n\n\n\n<p>Cualquiera que me conozca sabe que puedo ser muchas cosas, pero de izquierdas, no, y la verdad es que el tiempo me ha borrado cualquier acontecer pol\u00edtico, sin embargo, hoy me he quedado sorprendido con la \u00faltima de nuestro Presidente, quiero decir el de Andaluc\u00eda, que el otro\u2026madre del amor hermoso.<\/p>\n\n\n\n<p>&nbsp;&nbsp;&nbsp;&nbsp;&nbsp;&nbsp;&nbsp;&nbsp;&nbsp;&nbsp;&nbsp;&nbsp;&nbsp; Lo consideraba persona de fiar, a fuer de cumplidor y de querer las cosas que beneficiar\u00edan a nosotros, los andaluces, pero me he encontrado la noticia de los conciertos con la sanidad privada, el que m\u00e9dicos de la privada puedan pasar consulta en centros p\u00fablicos\u2026 cosas que considero aberraciones.<\/p>\n\n\n\n<p>&nbsp;&nbsp;&nbsp;&nbsp;&nbsp;&nbsp;&nbsp;&nbsp;&nbsp;&nbsp;&nbsp;&nbsp;&nbsp; Y lo considero as\u00ed, porque estos son los primeros pasos para privatizar la sanidad p\u00fablica, algo que todos nos envidian, y que los intereses econ\u00f3micos, asquerosos, de algunos, intentan erradicar para cebarse en lo m\u00e1s triste del ser humano, la enfermedad y destruir algo que te quita de en medio el sin vivir de estar mal de salud, y eliminarlo, para que algunos sean m\u00e1s ricos aun, me asquea.<\/p>\n\n\n\n<p>&nbsp;&nbsp;&nbsp;&nbsp;&nbsp;&nbsp;&nbsp;&nbsp;&nbsp;&nbsp;&nbsp;&nbsp;&nbsp; Tengo amigos en Usa, y en otros pa\u00edses que no la tienen, y siempre andan con la mosca detr\u00e1s de la oreja buscando trabajos que la incluyan, pues all\u00ed se muere la gente fuera de los hospitales, donde lo primero que te preguntan es si tienes mutua o dinero, y si no\u2026 a la puta calle, aunque te caigas al suelo, algo terrible, sobre todo, si t\u00fa eres el enfermo.<\/p>\n\n\n\n<p>&nbsp;&nbsp;&nbsp;&nbsp;&nbsp;&nbsp;&nbsp;&nbsp;&nbsp;&nbsp;&nbsp;&nbsp;&nbsp; \u00bfY los ancianos?, si alguien les quiere quitar la sanidad p\u00fablica, es un hijo de una madre que se vende por dinero, y muy poco, que el beneficio canalla sea el motor, para que la gente muera como los perros, seres humanos tirados en cualquier lado y rabiando porque no pueden comprar ni un calmante fuerte, que el c\u00e1ncer te lleve porque no puedes salvarte aun teniendo salvaci\u00f3n, que, en la puerta de los hospitales haya un gorila que te eche fuera porque los pobres no pueden entrar\u2026<\/p>\n\n\n\n<p>&nbsp;&nbsp;&nbsp;&nbsp;&nbsp;&nbsp;&nbsp;&nbsp;&nbsp;&nbsp;&nbsp;&nbsp;&nbsp; Todo me parece asqueroso, la confianza que pod\u00eda tener en Juanma Moreno, ha desaparecido, Ayuso me enfri\u00f3, ahora considero al presidente de esta comunidad, como el m\u00edsero pregonero de aquellos que quieren hacer dinero con la enfermedad y la muerte de los m\u00e1s pobres.<\/p>\n\n\n\n<p>&nbsp;&nbsp;&nbsp;&nbsp;&nbsp;&nbsp;&nbsp;&nbsp;&nbsp;&nbsp;&nbsp;&nbsp;&nbsp; Malditos se\u00e1is, y dec\u00eds que es mentira, cuando el rio suena, piedras lleva.<\/p>\n","protected":false},"excerpt":{"rendered":"<p>Cualquiera que me conozca sabe que puedo ser muchas cosas, pero de izquierdas, no, y la verdad es que el tiempo me ha borrado cualquier acontecer pol\u00edtico, sin embargo, hoy me he quedado sorprendido con la \u00faltima de nuestro Presidente, quiero decir el de Andaluc\u00eda, que el otro\u2026madre del amor hermoso. &nbsp;&nbsp;&nbsp;&nbsp;&nbsp;&nbsp;&nbsp;&nbsp;&nbsp;&nbsp;&nbsp;&nbsp;&nbsp; Lo consideraba persona &hellip; <\/p>\n<p class=\"link-more\"><a href=\"https:\/\/pedrocasiano.es\/?page_id=5549\" class=\"more-link\">Leer m\u00e1s<span class=\"screen-reader-text\"> \u00abLas Cosas de Algunos Sin Conocimiento o Con Demasiado\u00bb<\/span><\/a><\/p>\n","protected":false},"author":1,"featured_media":0,"parent":0,"menu_order":0,"comment_status":"closed","ping_status":"closed","template":"","meta":{"inspiro_hide_title":false,"footnotes":""},"class_list":["post-5549","page","type-page","status-publish","hentry"],"featured_media_urls":[],"_links":{"self":[{"href":"https:\/\/pedrocasiano.es\/index.php?rest_route=\/wp\/v2\/pages\/5549","targetHints":{"allow":["GET"]}}],"collection":[{"href":"https:\/\/pedrocasiano.es\/index.php?rest_route=\/wp\/v2\/pages"}],"about":[{"href":"https:\/\/pedrocasiano.es\/index.php?rest_route=\/wp\/v2\/types\/page"}],"author":[{"embeddable":true,"href":"https:\/\/pedrocasiano.es\/index.php?rest_route=\/wp\/v2\/users\/1"}],"replies":[{"embeddable":true,"href":"https:\/\/pedrocasiano.es\/index.php?rest_route=%2Fwp%2Fv2%2Fcomments&post=5549"}],"version-history":[{"count":1,"href":"https:\/\/pedrocasiano.es\/index.php?rest_route=\/wp\/v2\/pages\/5549\/revisions"}],"predecessor-version":[{"id":5551,"href":"https:\/\/pedrocasiano.es\/index.php?rest_route=\/wp\/v2\/pages\/5549\/revisions\/5551"}],"wp:attachment":[{"href":"https:\/\/pedrocasiano.es\/index.php?rest_route=%2Fwp%2Fv2%2Fmedia&parent=5549"}],"curies":[{"name":"wp","href":"https:\/\/api.w.org\/{rel}","templated":true}]}}