{"id":5543,"date":"2024-03-03T08:54:17","date_gmt":"2024-03-03T08:54:17","guid":{"rendered":"https:\/\/pedrocasiano.es\/?page_id=5543"},"modified":"2024-03-03T08:54:18","modified_gmt":"2024-03-03T08:54:18","slug":"otra-noche-mas","status":"publish","type":"page","link":"https:\/\/pedrocasiano.es\/?page_id=5543","title":{"rendered":"Otra Noche M\u00e1s"},"content":{"rendered":"\n<figure class=\"wp-block-image alignleft size-full is-resized\"><img decoding=\"async\" width=\"600\" height=\"400\" data-src=\"https:\/\/pedrocasiano.es\/wp-content\/uploads\/2024\/03\/park-3116883_1920peque.jpg\" alt=\"\" class=\"wp-image-5544 lazyload\" style=\"--smush-placeholder-width: 600px; --smush-placeholder-aspect-ratio: 600\/400;width:489px;height:auto\" src=\"data:image\/svg+xml;base64,PHN2ZyB3aWR0aD0iMSIgaGVpZ2h0PSIxIiB4bWxucz0iaHR0cDovL3d3dy53My5vcmcvMjAwMC9zdmciPjwvc3ZnPg==\" \/><\/figure>\n\n\n\n<p>Acompa\u00f1ado de la soledad, perdido en mis pensamientos, perdido en que m\u00e1s da, solo s\u00e9 que el camino, quiz\u00e1s pronto acabar\u00e1.<\/p>\n\n\n\n<p>&nbsp;&nbsp;&nbsp;&nbsp;&nbsp;&nbsp;&nbsp;&nbsp;&nbsp;&nbsp;&nbsp;&nbsp;&nbsp; Miro a la triste ventana, no logro ver nada, oscuridad absoluta me devuelven las farolas muertas a pedradas.<\/p>\n\n\n\n<p>&nbsp;&nbsp;&nbsp;&nbsp;&nbsp;&nbsp;&nbsp;&nbsp;&nbsp;&nbsp;&nbsp;&nbsp;&nbsp; Y los camiones que pasan, y los coches que los siguen, mandan r\u00e1fagas de fuego que trascienden la neblina.<\/p>\n\n\n\n<p>&nbsp;&nbsp;&nbsp;&nbsp;&nbsp;&nbsp;&nbsp;&nbsp;&nbsp;&nbsp;&nbsp;&nbsp;&nbsp; Todo est\u00e1 mojado, h\u00famedo y ca\u00eddo, las gotas de agua cargadas de puro frio, amenazan los cristales.<\/p>\n\n\n\n<p>&nbsp;&nbsp;&nbsp;&nbsp;&nbsp;&nbsp;&nbsp;&nbsp;&nbsp;&nbsp;&nbsp;&nbsp;&nbsp; Puntas de transparente hielo, quieren herir a la calle, hundirse en el blanco, o romperse contara el suelo.<\/p>\n\n\n\n<p>&nbsp;&nbsp;&nbsp;&nbsp;&nbsp;&nbsp;&nbsp;&nbsp;&nbsp;&nbsp;&nbsp;&nbsp;&nbsp; Y el vaho que de mi boca sale, se pierde en el ventanal, que a pesar de todo el frio, lo he dejado sin encajar.<\/p>\n\n\n\n<p>&nbsp;&nbsp;&nbsp;&nbsp;&nbsp;&nbsp;&nbsp;&nbsp;&nbsp;&nbsp;&nbsp;&nbsp;&nbsp; Me gusta el mal frio, que te dice que vivo est\u00e1s, te quiere roer el alma, y llegar hasta el final, y quiero dejarlo hacer, pero al final, de cobarde cerrar\u00e9 los ventanales y continuar\u00e1 la absurda velada.<\/p>\n","protected":false},"excerpt":{"rendered":"<p>Acompa\u00f1ado de la soledad, perdido en mis pensamientos, perdido en que m\u00e1s da, solo s\u00e9 que el camino, quiz\u00e1s pronto acabar\u00e1. &nbsp;&nbsp;&nbsp;&nbsp;&nbsp;&nbsp;&nbsp;&nbsp;&nbsp;&nbsp;&nbsp;&nbsp;&nbsp; Miro a la triste ventana, no logro ver nada, oscuridad absoluta me devuelven las farolas muertas a pedradas. &nbsp;&nbsp;&nbsp;&nbsp;&nbsp;&nbsp;&nbsp;&nbsp;&nbsp;&nbsp;&nbsp;&nbsp;&nbsp; Y los camiones que pasan, y los coches que los siguen, mandan r\u00e1fagas de &hellip; <\/p>\n<p class=\"link-more\"><a href=\"https:\/\/pedrocasiano.es\/?page_id=5543\" class=\"more-link\">Leer m\u00e1s<span class=\"screen-reader-text\"> \u00abOtra Noche M\u00e1s\u00bb<\/span><\/a><\/p>\n","protected":false},"author":1,"featured_media":0,"parent":0,"menu_order":0,"comment_status":"closed","ping_status":"closed","template":"","meta":{"inspiro_hide_title":false,"footnotes":""},"class_list":["post-5543","page","type-page","status-publish","hentry"],"featured_media_urls":[],"_links":{"self":[{"href":"https:\/\/pedrocasiano.es\/index.php?rest_route=\/wp\/v2\/pages\/5543","targetHints":{"allow":["GET"]}}],"collection":[{"href":"https:\/\/pedrocasiano.es\/index.php?rest_route=\/wp\/v2\/pages"}],"about":[{"href":"https:\/\/pedrocasiano.es\/index.php?rest_route=\/wp\/v2\/types\/page"}],"author":[{"embeddable":true,"href":"https:\/\/pedrocasiano.es\/index.php?rest_route=\/wp\/v2\/users\/1"}],"replies":[{"embeddable":true,"href":"https:\/\/pedrocasiano.es\/index.php?rest_route=%2Fwp%2Fv2%2Fcomments&post=5543"}],"version-history":[{"count":1,"href":"https:\/\/pedrocasiano.es\/index.php?rest_route=\/wp\/v2\/pages\/5543\/revisions"}],"predecessor-version":[{"id":5545,"href":"https:\/\/pedrocasiano.es\/index.php?rest_route=\/wp\/v2\/pages\/5543\/revisions\/5545"}],"wp:attachment":[{"href":"https:\/\/pedrocasiano.es\/index.php?rest_route=%2Fwp%2Fv2%2Fmedia&parent=5543"}],"curies":[{"name":"wp","href":"https:\/\/api.w.org\/{rel}","templated":true}]}}