{"id":5540,"date":"2024-03-03T08:50:50","date_gmt":"2024-03-03T08:50:50","guid":{"rendered":"https:\/\/pedrocasiano.es\/?page_id=5540"},"modified":"2024-03-03T08:50:51","modified_gmt":"2024-03-03T08:50:51","slug":"llega-la-noche-de-nuevo","status":"publish","type":"page","link":"https:\/\/pedrocasiano.es\/?page_id=5540","title":{"rendered":"Llega La Noche De Nuevo"},"content":{"rendered":"\n<figure class=\"wp-block-image alignleft size-full is-resized\"><img decoding=\"async\" width=\"600\" height=\"400\" data-src=\"https:\/\/pedrocasiano.es\/wp-content\/uploads\/2024\/03\/moon-2762111_1920peque.jpg\" alt=\"\" class=\"wp-image-5541 lazyload\" style=\"--smush-placeholder-width: 600px; --smush-placeholder-aspect-ratio: 600\/400;width:420px;height:auto\" src=\"data:image\/svg+xml;base64,PHN2ZyB3aWR0aD0iMSIgaGVpZ2h0PSIxIiB4bWxucz0iaHR0cDovL3d3dy53My5vcmcvMjAwMC9zdmciPjwvc3ZnPg==\" \/><\/figure>\n\n\n\n<p>Llega la noche de nuevo, imperturbable, como si no se hubiera ido.<\/p>\n\n\n\n<p>&nbsp;&nbsp;&nbsp;&nbsp;&nbsp;&nbsp;&nbsp;&nbsp;&nbsp;&nbsp;&nbsp;&nbsp;&nbsp; Miras la sempiterna ventana, como si el paisaje cambiara. No lo hace. Ser\u00eda ins\u00f3lito si lo hiciera, pero la esperanza es lo \u00faltimo que se pierde.<\/p>\n\n\n\n<p>&nbsp;&nbsp;&nbsp;&nbsp;&nbsp;&nbsp;&nbsp;&nbsp;&nbsp;&nbsp;&nbsp;&nbsp;&nbsp; Miras el monitor. Otra m\u00e1s. Otra menos.<\/p>\n\n\n\n<p>&nbsp;&nbsp;&nbsp;&nbsp;&nbsp;&nbsp;&nbsp;&nbsp;&nbsp;&nbsp;&nbsp;&nbsp;&nbsp; Hoy no escuchas m\u00fasica, solo el silencio del aire que mueve el ventilador, por primera vez encendido, es el que anuncia el t\u00f3rrido verano, la estaci\u00f3n donde muere la vida del frio, y se apodera de todo el hedor de la podredumbre. No quiero morir en verano.<\/p>\n\n\n\n<p>&nbsp;&nbsp;&nbsp;&nbsp;&nbsp;&nbsp;&nbsp;&nbsp;&nbsp;&nbsp;&nbsp;&nbsp;&nbsp; No s\u00e9 por qu\u00e9 me ha venido a la cabeza.<\/p>\n\n\n\n<p>&nbsp;&nbsp;&nbsp;&nbsp;&nbsp;&nbsp;&nbsp;&nbsp;&nbsp;&nbsp;&nbsp;&nbsp;&nbsp; Pero es as\u00ed, cosas del ser humano, la cabeza, ese sempiterno desconocido, digan los nuevos dioses lo que digan, si, hablo de los m\u00e9dicos, de los doctores que nunca han hecho un doctorado. Desvar\u00edo. Lo hago porque puedo, a fin de cuentas, escribo para m\u00ed, si lo lees, bien, sino, francamente me da igual. Estar\u00e9 de una u otra forma, tan solo o tan acompa\u00f1ado como siempre, rodeado de los esp\u00edritus de los objetos, de las sombras de las luces conocidas, de los rayos de sol que nunca entran en la habitaci\u00f3n, en mi cara reflejada en el monitor de un ordenador al que dedico mi vida, como si tuviera que terminar de criarlo, quiz\u00e1s adorarlo, no lo s\u00e9, lo \u00fanico que estoy seguro, es que estamos locos. Lo que no tengo claro es si esa locura es nociva o beneficiosa, pero es lo que hay, tiempos nuevos, torrentes que se llevan a los que no se acomodan, y nada es importante, nadie, menos, solo somos\u2026 nada, la importancia de tu nombre est\u00e1 en que no es importante, somos siete mil\u2026 millones, qu\u00e9 m\u00e1s da, te mueres, ni tan siquiera el polvo te recuerda.<\/p>\n\n\n\n<p>&nbsp;&nbsp;&nbsp;&nbsp;&nbsp;&nbsp;&nbsp;&nbsp;&nbsp;&nbsp;&nbsp;&nbsp;&nbsp; Suspiro, tampoco quiero hablar de la muerte, el protagonista de la vida, m\u00e1s cuando se acaba, pero ahora solo vuelvo a mirar por la ventana, alguien habla, otro contesta gritando, no s\u00e9 lo que dicen, pero si consigue que me d\u00e9 cuenta de que llega el buen tiempo, los oigo, porque la ventanas est\u00e1n abiertas\u2026<\/p>\n","protected":false},"excerpt":{"rendered":"<p>Llega la noche de nuevo, imperturbable, como si no se hubiera ido. &nbsp;&nbsp;&nbsp;&nbsp;&nbsp;&nbsp;&nbsp;&nbsp;&nbsp;&nbsp;&nbsp;&nbsp;&nbsp; Miras la sempiterna ventana, como si el paisaje cambiara. No lo hace. Ser\u00eda ins\u00f3lito si lo hiciera, pero la esperanza es lo \u00faltimo que se pierde. &nbsp;&nbsp;&nbsp;&nbsp;&nbsp;&nbsp;&nbsp;&nbsp;&nbsp;&nbsp;&nbsp;&nbsp;&nbsp; Miras el monitor. Otra m\u00e1s. Otra menos. &nbsp;&nbsp;&nbsp;&nbsp;&nbsp;&nbsp;&nbsp;&nbsp;&nbsp;&nbsp;&nbsp;&nbsp;&nbsp; Hoy no escuchas m\u00fasica, solo el silencio &hellip; <\/p>\n<p class=\"link-more\"><a href=\"https:\/\/pedrocasiano.es\/?page_id=5540\" class=\"more-link\">Leer m\u00e1s<span class=\"screen-reader-text\"> \u00abLlega La Noche De Nuevo\u00bb<\/span><\/a><\/p>\n","protected":false},"author":1,"featured_media":0,"parent":0,"menu_order":0,"comment_status":"closed","ping_status":"closed","template":"","meta":{"inspiro_hide_title":false,"footnotes":""},"class_list":["post-5540","page","type-page","status-publish","hentry"],"featured_media_urls":[],"_links":{"self":[{"href":"https:\/\/pedrocasiano.es\/index.php?rest_route=\/wp\/v2\/pages\/5540","targetHints":{"allow":["GET"]}}],"collection":[{"href":"https:\/\/pedrocasiano.es\/index.php?rest_route=\/wp\/v2\/pages"}],"about":[{"href":"https:\/\/pedrocasiano.es\/index.php?rest_route=\/wp\/v2\/types\/page"}],"author":[{"embeddable":true,"href":"https:\/\/pedrocasiano.es\/index.php?rest_route=\/wp\/v2\/users\/1"}],"replies":[{"embeddable":true,"href":"https:\/\/pedrocasiano.es\/index.php?rest_route=%2Fwp%2Fv2%2Fcomments&post=5540"}],"version-history":[{"count":1,"href":"https:\/\/pedrocasiano.es\/index.php?rest_route=\/wp\/v2\/pages\/5540\/revisions"}],"predecessor-version":[{"id":5542,"href":"https:\/\/pedrocasiano.es\/index.php?rest_route=\/wp\/v2\/pages\/5540\/revisions\/5542"}],"wp:attachment":[{"href":"https:\/\/pedrocasiano.es\/index.php?rest_route=%2Fwp%2Fv2%2Fmedia&parent=5540"}],"curies":[{"name":"wp","href":"https:\/\/api.w.org\/{rel}","templated":true}]}}