{"id":5537,"date":"2024-03-03T08:47:07","date_gmt":"2024-03-03T08:47:07","guid":{"rendered":"https:\/\/pedrocasiano.es\/?page_id=5537"},"modified":"2024-03-03T08:47:07","modified_gmt":"2024-03-03T08:47:07","slug":"ninos","status":"publish","type":"page","link":"https:\/\/pedrocasiano.es\/?page_id=5537","title":{"rendered":"Ni\u00f1os"},"content":{"rendered":"\n<figure class=\"wp-block-image alignright size-full is-resized\"><img decoding=\"async\" width=\"600\" height=\"600\" data-src=\"https:\/\/pedrocasiano.es\/wp-content\/uploads\/2024\/03\/ai-generated-8216015_1920peque.jpg\" alt=\"\" class=\"wp-image-5538 lazyload\" style=\"--smush-placeholder-width: 600px; --smush-placeholder-aspect-ratio: 600\/600;width:470px;height:auto\" data-srcset=\"https:\/\/pedrocasiano.es\/wp-content\/uploads\/2024\/03\/ai-generated-8216015_1920peque.jpg 600w, https:\/\/pedrocasiano.es\/wp-content\/uploads\/2024\/03\/ai-generated-8216015_1920peque-300x300.jpg 300w, https:\/\/pedrocasiano.es\/wp-content\/uploads\/2024\/03\/ai-generated-8216015_1920peque-150x150.jpg 150w\" data-sizes=\"(max-width: 600px) 100vw, 600px\" src=\"data:image\/svg+xml;base64,PHN2ZyB3aWR0aD0iMSIgaGVpZ2h0PSIxIiB4bWxucz0iaHR0cDovL3d3dy53My5vcmcvMjAwMC9zdmciPjwvc3ZnPg==\" \/><\/figure>\n\n\n\n<p>Ni\u00f1os. Hoy ni\u00f1os han muerto, ni\u00f1os se han enterado de que tienen c\u00e1ncer, de que agonizan en los hospitales v\u00edctimas de la edad.<\/p>\n\n\n\n<p>&nbsp;&nbsp;&nbsp;&nbsp;&nbsp;&nbsp;&nbsp;&nbsp;&nbsp;&nbsp;&nbsp;&nbsp;&nbsp; Ni\u00f1os. Rodeados de a\u00f1os, de capas de maldad, para protegerse, para hacer da\u00f1o. Ni\u00f1os. Belleza. Oscuridad.<\/p>\n\n\n\n<p>&nbsp;&nbsp;&nbsp;&nbsp;&nbsp;&nbsp;&nbsp;&nbsp;&nbsp;&nbsp;&nbsp;&nbsp;&nbsp; Ni\u00f1os que se prostituyen, ni\u00f1os que dejan de so\u00f1ar, ni\u00f1os encerrados en casas de las que nunca saldr\u00e1n.<\/p>\n\n\n\n<p>&nbsp;&nbsp;&nbsp;&nbsp;&nbsp;&nbsp;&nbsp;&nbsp;&nbsp;&nbsp;&nbsp;&nbsp;&nbsp; Ni\u00f1os que matan a ni\u00f1os, ni\u00f1os que mueren en soledad, campos de batalla de ni\u00f1os, con sangre de verdad.<\/p>\n\n\n\n<p>&nbsp;&nbsp;&nbsp;&nbsp;&nbsp;&nbsp;&nbsp;&nbsp;&nbsp;&nbsp;&nbsp;&nbsp;&nbsp; Ni\u00f1os altaneros, ufanos de sus juguetes, de sus trajes negros, de sus uniformes, de las togas, ni\u00f1os locos, que creer ser otra cosa y no son sino ni\u00f1os, solo ni\u00f1os, escondidos de s\u00ed mismos, con miedo a todo a todos, aunque manden matar, aunque maten de verdad. Ni\u00f1os, los que lloran en las esquinas, lo que se arrastran llenos de dolor en la oscuridad, los ni\u00f1os vejados, los angustiados, los moribundos, los tiernos, los salvajes, los buenos, los malos, los que est\u00e1n, los que se han ido, los que vendr\u00e1n, los que han venido.<\/p>\n\n\n\n<p>&nbsp;&nbsp;&nbsp;&nbsp;&nbsp;&nbsp;&nbsp;&nbsp;&nbsp;&nbsp;&nbsp;&nbsp;&nbsp; Ni\u00f1os. Solo ni\u00f1os, cuando miro, solo veo ni\u00f1os.<\/p>\n","protected":false},"excerpt":{"rendered":"<p>Ni\u00f1os. Hoy ni\u00f1os han muerto, ni\u00f1os se han enterado de que tienen c\u00e1ncer, de que agonizan en los hospitales v\u00edctimas de la edad. &nbsp;&nbsp;&nbsp;&nbsp;&nbsp;&nbsp;&nbsp;&nbsp;&nbsp;&nbsp;&nbsp;&nbsp;&nbsp; Ni\u00f1os. Rodeados de a\u00f1os, de capas de maldad, para protegerse, para hacer da\u00f1o. Ni\u00f1os. Belleza. Oscuridad. &nbsp;&nbsp;&nbsp;&nbsp;&nbsp;&nbsp;&nbsp;&nbsp;&nbsp;&nbsp;&nbsp;&nbsp;&nbsp; Ni\u00f1os que se prostituyen, ni\u00f1os que dejan de so\u00f1ar, ni\u00f1os encerrados en casas de &hellip; <\/p>\n<p class=\"link-more\"><a href=\"https:\/\/pedrocasiano.es\/?page_id=5537\" class=\"more-link\">Leer m\u00e1s<span class=\"screen-reader-text\"> \u00abNi\u00f1os\u00bb<\/span><\/a><\/p>\n","protected":false},"author":1,"featured_media":0,"parent":0,"menu_order":0,"comment_status":"closed","ping_status":"closed","template":"","meta":{"inspiro_hide_title":false,"footnotes":""},"class_list":["post-5537","page","type-page","status-publish","hentry"],"featured_media_urls":[],"_links":{"self":[{"href":"https:\/\/pedrocasiano.es\/index.php?rest_route=\/wp\/v2\/pages\/5537","targetHints":{"allow":["GET"]}}],"collection":[{"href":"https:\/\/pedrocasiano.es\/index.php?rest_route=\/wp\/v2\/pages"}],"about":[{"href":"https:\/\/pedrocasiano.es\/index.php?rest_route=\/wp\/v2\/types\/page"}],"author":[{"embeddable":true,"href":"https:\/\/pedrocasiano.es\/index.php?rest_route=\/wp\/v2\/users\/1"}],"replies":[{"embeddable":true,"href":"https:\/\/pedrocasiano.es\/index.php?rest_route=%2Fwp%2Fv2%2Fcomments&post=5537"}],"version-history":[{"count":1,"href":"https:\/\/pedrocasiano.es\/index.php?rest_route=\/wp\/v2\/pages\/5537\/revisions"}],"predecessor-version":[{"id":5539,"href":"https:\/\/pedrocasiano.es\/index.php?rest_route=\/wp\/v2\/pages\/5537\/revisions\/5539"}],"wp:attachment":[{"href":"https:\/\/pedrocasiano.es\/index.php?rest_route=%2Fwp%2Fv2%2Fmedia&parent=5537"}],"curies":[{"name":"wp","href":"https:\/\/api.w.org\/{rel}","templated":true}]}}