{"id":5534,"date":"2024-03-03T08:43:56","date_gmt":"2024-03-03T08:43:56","guid":{"rendered":"https:\/\/pedrocasiano.es\/?page_id=5534"},"modified":"2024-03-03T08:43:56","modified_gmt":"2024-03-03T08:43:56","slug":"el-mundo-se-cierra-sobre-si-mismo","status":"publish","type":"page","link":"https:\/\/pedrocasiano.es\/?page_id=5534","title":{"rendered":"El Mundo Se Cierra Sobre S\u00ed Mismo"},"content":{"rendered":"\n<figure class=\"wp-block-image alignleft size-full\"><img decoding=\"async\" width=\"600\" height=\"333\" data-src=\"https:\/\/pedrocasiano.es\/wp-content\/uploads\/2024\/03\/red-8397400_1920peque.jpg\" alt=\"\" class=\"wp-image-5535 lazyload\" src=\"data:image\/svg+xml;base64,PHN2ZyB3aWR0aD0iMSIgaGVpZ2h0PSIxIiB4bWxucz0iaHR0cDovL3d3dy53My5vcmcvMjAwMC9zdmciPjwvc3ZnPg==\" style=\"--smush-placeholder-width: 600px; --smush-placeholder-aspect-ratio: 600\/333;\" \/><\/figure>\n\n\n\n<p>El mundo se cierra sobre s\u00ed mismo en la noche que quiere convertirse en eterna, la oscuridad, \u00fatero de la muerte, se cierne, sobre todo, y se pre\u00f1a de dolor, de seres que nos atemorizan, de recuerdos nunca olvidados a pesar del empe\u00f1o, de los sufrimientos, de la maldad recibida, y el c\u00famulo de esqueletos llega al cielo, un cielo negro que augura tormenta de maldad, de muerte, de desidia, de abortos de perros ciegos que devoraran a sus hijos.<\/p>\n\n\n\n<p>&nbsp;&nbsp;&nbsp;&nbsp;&nbsp;&nbsp;&nbsp;&nbsp;&nbsp;&nbsp;&nbsp;&nbsp;&nbsp; Seres innombrables, abortos de vaginas destruidas, seres que humanos no sois, monstruos y aberraciones que cre\u00e9is en dioses para tapar vuestra maldad, ten\u00e9is suerte, como siempre, dios no existe, nadie os castigar\u00e1, seguid siendo lo que sois, abortos de perra pillada por un cerdo, hijos de la podredumbre, hermanos de la infecci\u00f3n y la muerte, malditos se\u00e1is, malditos seamos.<\/p>\n","protected":false},"excerpt":{"rendered":"<p>El mundo se cierra sobre s\u00ed mismo en la noche que quiere convertirse en eterna, la oscuridad, \u00fatero de la muerte, se cierne, sobre todo, y se pre\u00f1a de dolor, de seres que nos atemorizan, de recuerdos nunca olvidados a pesar del empe\u00f1o, de los sufrimientos, de la maldad recibida, y el c\u00famulo de esqueletos &hellip; <\/p>\n<p class=\"link-more\"><a href=\"https:\/\/pedrocasiano.es\/?page_id=5534\" class=\"more-link\">Leer m\u00e1s<span class=\"screen-reader-text\"> \u00abEl Mundo Se Cierra Sobre S\u00ed Mismo\u00bb<\/span><\/a><\/p>\n","protected":false},"author":1,"featured_media":0,"parent":0,"menu_order":0,"comment_status":"closed","ping_status":"closed","template":"","meta":{"inspiro_hide_title":false,"footnotes":""},"class_list":["post-5534","page","type-page","status-publish","hentry"],"featured_media_urls":[],"_links":{"self":[{"href":"https:\/\/pedrocasiano.es\/index.php?rest_route=\/wp\/v2\/pages\/5534","targetHints":{"allow":["GET"]}}],"collection":[{"href":"https:\/\/pedrocasiano.es\/index.php?rest_route=\/wp\/v2\/pages"}],"about":[{"href":"https:\/\/pedrocasiano.es\/index.php?rest_route=\/wp\/v2\/types\/page"}],"author":[{"embeddable":true,"href":"https:\/\/pedrocasiano.es\/index.php?rest_route=\/wp\/v2\/users\/1"}],"replies":[{"embeddable":true,"href":"https:\/\/pedrocasiano.es\/index.php?rest_route=%2Fwp%2Fv2%2Fcomments&post=5534"}],"version-history":[{"count":1,"href":"https:\/\/pedrocasiano.es\/index.php?rest_route=\/wp\/v2\/pages\/5534\/revisions"}],"predecessor-version":[{"id":5536,"href":"https:\/\/pedrocasiano.es\/index.php?rest_route=\/wp\/v2\/pages\/5534\/revisions\/5536"}],"wp:attachment":[{"href":"https:\/\/pedrocasiano.es\/index.php?rest_route=%2Fwp%2Fv2%2Fmedia&parent=5534"}],"curies":[{"name":"wp","href":"https:\/\/api.w.org\/{rel}","templated":true}]}}