{"id":5531,"date":"2024-03-03T08:41:15","date_gmt":"2024-03-03T08:41:15","guid":{"rendered":"https:\/\/pedrocasiano.es\/?page_id=5531"},"modified":"2024-03-03T08:41:16","modified_gmt":"2024-03-03T08:41:16","slug":"hoy-me-he-levantado-gracioso","status":"publish","type":"page","link":"https:\/\/pedrocasiano.es\/?page_id=5531","title":{"rendered":"Hoy Me He Levantado Gracioso"},"content":{"rendered":"\n<figure class=\"wp-block-image alignleft size-full is-resized\"><img decoding=\"async\" width=\"600\" height=\"338\" data-src=\"https:\/\/pedrocasiano.es\/wp-content\/uploads\/2024\/03\/cannon-615237_1920peque.jpg\" alt=\"\" class=\"wp-image-5532 lazyload\" style=\"--smush-placeholder-width: 600px; --smush-placeholder-aspect-ratio: 600\/338;width:382px;height:auto\" src=\"data:image\/svg+xml;base64,PHN2ZyB3aWR0aD0iMSIgaGVpZ2h0PSIxIiB4bWxucz0iaHR0cDovL3d3dy53My5vcmcvMjAwMC9zdmciPjwvc3ZnPg==\" \/><\/figure>\n\n\n\n<p>Hoy me he levantado gracioso, el vecino me golpea en la cabeza con la pata de una silla, con un mueble desvencijado, con un aditamento \u00f3seo o cartilaginoso, me da igual, me quiere joder el d\u00eda, otro m\u00e1s, que gracia tiene el pu\u00f1etero d\u00eda.<\/p>\n\n\n\n<p>&nbsp;&nbsp;&nbsp;&nbsp;&nbsp;&nbsp;&nbsp;&nbsp;&nbsp;&nbsp;&nbsp;&nbsp;&nbsp; Las noticias, las putas noticias que te levantan el \u00e1nimo, preciosas fosas comunes para desayunar, despu\u00e9s idiotas diciendo idioteces, y encima se me ocurre poner una cadena de izquierdas que ensalza hasta los marrones m\u00e1s incre\u00edbles, que pandilla, cambio de canal, pero nada cambia, o todo cambia, pero a peor.<\/p>\n\n\n\n<p>&nbsp;&nbsp;&nbsp;&nbsp;&nbsp;&nbsp;&nbsp;&nbsp;&nbsp;&nbsp;&nbsp;&nbsp;&nbsp; Me siento delante del ordenador, la calle parece que es la sucursal del infierno, que ambiente, el de una serrer\u00eda a primera hora, de un taller metal\u00fargico, en la hora \u00faltima para terminar el encargo y poder cobrar, que locura.<\/p>\n\n\n\n<p>&nbsp;&nbsp;&nbsp;&nbsp;&nbsp;&nbsp;&nbsp;&nbsp;&nbsp;&nbsp;&nbsp;&nbsp;&nbsp; Miro al techo, el ventilador se bambolea, pasa de m\u00ed, yo de \u00e9l, pero sigue cachonde\u00e1ndose de m\u00ed, adem\u00e1s me falta un driver en el ordenador, pu\u00f1etero driver, controlador o la madre que lo pari\u00f3.<\/p>\n\n\n\n<p>&nbsp;&nbsp;&nbsp;&nbsp;&nbsp;&nbsp;&nbsp;&nbsp;&nbsp;&nbsp;&nbsp;&nbsp;&nbsp; Me gritan, a mi o a su p\u2026 madre, no lo s\u00e9, es en el barrio, que cercan\u00eda amistosa la de esos hijos de la gran p\u2026<\/p>\n\n\n\n<p>&nbsp;&nbsp;&nbsp;&nbsp;&nbsp;&nbsp;&nbsp;&nbsp;&nbsp;&nbsp;&nbsp;&nbsp;&nbsp; Ahora es cuando valoro el hecho de que en mi pa\u00eds no permitan el uso de armas de fuego, porque si no fuera as\u00ed, el de la radial, ir\u00eda\u2026 con el de la bocina que no para, el vecino que no cesa, la mar\u00eda que grita pidiendo algo, o soltando lo que sea, pero chillando, mientras que el gran ojo de la vecina que todo lo ve, me observa, sabiendo que no puedo escapar de su mirada de c\u00edclope, tengo miedo, todo est\u00e1 contra m\u00ed.<\/p>\n\n\n\n<p>&nbsp;&nbsp;&nbsp;&nbsp;&nbsp;&nbsp;&nbsp;&nbsp;&nbsp;&nbsp;&nbsp;&nbsp;&nbsp; Todo lo que digo es cierto\u2026 co\u00f1o, que no me he tomado las pastillas, sonr\u00edo, que gracia, a cualquiera se le pueden olvidar\u2026supongo.<\/p>\n\n\n\n<p>PCGC 2022<\/p>\n","protected":false},"excerpt":{"rendered":"<p>Hoy me he levantado gracioso, el vecino me golpea en la cabeza con la pata de una silla, con un mueble desvencijado, con un aditamento \u00f3seo o cartilaginoso, me da igual, me quiere joder el d\u00eda, otro m\u00e1s, que gracia tiene el pu\u00f1etero d\u00eda. &nbsp;&nbsp;&nbsp;&nbsp;&nbsp;&nbsp;&nbsp;&nbsp;&nbsp;&nbsp;&nbsp;&nbsp;&nbsp; Las noticias, las putas noticias que te levantan el \u00e1nimo, &hellip; <\/p>\n<p class=\"link-more\"><a href=\"https:\/\/pedrocasiano.es\/?page_id=5531\" class=\"more-link\">Leer m\u00e1s<span class=\"screen-reader-text\"> \u00abHoy Me He Levantado Gracioso\u00bb<\/span><\/a><\/p>\n","protected":false},"author":1,"featured_media":0,"parent":0,"menu_order":0,"comment_status":"closed","ping_status":"closed","template":"","meta":{"inspiro_hide_title":false,"footnotes":""},"class_list":["post-5531","page","type-page","status-publish","hentry"],"featured_media_urls":[],"_links":{"self":[{"href":"https:\/\/pedrocasiano.es\/index.php?rest_route=\/wp\/v2\/pages\/5531","targetHints":{"allow":["GET"]}}],"collection":[{"href":"https:\/\/pedrocasiano.es\/index.php?rest_route=\/wp\/v2\/pages"}],"about":[{"href":"https:\/\/pedrocasiano.es\/index.php?rest_route=\/wp\/v2\/types\/page"}],"author":[{"embeddable":true,"href":"https:\/\/pedrocasiano.es\/index.php?rest_route=\/wp\/v2\/users\/1"}],"replies":[{"embeddable":true,"href":"https:\/\/pedrocasiano.es\/index.php?rest_route=%2Fwp%2Fv2%2Fcomments&post=5531"}],"version-history":[{"count":1,"href":"https:\/\/pedrocasiano.es\/index.php?rest_route=\/wp\/v2\/pages\/5531\/revisions"}],"predecessor-version":[{"id":5533,"href":"https:\/\/pedrocasiano.es\/index.php?rest_route=\/wp\/v2\/pages\/5531\/revisions\/5533"}],"wp:attachment":[{"href":"https:\/\/pedrocasiano.es\/index.php?rest_route=%2Fwp%2Fv2%2Fmedia&parent=5531"}],"curies":[{"name":"wp","href":"https:\/\/api.w.org\/{rel}","templated":true}]}}