{"id":5528,"date":"2024-03-03T08:36:38","date_gmt":"2024-03-03T08:36:38","guid":{"rendered":"https:\/\/pedrocasiano.es\/?page_id=5528"},"modified":"2024-03-03T08:36:39","modified_gmt":"2024-03-03T08:36:39","slug":"la-navidad-o-algo-asi","status":"publish","type":"page","link":"https:\/\/pedrocasiano.es\/?page_id=5528","title":{"rendered":"La Navidad O Algo As\u00ed\u2026"},"content":{"rendered":"\n<figure class=\"wp-block-image alignleft size-full is-resized\"><img decoding=\"async\" width=\"600\" height=\"400\" data-src=\"https:\/\/pedrocasiano.es\/wp-content\/uploads\/2024\/03\/people-8470383_1920peque.jpg\" alt=\"\" class=\"wp-image-5529 lazyload\" style=\"--smush-placeholder-width: 600px; --smush-placeholder-aspect-ratio: 600\/400;width:476px;height:auto\" src=\"data:image\/svg+xml;base64,PHN2ZyB3aWR0aD0iMSIgaGVpZ2h0PSIxIiB4bWxucz0iaHR0cDovL3d3dy53My5vcmcvMjAwMC9zdmciPjwvc3ZnPg==\" \/><\/figure>\n\n\n\n<p>La navidad se acerca, con alharaca, con los millones de leds que engalanan la ciudad, con la ilusi\u00f3n de los peque\u00f1os, de los dem\u00e1s\u2026<\/p>\n\n\n\n<p>&nbsp;&nbsp;&nbsp;&nbsp;&nbsp;&nbsp;&nbsp;&nbsp;&nbsp;&nbsp;&nbsp;&nbsp;&nbsp; Y eso, ya mismo es Navidad, un hurra muy alto. No me lo creo, \u00bfD\u00f3nde est\u00e1 el esp\u00edritu navide\u00f1o?, supongo que estar\u00e1n fabric\u00e1ndolo en alguno de los grandes almacenes que viven de esto.<\/p>\n\n\n\n<p>&nbsp;&nbsp;&nbsp;&nbsp;&nbsp;&nbsp;&nbsp;&nbsp;&nbsp;&nbsp;&nbsp;&nbsp;&nbsp; Compra, compra, compra, eso es la Navidad, ah\u00edto de comida, reventando, la excusa perfecta, todos somos buenos, m\u00e1s que ello, magn\u00edficos, maravillas, incre\u00edbles, aunque el resto del a\u00f1o seamos simplemente cloacas de buitre, eso el mejor, el peor\u2026 lo dejo a la imaginaci\u00f3n de cada uno.<\/p>\n\n\n\n<p>&nbsp;&nbsp;&nbsp;&nbsp;&nbsp;&nbsp;&nbsp;&nbsp;&nbsp;&nbsp;&nbsp;&nbsp;&nbsp; Y la pandemia, obligados a convivir en demas\u00eda, aglomerados en espacios que cada vez se tornan m\u00e1s peque\u00f1os, cada vez m\u00e1s reducidos, cada vez con menos ox\u00edgeno, y salimos, y nos van a obligar a estar dentro otra vez. Puta vida, puto gobierno, puta enfermedad, puto\u2026<\/p>\n\n\n\n<p>&nbsp;&nbsp;&nbsp;&nbsp;&nbsp;&nbsp;&nbsp;&nbsp;&nbsp;&nbsp;&nbsp;&nbsp;&nbsp; Y ya los mayores contamos las sillas vac\u00edas, y se nos llena el coraz\u00f3n de negro zaino, y los maduros, piensan en el costo, en la prevalencia de los regalos, en la cena que nadie quiere y que todos aseguran desear y se pierden en los mezquinos pensamientos de c\u00f3mo pagar, de c\u00f3mo seguir en esta mierda de vida, en sobrevivir al contacto con los hermanos, con los cu\u00f1ados, con los que cuentan las sillas vac\u00edas\u2026<\/p>\n\n\n\n<p>&nbsp;&nbsp;&nbsp;&nbsp;&nbsp;&nbsp;&nbsp;&nbsp;&nbsp;&nbsp;&nbsp;&nbsp;&nbsp; Lo \u00fanico que merece la pena, son los peque\u00f1os, ignoran, nada saben, creen en lo que nosotros olvidamos, y son felices, nada temen, nada es imposible, todos son buenos, salvo el que te para en la calle y te ofrece caramelos, pero el resto es magn\u00edfico, y los que cuentan las sillas vac\u00edas, los que piensan en el martirio de soportar a personas con las que no quieren tener contacto, en c\u00f3mo pagar todo, los miran, y lo dem\u00e1s se olvida, aunque solo sea unos instantes, solo una peque\u00f1a brisa de calor en el g\u00e9lido invierno eterno de los seres humanos.<\/p>\n","protected":false},"excerpt":{"rendered":"<p>La navidad se acerca, con alharaca, con los millones de leds que engalanan la ciudad, con la ilusi\u00f3n de los peque\u00f1os, de los dem\u00e1s\u2026 &nbsp;&nbsp;&nbsp;&nbsp;&nbsp;&nbsp;&nbsp;&nbsp;&nbsp;&nbsp;&nbsp;&nbsp;&nbsp; Y eso, ya mismo es Navidad, un hurra muy alto. No me lo creo, \u00bfD\u00f3nde est\u00e1 el esp\u00edritu navide\u00f1o?, supongo que estar\u00e1n fabric\u00e1ndolo en alguno de los grandes almacenes que &hellip; <\/p>\n<p class=\"link-more\"><a href=\"https:\/\/pedrocasiano.es\/?page_id=5528\" class=\"more-link\">Leer m\u00e1s<span class=\"screen-reader-text\"> \u00abLa Navidad O Algo As\u00ed\u2026\u00bb<\/span><\/a><\/p>\n","protected":false},"author":1,"featured_media":0,"parent":0,"menu_order":0,"comment_status":"closed","ping_status":"closed","template":"","meta":{"inspiro_hide_title":false,"footnotes":""},"class_list":["post-5528","page","type-page","status-publish","hentry"],"featured_media_urls":[],"_links":{"self":[{"href":"https:\/\/pedrocasiano.es\/index.php?rest_route=\/wp\/v2\/pages\/5528","targetHints":{"allow":["GET"]}}],"collection":[{"href":"https:\/\/pedrocasiano.es\/index.php?rest_route=\/wp\/v2\/pages"}],"about":[{"href":"https:\/\/pedrocasiano.es\/index.php?rest_route=\/wp\/v2\/types\/page"}],"author":[{"embeddable":true,"href":"https:\/\/pedrocasiano.es\/index.php?rest_route=\/wp\/v2\/users\/1"}],"replies":[{"embeddable":true,"href":"https:\/\/pedrocasiano.es\/index.php?rest_route=%2Fwp%2Fv2%2Fcomments&post=5528"}],"version-history":[{"count":1,"href":"https:\/\/pedrocasiano.es\/index.php?rest_route=\/wp\/v2\/pages\/5528\/revisions"}],"predecessor-version":[{"id":5530,"href":"https:\/\/pedrocasiano.es\/index.php?rest_route=\/wp\/v2\/pages\/5528\/revisions\/5530"}],"wp:attachment":[{"href":"https:\/\/pedrocasiano.es\/index.php?rest_route=%2Fwp%2Fv2%2Fmedia&parent=5528"}],"curies":[{"name":"wp","href":"https:\/\/api.w.org\/{rel}","templated":true}]}}