{"id":5525,"date":"2024-03-03T08:34:05","date_gmt":"2024-03-03T08:34:05","guid":{"rendered":"https:\/\/pedrocasiano.es\/?page_id=5525"},"modified":"2024-03-03T08:34:05","modified_gmt":"2024-03-03T08:34:05","slug":"algunas-veces-me-pregunto","status":"publish","type":"page","link":"https:\/\/pedrocasiano.es\/?page_id=5525","title":{"rendered":"Algunas Veces Me Pregunto"},"content":{"rendered":"\n<figure class=\"wp-block-image alignright size-full is-resized\"><img decoding=\"async\" width=\"800\" height=\"533\" data-src=\"https:\/\/pedrocasiano.es\/wp-content\/uploads\/2024\/03\/dollar-rate-1881265_1920peque.jpg\" alt=\"\" class=\"wp-image-5526 lazyload\" style=\"--smush-placeholder-width: 800px; --smush-placeholder-aspect-ratio: 800\/533;width:419px;height:auto\" src=\"data:image\/svg+xml;base64,PHN2ZyB3aWR0aD0iMSIgaGVpZ2h0PSIxIiB4bWxucz0iaHR0cDovL3d3dy53My5vcmcvMjAwMC9zdmciPjwvc3ZnPg==\" \/><\/figure>\n\n\n\n<p>Algunas veces me pregunto qu\u00e9 he hecho de malo para nacer aqu\u00ed, bien es cierto que nacer en Nigeria, salvo que seas hijo del pastoso, es peor, pero volviendo aqu\u00ed, es triste que tengamos que estar a las que nos caigan despu\u00e9s de la digesti\u00f3n de los que mandan, vaya pandilla.<\/p>\n\n\n\n<p>&nbsp;&nbsp;&nbsp;&nbsp;&nbsp;&nbsp;&nbsp;&nbsp;&nbsp;&nbsp;&nbsp;&nbsp;&nbsp; El que ahora mismo est\u00e1 en la poltrona, hace y deshace en la sombra, sin aparecer, sonr\u00ede, intenta ligarse a la de turno en Europa, o hacerse el simp\u00e1tico, quiere tambi\u00e9n medrar por all\u00ed, pues parece, que nunca se sabe, que por aqu\u00ed poco le queda.<\/p>\n\n\n\n<p>&nbsp;&nbsp;&nbsp;&nbsp;&nbsp;&nbsp;&nbsp;&nbsp;&nbsp;&nbsp;&nbsp;&nbsp;&nbsp; Grandilocuente, oportunista, sabedor de que gusta a las mujeres, con muy poca verg\u00fcenza, con la facilidad de un camale\u00f3n para responder \u201cyo no he sido\u201d, y una capacidad casi inhumana de tener delante de \u00e9l, como protecci\u00f3n, a muchos y muchas quitaverguenzas, y por lo dem\u00e1s a esperar que le den aire para salir en las pr\u00f3ximas; dios, o quien sea nos libre, que, si es as\u00ed, es que nos merecemos todo lo malo que nos pase.<\/p>\n\n\n\n<p>&nbsp;&nbsp;&nbsp;&nbsp;&nbsp;&nbsp;&nbsp;&nbsp;&nbsp;&nbsp;&nbsp;&nbsp;&nbsp; En cuanto a la oposici\u00f3n\u2026 madre m\u00eda, un se\u00f1or que se sienta con cara de malvado decimon\u00f3nico, mientras espera que la efigie del espantap\u00e1jaros caiga sola, por su propio peso.<\/p>\n\n\n\n<p>&nbsp;&nbsp;&nbsp;&nbsp;&nbsp;&nbsp;&nbsp;&nbsp;&nbsp;&nbsp;&nbsp;&nbsp;&nbsp; Se siente el heredero de una larga lista de pr\u00f3ceres de dudosa trayectoria, y aspira a llevarnos\u2026 aun no lo s\u00e9, supongo que cuando llegue el momento, supongo, lo sabremos.<\/p>\n\n\n\n<p>&nbsp;&nbsp;&nbsp;&nbsp;&nbsp;&nbsp;&nbsp;&nbsp;&nbsp;&nbsp;&nbsp;&nbsp;&nbsp; Y me pregunto qu\u00e9 espera; por lo menos me gustar\u00eda un poco de sangre caliente en las venas, pero nada, su temperatura corporal no parece elevarse, al contrario, asemeja que disminuye, eso me da a\u00fan m\u00e1s miedo, siempre he odiado a aquellos que guardan de todo para hac\u00e9rtelo pagar cuando puedan, a traici\u00f3n y por la espalda, aunque seguro que estoy mal de la cabeza, como asegura un amigo m\u00edo.<\/p>\n\n\n\n<p>&nbsp;&nbsp;&nbsp;&nbsp;&nbsp;&nbsp;&nbsp;&nbsp;&nbsp;&nbsp;&nbsp;&nbsp;&nbsp; \u00bfY de los que perjuran que pueden?, Nancys de opereta, ministros con encefalograma plano, defensoras a las que le crece la nariz cada vez que hablan, y por supuesto ni\u00f1os que se acuestan rogando a supuestos libertadores rusos que crearon monstruos que el viento se llev\u00f3\u2026, que miedo me dan.<\/p>\n\n\n\n<p>&nbsp;&nbsp;&nbsp;&nbsp;&nbsp;&nbsp;&nbsp;&nbsp;&nbsp;&nbsp;&nbsp;&nbsp;&nbsp; Al final, un circo, donde los m\u00e1s listos son los caballos, donde todo huele a excremento, a catalina generosa, a enanos disl\u00e9xicos y a trapecistas con Parkinson.<\/p>\n\n\n\n<p>&nbsp;&nbsp;&nbsp;&nbsp;&nbsp;&nbsp;&nbsp;&nbsp;&nbsp;&nbsp;&nbsp;&nbsp;&nbsp; Que cruz, madre m\u00eda, que cruz.<\/p>\n\n\n\n<p>PCGC 2022<\/p>\n","protected":false},"excerpt":{"rendered":"<p>Algunas veces me pregunto qu\u00e9 he hecho de malo para nacer aqu\u00ed, bien es cierto que nacer en Nigeria, salvo que seas hijo del pastoso, es peor, pero volviendo aqu\u00ed, es triste que tengamos que estar a las que nos caigan despu\u00e9s de la digesti\u00f3n de los que mandan, vaya pandilla. &nbsp;&nbsp;&nbsp;&nbsp;&nbsp;&nbsp;&nbsp;&nbsp;&nbsp;&nbsp;&nbsp;&nbsp;&nbsp; El que ahora &hellip; <\/p>\n<p class=\"link-more\"><a href=\"https:\/\/pedrocasiano.es\/?page_id=5525\" class=\"more-link\">Leer m\u00e1s<span class=\"screen-reader-text\"> \u00abAlgunas Veces Me Pregunto\u00bb<\/span><\/a><\/p>\n","protected":false},"author":1,"featured_media":0,"parent":0,"menu_order":0,"comment_status":"closed","ping_status":"closed","template":"","meta":{"inspiro_hide_title":false,"footnotes":""},"class_list":["post-5525","page","type-page","status-publish","hentry"],"featured_media_urls":[],"_links":{"self":[{"href":"https:\/\/pedrocasiano.es\/index.php?rest_route=\/wp\/v2\/pages\/5525","targetHints":{"allow":["GET"]}}],"collection":[{"href":"https:\/\/pedrocasiano.es\/index.php?rest_route=\/wp\/v2\/pages"}],"about":[{"href":"https:\/\/pedrocasiano.es\/index.php?rest_route=\/wp\/v2\/types\/page"}],"author":[{"embeddable":true,"href":"https:\/\/pedrocasiano.es\/index.php?rest_route=\/wp\/v2\/users\/1"}],"replies":[{"embeddable":true,"href":"https:\/\/pedrocasiano.es\/index.php?rest_route=%2Fwp%2Fv2%2Fcomments&post=5525"}],"version-history":[{"count":1,"href":"https:\/\/pedrocasiano.es\/index.php?rest_route=\/wp\/v2\/pages\/5525\/revisions"}],"predecessor-version":[{"id":5527,"href":"https:\/\/pedrocasiano.es\/index.php?rest_route=\/wp\/v2\/pages\/5525\/revisions\/5527"}],"wp:attachment":[{"href":"https:\/\/pedrocasiano.es\/index.php?rest_route=%2Fwp%2Fv2%2Fmedia&parent=5525"}],"curies":[{"name":"wp","href":"https:\/\/api.w.org\/{rel}","templated":true}]}}