{"id":5519,"date":"2024-03-03T08:26:54","date_gmt":"2024-03-03T08:26:54","guid":{"rendered":"https:\/\/pedrocasiano.es\/?page_id=5519"},"modified":"2024-03-03T08:26:55","modified_gmt":"2024-03-03T08:26:55","slug":"un-dia-mas-estamos-aqui","status":"publish","type":"page","link":"https:\/\/pedrocasiano.es\/?page_id=5519","title":{"rendered":"Un D\u00eda M\u00e1s Estamos Aqu\u00ed"},"content":{"rendered":"\n<figure class=\"wp-block-image alignleft size-full is-resized\"><img decoding=\"async\" width=\"800\" height=\"800\" data-src=\"https:\/\/pedrocasiano.es\/wp-content\/uploads\/2024\/03\/ai-generated-8583250_1920peque.jpg\" alt=\"\" class=\"wp-image-5520 lazyload\" style=\"--smush-placeholder-width: 800px; --smush-placeholder-aspect-ratio: 800\/800;width:339px;height:auto\" data-srcset=\"https:\/\/pedrocasiano.es\/wp-content\/uploads\/2024\/03\/ai-generated-8583250_1920peque.jpg 800w, https:\/\/pedrocasiano.es\/wp-content\/uploads\/2024\/03\/ai-generated-8583250_1920peque-300x300.jpg 300w, https:\/\/pedrocasiano.es\/wp-content\/uploads\/2024\/03\/ai-generated-8583250_1920peque-150x150.jpg 150w\" data-sizes=\"(max-width: 800px) 100vw, 800px\" src=\"data:image\/svg+xml;base64,PHN2ZyB3aWR0aD0iMSIgaGVpZ2h0PSIxIiB4bWxucz0iaHR0cDovL3d3dy53My5vcmcvMjAwMC9zdmciPjwvc3ZnPg==\" \/><\/figure>\n\n\n\n<p>Un d\u00eda m\u00e1s estamos aqu\u00ed, mirando la pantalla del ordenador, que en mi caso es negra, como el alma de un pol\u00edtico, y la palabra ha salido, \u201cpol\u00edtico\u201d, que se define como \u201c[persona] Que se dedica a la pol\u00edtica, interviniendo o aspirando a intervenir en el gobierno de un Estado, comunidad o municipio\u201d, aqu\u00ed se han olvidado de \u201ccosas\u201d.<\/p>\n\n\n\n<p>&nbsp;&nbsp;&nbsp;&nbsp;&nbsp;&nbsp;&nbsp;&nbsp;&nbsp;&nbsp;&nbsp;&nbsp;&nbsp; La primera, el que no roba es que tiene alg\u00fan problema serio, pues el que entra en pol\u00edtica, no es para ayudarse a los dem\u00e1s, sino para medrar y obtener beneficio.<\/p>\n\n\n\n<p>&nbsp;&nbsp;&nbsp;&nbsp;&nbsp;&nbsp;&nbsp;&nbsp;&nbsp;&nbsp;&nbsp;&nbsp;&nbsp; Segundo, y seguimos, esos pol\u00edticos, son los que han salido de aquellos vendedores que te enga\u00f1aron con el coche, los que te subieron el precio de lo que era barato, los que te ofrecieron servicios que nunca dieron, en fin, la hez de la tierra, tan solo que ahora, con una vuelta m\u00e1s en el fuego, se han dado cuenta de que lo de mangonear a los dem\u00e1s, se queda corto en sus menesteres, y que enga\u00f1ando desde un centro p\u00fablico, se consigue m\u00e1s, que robando a pocos, es la ley de los grandes n\u00fameros, cuanta m\u00e1s gente robes, m\u00e1s dinero ganas, aunque sea menos que cuando solo haces una trastada gorda.<\/p>\n\n\n\n<p>&nbsp;&nbsp;&nbsp;&nbsp;&nbsp;&nbsp;&nbsp;&nbsp;&nbsp;&nbsp;&nbsp;&nbsp;&nbsp; Tercero, son abyectos por s\u00ed mismos, es decir, aprovecharan el poder, no para ayudar a los dem\u00e1s, sino para satisfacer sus propios y sucios gustos, sean econ\u00f3micos, sexuales, o cualesquiera que ellos, que se lo merecen todo, pueda desear.<\/p>\n\n\n\n<p>&nbsp;&nbsp;&nbsp;&nbsp;&nbsp;&nbsp;&nbsp;&nbsp;&nbsp;&nbsp;&nbsp;&nbsp;&nbsp; Cuarto, son como las sanguijuelas, la \u00fanica forma de eliminarlos, es cortar por lo sano, pues siempre tender\u00e1n a perpetuarse, de tal forma que, si la r\u00e9mora no se quema, siempre estar\u00e1 ah\u00ed, chupando la sangre de cualquiera que est\u00e9 bajo ellos.<\/p>\n\n\n\n<p>&nbsp;&nbsp;&nbsp;&nbsp;&nbsp;&nbsp;&nbsp;&nbsp;&nbsp;&nbsp;&nbsp;&nbsp;&nbsp; Quinto, se mueven a impulsos de destrucci\u00f3n, si no haces lo que desean, te intentar\u00e1n destruir, si otro pol\u00edtico intenta quitarles lugar, preferencia, cualquier poder, por nimio que sea, har\u00e1n verdaderas locuras para destruirlos o destruirte por cualquier medio.<\/p>\n\n\n\n<p>&nbsp;&nbsp;&nbsp;&nbsp;&nbsp;&nbsp;&nbsp;&nbsp;&nbsp;&nbsp;&nbsp;&nbsp;&nbsp; Sexto, para ellos, eres solo el medio de subsistencia, solo eso, es como si fu\u00e9ramos cerdos, que lo somos, que solo han nacido para que sirvamos de alimento en cualquiera de los sentidos, vivos o muertos, a ellos, que son superiores.<\/p>\n\n\n\n<p>&nbsp;&nbsp;&nbsp;&nbsp;&nbsp;&nbsp;&nbsp;&nbsp;&nbsp;&nbsp;&nbsp;&nbsp;&nbsp; S\u00e9ptimo, si estas contento con ellos, han conseguido lo que quer\u00edan, la alienaci\u00f3n, as\u00ed que lo que diga aqu\u00ed, ser\u00e1 una barbarie, lo siento, ya no queda esperanza para ti.<\/p>\n\n\n\n<p>&nbsp;&nbsp;&nbsp;&nbsp;&nbsp;&nbsp;&nbsp;&nbsp;&nbsp;&nbsp;&nbsp;&nbsp;&nbsp; Por supuesto todo lo expresado aqu\u00ed, es mentira, \u00bfno es cierto?<strong><br><\/strong><\/p>\n","protected":false},"excerpt":{"rendered":"<p>Un d\u00eda m\u00e1s estamos aqu\u00ed, mirando la pantalla del ordenador, que en mi caso es negra, como el alma de un pol\u00edtico, y la palabra ha salido, \u201cpol\u00edtico\u201d, que se define como \u201c[persona] Que se dedica a la pol\u00edtica, interviniendo o aspirando a intervenir en el gobierno de un Estado, comunidad o municipio\u201d, aqu\u00ed se &hellip; <\/p>\n<p class=\"link-more\"><a href=\"https:\/\/pedrocasiano.es\/?page_id=5519\" class=\"more-link\">Leer m\u00e1s<span class=\"screen-reader-text\"> \u00abUn D\u00eda M\u00e1s Estamos Aqu\u00ed\u00bb<\/span><\/a><\/p>\n","protected":false},"author":1,"featured_media":0,"parent":0,"menu_order":0,"comment_status":"closed","ping_status":"closed","template":"","meta":{"inspiro_hide_title":false,"footnotes":""},"class_list":["post-5519","page","type-page","status-publish","hentry"],"featured_media_urls":[],"_links":{"self":[{"href":"https:\/\/pedrocasiano.es\/index.php?rest_route=\/wp\/v2\/pages\/5519","targetHints":{"allow":["GET"]}}],"collection":[{"href":"https:\/\/pedrocasiano.es\/index.php?rest_route=\/wp\/v2\/pages"}],"about":[{"href":"https:\/\/pedrocasiano.es\/index.php?rest_route=\/wp\/v2\/types\/page"}],"author":[{"embeddable":true,"href":"https:\/\/pedrocasiano.es\/index.php?rest_route=\/wp\/v2\/users\/1"}],"replies":[{"embeddable":true,"href":"https:\/\/pedrocasiano.es\/index.php?rest_route=%2Fwp%2Fv2%2Fcomments&post=5519"}],"version-history":[{"count":1,"href":"https:\/\/pedrocasiano.es\/index.php?rest_route=\/wp\/v2\/pages\/5519\/revisions"}],"predecessor-version":[{"id":5521,"href":"https:\/\/pedrocasiano.es\/index.php?rest_route=\/wp\/v2\/pages\/5519\/revisions\/5521"}],"wp:attachment":[{"href":"https:\/\/pedrocasiano.es\/index.php?rest_route=%2Fwp%2Fv2%2Fmedia&parent=5519"}],"curies":[{"name":"wp","href":"https:\/\/api.w.org\/{rel}","templated":true}]}}