{"id":5516,"date":"2024-03-03T08:24:02","date_gmt":"2024-03-03T08:24:02","guid":{"rendered":"https:\/\/pedrocasiano.es\/?page_id=5516"},"modified":"2024-03-03T08:24:03","modified_gmt":"2024-03-03T08:24:03","slug":"que-calor","status":"publish","type":"page","link":"https:\/\/pedrocasiano.es\/?page_id=5516","title":{"rendered":"Que Calor"},"content":{"rendered":"\n<figure class=\"wp-block-image alignleft size-full is-resized\"><img decoding=\"async\" width=\"800\" height=\"448\" data-src=\"https:\/\/pedrocasiano.es\/wp-content\/uploads\/2024\/03\/serenity-8584869_1920peque.jpg\" alt=\"\" class=\"wp-image-5517 lazyload\" style=\"--smush-placeholder-width: 800px; --smush-placeholder-aspect-ratio: 800\/448;width:543px;height:auto\" src=\"data:image\/svg+xml;base64,PHN2ZyB3aWR0aD0iMSIgaGVpZ2h0PSIxIiB4bWxucz0iaHR0cDovL3d3dy53My5vcmcvMjAwMC9zdmciPjwvc3ZnPg==\" \/><\/figure>\n\n\n\n<p>Que calor, parece que estamos de nuevo en verano, me he quedado traspuesto, apenas traspuesto, apenas unos segundos, y he recobrado la conciencia crey\u00e9ndome en Agosto, el tiempo que no termina de coger el carril bueno.<\/p>\n\n\n\n<p>As\u00ed nos luce, que sales a la calle, y en Octubre casi, y caminito de sombras, que los bombones por el sol\u2026 o lo otro, que da igual.<\/p>\n\n\n\n<p>En fin, me siento mal, no he ido de vacaciones, aunque para lo que sirve, si te metes en la playa, eres un boquer\u00f3n m\u00e1s en un criadero, todo est\u00e1 caro, y si vuelves de ellas, es reconcomido del dinero que te has gastado, eso es lo que decimos los que nos quedamos aqu\u00ed, no porque no queramos, sino porque no podemos.<\/p>\n\n\n\n<p>Que tristeza, quedarse solo en el edificio, parecemos los guardeses, eso y que salimos menos que los ni\u00f1os del hospicio, aunque tambi\u00e9n tengo que decir, que me he cansado, a estas edades, de lo que me puede contar mi pr\u00f3jimo, si es que alguna vez lo fue, as\u00ed que sigo la norma que implant\u00f3 quien fuera, pero inteligente, \u201cmejor solo, que mal acompa\u00f1ado\u201d, algo que ahora est\u00e1 de moda con lo de la pospandemia y la era de internet, porque ver a alguien a trav\u00e9s de la pantalla, no es que sea mucho de trato humano, eso s\u00ed, los mentirosos est\u00e1n disfrutando como enanos, y los que no lo son, con la calidad de la distancia, terminar\u00e1n si\u00e9ndolo.<\/p>\n\n\n\n<p>No es que no comprenda los nuevos tiempos, claro que los comprendo, lo que si es cierto, es que me alegro de haber nacido cuando en vez de ciberataques, hab\u00eda hostias como panes, cuando al que rajaba de ti, lo esperabas en la puerta del colegio, cuando mi padre no apareci\u00f3 por el colegio ni una sola vez, y yo no era un santo.<\/p>\n\n\n\n<p>&nbsp;&nbsp;&nbsp;&nbsp;&nbsp;&nbsp;&nbsp;&nbsp;&nbsp;&nbsp;&nbsp;&nbsp;&nbsp; En fin, cosas que cualquiera de la que los Buenecitos de ahora, porfiar\u00edan como locos, he hablado de violencia f\u00edsica, de abandono de menores, de mil cosas, que en mis tiempos eran lo com\u00fan, no eran lo mejor, pero supongo que, si hubiera nacido en esta \u00e9poca, ser\u00eda a\u00fan m\u00e1s asocial de lo que soy, es decir, no es que me vino bien, es que\u2026piensa lo que quieras<\/p>\n","protected":false},"excerpt":{"rendered":"<p>Que calor, parece que estamos de nuevo en verano, me he quedado traspuesto, apenas traspuesto, apenas unos segundos, y he recobrado la conciencia crey\u00e9ndome en Agosto, el tiempo que no termina de coger el carril bueno. As\u00ed nos luce, que sales a la calle, y en Octubre casi, y caminito de sombras, que los bombones &hellip; <\/p>\n<p class=\"link-more\"><a href=\"https:\/\/pedrocasiano.es\/?page_id=5516\" class=\"more-link\">Leer m\u00e1s<span class=\"screen-reader-text\"> \u00abQue Calor\u00bb<\/span><\/a><\/p>\n","protected":false},"author":1,"featured_media":0,"parent":0,"menu_order":0,"comment_status":"closed","ping_status":"closed","template":"","meta":{"inspiro_hide_title":false,"footnotes":""},"class_list":["post-5516","page","type-page","status-publish","hentry"],"featured_media_urls":[],"_links":{"self":[{"href":"https:\/\/pedrocasiano.es\/index.php?rest_route=\/wp\/v2\/pages\/5516","targetHints":{"allow":["GET"]}}],"collection":[{"href":"https:\/\/pedrocasiano.es\/index.php?rest_route=\/wp\/v2\/pages"}],"about":[{"href":"https:\/\/pedrocasiano.es\/index.php?rest_route=\/wp\/v2\/types\/page"}],"author":[{"embeddable":true,"href":"https:\/\/pedrocasiano.es\/index.php?rest_route=\/wp\/v2\/users\/1"}],"replies":[{"embeddable":true,"href":"https:\/\/pedrocasiano.es\/index.php?rest_route=%2Fwp%2Fv2%2Fcomments&post=5516"}],"version-history":[{"count":1,"href":"https:\/\/pedrocasiano.es\/index.php?rest_route=\/wp\/v2\/pages\/5516\/revisions"}],"predecessor-version":[{"id":5518,"href":"https:\/\/pedrocasiano.es\/index.php?rest_route=\/wp\/v2\/pages\/5516\/revisions\/5518"}],"wp:attachment":[{"href":"https:\/\/pedrocasiano.es\/index.php?rest_route=%2Fwp%2Fv2%2Fmedia&parent=5516"}],"curies":[{"name":"wp","href":"https:\/\/api.w.org\/{rel}","templated":true}]}}