{"id":4976,"date":"2024-02-28T09:54:26","date_gmt":"2024-02-28T09:54:26","guid":{"rendered":"https:\/\/pedrocasiano.es\/?page_id=4976"},"modified":"2026-03-31T10:33:27","modified_gmt":"2026-03-31T08:33:27","slug":"reflexiones-novena-parte","status":"publish","type":"page","link":"https:\/\/pedrocasiano.es\/?page_id=4976","title":{"rendered":"Quinta"},"content":{"rendered":"\n<div class=\"wp-block-cover alignfull has-custom-content-position is-position-top-left\" style=\"min-height:629px;aspect-ratio:unset;\"><img decoding=\"async\" width=\"1024\" height=\"574\" class=\"wp-block-cover__image-background wp-image-4981 lazyload\" alt=\"\" data-src=\"https:\/\/pedrocasiano.es\/wp-content\/uploads\/2024\/02\/ai-generated-8327869_1920peque.jpg\" data-object-fit=\"cover\" src=\"data:image\/svg+xml;base64,PHN2ZyB3aWR0aD0iMSIgaGVpZ2h0PSIxIiB4bWxucz0iaHR0cDovL3d3dy53My5vcmcvMjAwMC9zdmciPjwvc3ZnPg==\" style=\"--smush-placeholder-width: 1024px; --smush-placeholder-aspect-ratio: 1024\/574;\" \/><span aria-hidden=\"true\" class=\"wp-block-cover__background has-background-dim\" style=\"background-color:#5d413b\"><\/span><div class=\"wp-block-cover__inner-container has-global-padding is-layout-constrained wp-block-cover-is-layout-constrained\">\n<ul class=\"wp-block-list\">\n<li><a href=\"https:\/\/pedrocasiano.es\/?p=10605\" data-type=\"post\" data-id=\"10605\" target=\"_blank\" rel=\"noreferrer noopener\">Noche de Soledad (Rima)<\/a><\/li>\n\n\n\n<li><a href=\"https:\/\/pedrocasiano.es\/?p=10614\" data-type=\"post\" data-id=\"10614\" target=\"_blank\" rel=\"noreferrer noopener\">Nosotros se Qued\u00f3 en la Lejan\u00eda (Rima)<\/a><\/li>\n\n\n\n<li><a href=\"https:\/\/pedrocasiano.es\/?p=10618\" data-type=\"post\" data-id=\"10618\" target=\"_blank\" rel=\"noreferrer noopener\">Nostalgia (Rima)<\/a><\/li>\n\n\n\n<li><a href=\"https:\/\/pedrocasiano.es\/?p=10622\" data-type=\"post\" data-id=\"10622\" target=\"_blank\" rel=\"noreferrer noopener\">Nubes Grises Que Cierran El Cielo (Rima)<\/a><\/li>\n\n\n\n<li><a href=\"https:\/\/pedrocasiano.es\/?p=10627\" data-type=\"post\" data-id=\"10627\" target=\"_blank\" rel=\"noreferrer noopener\">Oigo la M\u00fasica Cerca de Mi (Rima)<\/a><\/li>\n\n\n\n<li><a href=\"https:\/\/pedrocasiano.es\/?p=10631\" data-type=\"post\" data-id=\"10631\" target=\"_blank\" rel=\"noreferrer noopener\">Ojos So\u00f1adores (Rima)<\/a><\/li>\n\n\n\n<li><a href=\"https:\/\/pedrocasiano.es\/?p=10635\" data-type=\"post\" data-id=\"10635\" target=\"_blank\" rel=\"noreferrer noopener\">Paseo de Verano (Rima)<\/a><\/li>\n\n\n\n<li><a href=\"https:\/\/pedrocasiano.es\/?p=10640\" data-type=\"post\" data-id=\"10640\" target=\"_blank\" rel=\"noreferrer noopener\">Penetr\u00e9 en el Bosque de la Vida (Rima)<\/a><\/li>\n\n\n\n<li><a href=\"https:\/\/pedrocasiano.es\/?p=10643\" data-type=\"post\" data-id=\"10643\" target=\"_blank\" rel=\"noreferrer noopener\">Perdimos sin Darnos Cuenta (Rima)<\/a><\/li>\n\n\n\n<li><a href=\"https:\/\/pedrocasiano.es\/?p=10645\" data-type=\"post\" data-id=\"10645\" target=\"_blank\" rel=\"noreferrer noopener\">Perros Ciegos (Rima)<\/a><\/li>\n\n\n\n<li><a href=\"https:\/\/pedrocasiano.es\/?p=10649\" data-type=\"post\" data-id=\"10649\" target=\"_blank\" rel=\"noreferrer noopener\">Piel de Seda (Rima)<\/a><\/li>\n\n\n\n<li><a href=\"https:\/\/pedrocasiano.es\/?p=10652\" data-type=\"post\" data-id=\"10652\" target=\"_blank\" rel=\"noreferrer noopener\">P\u00edldoras de colores (Rima)<\/a><\/li>\n\n\n\n<li><a href=\"https:\/\/pedrocasiano.es\/?p=10660\" data-type=\"post\" data-id=\"10660\" target=\"_blank\" rel=\"noreferrer noopener\">Postrera Alma Perdida (Rima)<\/a><\/li>\n\n\n\n<li><a href=\"https:\/\/pedrocasiano.es\/?p=10663\" data-type=\"post\" data-id=\"10663\" target=\"_blank\" rel=\"noreferrer noopener\">Sue\u00f1a Princesa (Rima)<\/a><\/li>\n\n\n\n<li><a href=\"https:\/\/pedrocasiano.es\/?p=10666\" data-type=\"post\" data-id=\"10666\" target=\"_blank\" rel=\"noreferrer noopener\">\u00bfQui\u00e9n cuida ya de los Viejos? (Rima)<\/a><\/li>\n\n\n\n<li><a href=\"https:\/\/pedrocasiano.es\/?p=10674\" data-type=\"post\" data-id=\"10674\" target=\"_blank\" rel=\"noreferrer noopener\">Quiero un lugar al Sol (Rima)<\/a><\/li>\n\n\n\n<li><a href=\"https:\/\/pedrocasiano.es\/?p=10682\" data-type=\"post\" data-id=\"10682\" target=\"_blank\" rel=\"noreferrer noopener\">Quiero un Peque\u00f1o Cementerio (Rima)<\/a><\/li>\n\n\n\n<li><a href=\"https:\/\/pedrocasiano.es\/?p=10686\" data-type=\"post\" data-id=\"10686\" target=\"_blank\" rel=\"noreferrer noopener\">Quisiera Tener el Pulso (Rima)<\/a><\/li>\n<\/ul>\n\n\n\n<p><strong>Todos los Derechos Reservados<\/strong><\/p>\n\n\n\n<p><strong>\u201cEstas novelas, publicaciones y dem\u00e1s, son obras de ficci\u00f3n. Los nombres, personajes, lugares e incidentes son producto de la imaginaci\u00f3n del autor o son utilizados de manera ficticia. Cualquier parecido con personas, vivas o muertas, o sucesos reales es pura coincidencia.\u201d<\/strong><\/p>\n<\/div><\/div>\n","protected":false},"excerpt":{"rendered":"","protected":false},"author":1,"featured_media":0,"parent":0,"menu_order":0,"comment_status":"closed","ping_status":"closed","template":"","meta":{"inspiro_hide_title":false,"footnotes":""},"class_list":["post-4976","page","type-page","status-publish","hentry"],"featured_media_urls":[],"_links":{"self":[{"href":"https:\/\/pedrocasiano.es\/index.php?rest_route=\/wp\/v2\/pages\/4976","targetHints":{"allow":["GET"]}}],"collection":[{"href":"https:\/\/pedrocasiano.es\/index.php?rest_route=\/wp\/v2\/pages"}],"about":[{"href":"https:\/\/pedrocasiano.es\/index.php?rest_route=\/wp\/v2\/types\/page"}],"author":[{"embeddable":true,"href":"https:\/\/pedrocasiano.es\/index.php?rest_route=\/wp\/v2\/users\/1"}],"replies":[{"embeddable":true,"href":"https:\/\/pedrocasiano.es\/index.php?rest_route=%2Fwp%2Fv2%2Fcomments&post=4976"}],"version-history":[{"count":40,"href":"https:\/\/pedrocasiano.es\/index.php?rest_route=\/wp\/v2\/pages\/4976\/revisions"}],"predecessor-version":[{"id":16447,"href":"https:\/\/pedrocasiano.es\/index.php?rest_route=\/wp\/v2\/pages\/4976\/revisions\/16447"}],"wp:attachment":[{"href":"https:\/\/pedrocasiano.es\/index.php?rest_route=%2Fwp%2Fv2%2Fmedia&parent=4976"}],"curies":[{"name":"wp","href":"https:\/\/api.w.org\/{rel}","templated":true}]}}