{"id":4954,"date":"2024-02-28T09:34:29","date_gmt":"2024-02-28T09:34:29","guid":{"rendered":"https:\/\/pedrocasiano.es\/?page_id=4954"},"modified":"2026-03-31T10:33:48","modified_gmt":"2026-03-31T08:33:48","slug":"reflexiones-octava-parte","status":"publish","type":"page","link":"https:\/\/pedrocasiano.es\/?page_id=4954","title":{"rendered":"Sexta"},"content":{"rendered":"\n<div class=\"wp-block-cover alignfull is-light has-custom-content-position is-position-top-left\" style=\"min-height:620px;aspect-ratio:unset;\"><img decoding=\"async\" width=\"1024\" height=\"585\" class=\"wp-block-cover__image-background wp-image-4957 lazyload\" alt=\"\" data-src=\"https:\/\/pedrocasiano.es\/wp-content\/uploads\/2024\/02\/female-8354067_1920JPG.jpg\" data-object-fit=\"cover\" src=\"data:image\/svg+xml;base64,PHN2ZyB3aWR0aD0iMSIgaGVpZ2h0PSIxIiB4bWxucz0iaHR0cDovL3d3dy53My5vcmcvMjAwMC9zdmciPjwvc3ZnPg==\" style=\"--smush-placeholder-width: 1024px; --smush-placeholder-aspect-ratio: 1024\/585;\" \/><span aria-hidden=\"true\" class=\"wp-block-cover__background has-background-dim\" style=\"background-color:#9f8773\"><\/span><div class=\"wp-block-cover__inner-container has-global-padding is-layout-constrained wp-block-cover-is-layout-constrained\">\n<ul class=\"wp-block-list\">\n<li><a href=\"https:\/\/pedrocasiano.es\/?p=10701\" data-type=\"post\" data-id=\"10701\" target=\"_blank\" rel=\"noreferrer noopener\">No se\u00e1is Esquivos con el Verbo (Rima)<\/a><\/li>\n\n\n\n<li><a href=\"https:\/\/pedrocasiano.es\/?p=10705\" data-type=\"post\" data-id=\"10705\" target=\"_blank\" rel=\"noreferrer noopener\">Me Gustar\u00eda Secarte (Rima)<\/a><\/li>\n\n\n\n<li><a href=\"https:\/\/pedrocasiano.es\/?p=10709\" data-type=\"post\" data-id=\"10709\" target=\"_blank\" rel=\"noreferrer noopener\">Ramilletes de Sufrimiento (Rima)<\/a><\/li>\n\n\n\n<li><a href=\"https:\/\/pedrocasiano.es\/?p=10713\" data-type=\"post\" data-id=\"10713\" target=\"_blank\" rel=\"noreferrer noopener\">\u00bfRecuerdas Mujer? (Rima)<\/a><\/li>\n\n\n\n<li><a href=\"https:\/\/pedrocasiano.es\/?p=10717\" data-type=\"post\" data-id=\"10717\" target=\"_blank\" rel=\"noreferrer noopener\">El Primer Amor, el Primer Beso (Rima)<\/a><\/li>\n\n\n\n<li><a href=\"https:\/\/pedrocasiano.es\/?p=10721\" data-type=\"post\" data-id=\"10721\" target=\"_blank\" rel=\"noreferrer noopener\">Restos de Nada (Rima)<\/a><\/li>\n\n\n\n<li><a href=\"https:\/\/pedrocasiano.es\/?p=10725\" data-type=\"post\" data-id=\"10725\" target=\"_blank\" rel=\"noreferrer noopener\">Retazos de mi Memoria (Rima)<\/a><\/li>\n\n\n\n<li><a href=\"https:\/\/pedrocasiano.es\/?p=10728\" data-type=\"post\" data-id=\"10728\" target=\"_blank\" rel=\"noreferrer noopener\">Revelaciones Ap\u00f3crifas (Rima)<\/a><\/li>\n\n\n\n<li><a href=\"https:\/\/pedrocasiano.es\/?p=10732\" data-type=\"post\" data-id=\"10732\" target=\"_blank\" rel=\"noreferrer noopener\">Roc\u00e9 las Alas de los \u00c1ngeles (Rima)<\/a><\/li>\n\n\n\n<li><a href=\"https:\/\/pedrocasiano.es\/?p=10735\" data-type=\"post\" data-id=\"10735\" target=\"_blank\" rel=\"noreferrer noopener\">Si Sintierais como Yo (Rima)<\/a><\/li>\n\n\n\n<li><a href=\"https:\/\/pedrocasiano.es\/?p=10740\" data-type=\"post\" data-id=\"10740\" target=\"_blank\" rel=\"noreferrer noopener\">Siempre es Oto\u00f1o (Rima)<\/a><\/li>\n\n\n\n<li><a href=\"https:\/\/pedrocasiano.es\/?p=10746\" data-type=\"post\" data-id=\"10746\" target=\"_blank\" rel=\"noreferrer noopener\">En los Picos de los Cuervos (Rima)<\/a><\/li>\n\n\n\n<li><a href=\"https:\/\/pedrocasiano.es\/?p=10750\" data-type=\"post\" data-id=\"10750\" target=\"_blank\" rel=\"noreferrer noopener\">Soledades, Esperpentos (Rima)<\/a><\/li>\n\n\n\n<li><a href=\"https:\/\/pedrocasiano.es\/?p=10754\" data-type=\"post\" data-id=\"10754\" target=\"_blank\" rel=\"noreferrer noopener\">Solo veo Perros Ladrando (Rima)<\/a><\/li>\n\n\n\n<li><a href=\"https:\/\/pedrocasiano.es\/?p=10756\" data-type=\"post\" data-id=\"10756\" target=\"_blank\" rel=\"noreferrer noopener\">Son Tantos los A\u00f1os Pasados (Rima)<\/a><\/li>\n\n\n\n<li><a href=\"https:\/\/pedrocasiano.es\/?p=10760\" data-type=\"post\" data-id=\"10760\" target=\"_blank\" rel=\"noreferrer noopener\">So\u00f1\u00e9, por So\u00f1ar un D\u00eda )Rima)<\/a><\/li>\n\n\n\n<li><a href=\"https:\/\/pedrocasiano.es\/?p=10763\" data-type=\"post\" data-id=\"10763\" target=\"_blank\" rel=\"noreferrer noopener\">Sue\u00f1as con lo Perdido (Rima)<\/a><\/li>\n\n\n\n<li><a href=\"https:\/\/pedrocasiano.es\/?p=10766\" data-type=\"post\" data-id=\"10766\" target=\"_blank\" rel=\"noreferrer noopener\">Sue\u00f1as que So\u00f1aste un D\u00eda (Rima)<\/a><\/li>\n\n\n\n<li><a href=\"https:\/\/pedrocasiano.es\/?p=10770\" data-type=\"post\" data-id=\"10770\" target=\"_blank\" rel=\"noreferrer noopener\">Sue\u00f1as que te So\u00f1\u00e9 un D\u00eda (Rima)<\/a><\/li>\n\n\n\n<li><a href=\"https:\/\/pedrocasiano.es\/?p=10774\" data-type=\"post\" data-id=\"10774\" target=\"_blank\" rel=\"noreferrer noopener\">Sue\u00f1as, en mi Sue\u00f1o Caliente (Rima)<\/a><\/li>\n<\/ul>\n\n\n\n<p><strong>Todos los Derechos Reservados<\/strong><\/p>\n\n\n\n<p><strong>\u201cEstas novelas, publicaciones y dem\u00e1s, son obras de ficci\u00f3n. Los nombres, personajes, lugares e incidentes son producto de la imaginaci\u00f3n del autor o son utilizados de manera ficticia. Cualquier parecido con personas, vivas o muertas, o sucesos reales es pura coincidencia.\u201d<\/strong><\/p>\n<\/div><\/div>\n","protected":false},"excerpt":{"rendered":"","protected":false},"author":1,"featured_media":0,"parent":0,"menu_order":0,"comment_status":"closed","ping_status":"closed","template":"","meta":{"inspiro_hide_title":false,"footnotes":""},"class_list":["post-4954","page","type-page","status-publish","hentry"],"featured_media_urls":[],"_links":{"self":[{"href":"https:\/\/pedrocasiano.es\/index.php?rest_route=\/wp\/v2\/pages\/4954","targetHints":{"allow":["GET"]}}],"collection":[{"href":"https:\/\/pedrocasiano.es\/index.php?rest_route=\/wp\/v2\/pages"}],"about":[{"href":"https:\/\/pedrocasiano.es\/index.php?rest_route=\/wp\/v2\/types\/page"}],"author":[{"embeddable":true,"href":"https:\/\/pedrocasiano.es\/index.php?rest_route=\/wp\/v2\/users\/1"}],"replies":[{"embeddable":true,"href":"https:\/\/pedrocasiano.es\/index.php?rest_route=%2Fwp%2Fv2%2Fcomments&post=4954"}],"version-history":[{"count":38,"href":"https:\/\/pedrocasiano.es\/index.php?rest_route=\/wp\/v2\/pages\/4954\/revisions"}],"predecessor-version":[{"id":16448,"href":"https:\/\/pedrocasiano.es\/index.php?rest_route=\/wp\/v2\/pages\/4954\/revisions\/16448"}],"wp:attachment":[{"href":"https:\/\/pedrocasiano.es\/index.php?rest_route=%2Fwp%2Fv2%2Fmedia&parent=4954"}],"curies":[{"name":"wp","href":"https:\/\/api.w.org\/{rel}","templated":true}]}}