{"id":4913,"date":"2024-02-28T08:37:56","date_gmt":"2024-02-28T08:37:56","guid":{"rendered":"https:\/\/pedrocasiano.es\/?page_id=4913"},"modified":"2025-10-01T09:12:26","modified_gmt":"2025-10-01T07:12:26","slug":"poesia-etapa-ix","status":"publish","type":"page","link":"https:\/\/pedrocasiano.es\/?page_id=4913","title":{"rendered":"Tercera"},"content":{"rendered":"\n<div class=\"wp-block-cover alignwide is-light has-custom-content-position is-position-top-left\" style=\"min-height:699px;aspect-ratio:unset;\"><img decoding=\"async\" width=\"1200\" height=\"762\" class=\"wp-block-cover__image-background wp-image-6297 lazyload\" alt=\"\" data-src=\"https:\/\/pedrocasiano.es\/wp-content\/uploads\/2024\/03\/woman-8610289cortadapeque.jpg\" data-object-fit=\"cover\" src=\"data:image\/svg+xml;base64,PHN2ZyB3aWR0aD0iMSIgaGVpZ2h0PSIxIiB4bWxucz0iaHR0cDovL3d3dy53My5vcmcvMjAwMC9zdmciPjwvc3ZnPg==\" style=\"--smush-placeholder-width: 1200px; --smush-placeholder-aspect-ratio: 1200\/762;\" \/><span aria-hidden=\"true\" class=\"wp-block-cover__background has-background-dim\" style=\"background-color:#4e4438\"><\/span><div class=\"wp-block-cover__inner-container has-global-padding is-layout-constrained wp-block-cover-is-layout-constrained\">\n<ul class=\"wp-block-list\">\n<li><a href=\"https:\/\/pedrocasiano.es\/?p=10387\" data-type=\"post\" data-id=\"10387\" target=\"_blank\" rel=\"noreferrer noopener\">Estoy Cansado De La Vida (Rima)<\/a><\/li>\n\n\n\n<li><a href=\"https:\/\/pedrocasiano.es\/?p=10390\" data-type=\"post\" data-id=\"10390\" target=\"_blank\" rel=\"noreferrer noopener\">Me Miras (Rima)<\/a><\/li>\n\n\n\n<li><a href=\"https:\/\/pedrocasiano.es\/?p=10394\" data-type=\"post\" data-id=\"10394\" target=\"_blank\" rel=\"noreferrer noopener\">Han Pasado A\u00f1os, Querida (Rima)<\/a><\/li>\n\n\n\n<li><a href=\"https:\/\/pedrocasiano.es\/?p=10398\" data-type=\"post\" data-id=\"10398\" target=\"_blank\" rel=\"noreferrer noopener\">He Esperado Tanto (Rima)<\/a><\/li>\n\n\n\n<li><a href=\"https:\/\/pedrocasiano.es\/?p=10402\" data-type=\"post\" data-id=\"10402\" target=\"_blank\" rel=\"noreferrer noopener\">Hijos De La Lujuria (Rima)<\/a><\/li>\n\n\n\n<li><a href=\"https:\/\/pedrocasiano.es\/?p=10410\" data-type=\"post\" data-id=\"10410\" target=\"_blank\" rel=\"noreferrer noopener\">Hoy el Mundo se pierde a si Mismo (Rima)<\/a><\/li>\n\n\n\n<li><a href=\"https:\/\/pedrocasiano.es\/?p=10413\" data-type=\"post\" data-id=\"10413\" target=\"_blank\" rel=\"noreferrer noopener\">Hoy llega el Fin de Otro M\u00e1s (Rima)<\/a><\/li>\n\n\n\n<li><a href=\"https:\/\/pedrocasiano.es\/?p=10423\" data-type=\"post\" data-id=\"10423\" target=\"_blank\" rel=\"noreferrer noopener\">Hoy Me Cubre El Sudor (Rima)<\/a><\/li>\n\n\n\n<li><a href=\"https:\/\/pedrocasiano.es\/?p=10427\" data-type=\"post\" data-id=\"10427\" target=\"_blank\" rel=\"noreferrer noopener\">Hoy me ha Venido a la Mente (Rima)<\/a><\/li>\n\n\n\n<li><a href=\"https:\/\/pedrocasiano.es\/?p=10431\" data-type=\"post\" data-id=\"10431\" target=\"_blank\" rel=\"noreferrer noopener\">Hoy me Vuelvo a Hacer Preguntas (Rima)<\/a><\/li>\n\n\n\n<li><a href=\"https:\/\/pedrocasiano.es\/?p=10434\" data-type=\"post\" data-id=\"10434\" target=\"_blank\" rel=\"noreferrer noopener\">Hoy Miro a la Noche (Rima)<\/a><\/li>\n\n\n\n<li><a href=\"https:\/\/pedrocasiano.es\/?p=10441\" data-type=\"post\" data-id=\"10441\" target=\"_blank\" rel=\"noreferrer noopener\">Hoy So\u00f1\u00e9 Mirando Las Cortinas Cerradas (Rima)<\/a><\/li>\n\n\n\n<li><a href=\"https:\/\/pedrocasiano.es\/?p=10450\" data-type=\"post\" data-id=\"10450\" target=\"_blank\" rel=\"noreferrer noopener\">Hoy So\u00f1\u00e9\u2026 (La Ranacerda) (Rima)<\/a><\/li>\n\n\n\n<li><a href=\"https:\/\/pedrocasiano.es\/?p=10455\" data-type=\"post\" data-id=\"10455\" target=\"_blank\" rel=\"noreferrer noopener\">Inocencia, Belleza Oculta (Rima)<\/a><\/li>\n\n\n\n<li><a href=\"https:\/\/pedrocasiano.es\/?p=10459\" data-type=\"post\" data-id=\"10459\" target=\"_blank\" rel=\"noreferrer noopener\">Jinetes Blancos del Alba (Rima)<\/a><\/li>\n\n\n\n<li><a href=\"https:\/\/pedrocasiano.es\/?p=10462\" data-type=\"post\" data-id=\"10462\" target=\"_blank\" rel=\"noreferrer noopener\">D\u00edas de Serpiente (Rima)<\/a><\/li>\n\n\n\n<li><a href=\"https:\/\/pedrocasiano.es\/?p=10467\" data-type=\"post\" data-id=\"10467\" target=\"_blank\" rel=\"noreferrer noopener\">La Gitanilla se abri\u00f3 (Rima)<\/a><\/li>\n\n\n\n<li><a href=\"https:\/\/pedrocasiano.es\/?p=10475\" data-type=\"post\" data-id=\"10475\" target=\"_blank\" rel=\"noreferrer noopener\">La Primera Flor (Rima)<\/a><\/li>\n\n\n\n<li><a href=\"https:\/\/pedrocasiano.es\/?p=10480\" data-type=\"post\" data-id=\"10480\" target=\"_blank\" rel=\"noreferrer noopener\">La Niebla, Recuerdo la Niebla (Rima)<\/a><\/li>\n\n\n\n<li><a href=\"https:\/\/pedrocasiano.es\/?p=10485\" data-type=\"post\" data-id=\"10485\" target=\"_blank\" rel=\"noreferrer noopener\">La Vida se Marcha como un Suspiro (Rima)<\/a><\/li>\n\n\n\n<li><a href=\"https:\/\/pedrocasiano.es\/?p=10494\" data-type=\"post\" data-id=\"10494\" target=\"_blank\" rel=\"noreferrer noopener\">La Vida, Cuando se acaba la Vida (Rima)<\/a><\/li>\n\n\n\n<li><a href=\"https:\/\/pedrocasiano.es\/?p=10501\" data-type=\"post\" data-id=\"10501\" target=\"_blank\" rel=\"noreferrer noopener\">Largo Cabello (Rima)<\/a><\/li>\n\n\n\n<li><a href=\"https:\/\/pedrocasiano.es\/?p=10505\" data-type=\"post\" data-id=\"10505\" target=\"_blank\" rel=\"noreferrer noopener\">Le\u00edas (Rima)<\/a><\/li>\n<\/ul>\n\n\n\n<p><strong>Todos los Derechos Reservados<\/strong><\/p>\n\n\n\n<p><strong>\u201cEstas novelas, publicaciones y dem\u00e1s, son obras de ficci\u00f3n. Los nombres, personajes, lugares e incidentes son producto de la imaginaci\u00f3n del autor o son utilizados de manera ficticia. Cualquier parecido con personas, vivas o muertas, o sucesos reales es pura coincidencia.\u201d<\/strong><\/p>\n<\/div><\/div>\n","protected":false},"excerpt":{"rendered":"","protected":false},"author":1,"featured_media":0,"parent":0,"menu_order":0,"comment_status":"closed","ping_status":"closed","template":"","meta":{"inspiro_hide_title":false,"footnotes":""},"class_list":["post-4913","page","type-page","status-publish","hentry"],"featured_media_urls":[],"_links":{"self":[{"href":"https:\/\/pedrocasiano.es\/index.php?rest_route=\/wp\/v2\/pages\/4913","targetHints":{"allow":["GET"]}}],"collection":[{"href":"https:\/\/pedrocasiano.es\/index.php?rest_route=\/wp\/v2\/pages"}],"about":[{"href":"https:\/\/pedrocasiano.es\/index.php?rest_route=\/wp\/v2\/types\/page"}],"author":[{"embeddable":true,"href":"https:\/\/pedrocasiano.es\/index.php?rest_route=\/wp\/v2\/users\/1"}],"replies":[{"embeddable":true,"href":"https:\/\/pedrocasiano.es\/index.php?rest_route=%2Fwp%2Fv2%2Fcomments&post=4913"}],"version-history":[{"count":62,"href":"https:\/\/pedrocasiano.es\/index.php?rest_route=\/wp\/v2\/pages\/4913\/revisions"}],"predecessor-version":[{"id":15546,"href":"https:\/\/pedrocasiano.es\/index.php?rest_route=\/wp\/v2\/pages\/4913\/revisions\/15546"}],"wp:attachment":[{"href":"https:\/\/pedrocasiano.es\/index.php?rest_route=%2Fwp%2Fv2%2Fmedia&parent=4913"}],"curies":[{"name":"wp","href":"https:\/\/api.w.org\/{rel}","templated":true}]}}