{"id":4663,"date":"2024-02-27T09:30:24","date_gmt":"2024-02-27T09:30:24","guid":{"rendered":"https:\/\/pedrocasiano.es\/?page_id=4663"},"modified":"2024-02-27T09:30:25","modified_gmt":"2024-02-27T09:30:25","slug":"hoy-me-vuelvo-a-hacer-preguntas","status":"publish","type":"page","link":"https:\/\/pedrocasiano.es\/?page_id=4663","title":{"rendered":"Hoy me Vuelvo a Hacer Preguntas"},"content":{"rendered":"\n<div class=\"wp-block-media-text is-stacked-on-mobile is-vertically-aligned-top\"><figure class=\"wp-block-media-text__media\"><img decoding=\"async\" width=\"929\" height=\"1024\" data-src=\"https:\/\/pedrocasiano.es\/wp-content\/uploads\/2024\/02\/ai-generated-8364778_1920peque-929x1024.jpg\" alt=\"\" class=\"wp-image-4664 size-full lazyload\" src=\"data:image\/svg+xml;base64,PHN2ZyB3aWR0aD0iMSIgaGVpZ2h0PSIxIiB4bWxucz0iaHR0cDovL3d3dy53My5vcmcvMjAwMC9zdmciPjwvc3ZnPg==\" style=\"--smush-placeholder-width: 929px; --smush-placeholder-aspect-ratio: 929\/1024;\" \/><\/figure><div class=\"wp-block-media-text__content\">\n<p>Hoy me vuelvo a hacer preguntas<\/p>\n\n\n\n<p>De las que no encuentro respuesta<\/p>\n\n\n\n<p>Son tantas las que me rondan<\/p>\n\n\n\n<p>Que no s\u00e9 en cual comienza<\/p>\n\n\n\n<p>Pensemos un poco en lo grande<\/p>\n\n\n\n<p>Y despu\u00e9s en lo peque\u00f1o<\/p>\n\n\n\n<p>Hagamos un primer ensayo<\/p>\n\n\n\n<p>Como si todo fuera un sue\u00f1o<\/p>\n\n\n\n<p>Empezamos por el camino<\/p>\n\n\n\n<p>Cuando se acaba la senda<\/p>\n\n\n\n<p>Y me pregunto de nuevo<\/p>\n\n\n\n<p>\u00bfComo termina la hijuela?<\/p>\n\n\n\n<p>Unos me dicen que ir\u00e1n directos al cielo<\/p>\n\n\n\n<p>Muchos m\u00e1s temen al infierno<\/p>\n\n\n\n<p>Otros hur\u00edes le esperan<\/p>\n\n\n\n<p>A otros un lugar perfecto<\/p>\n\n\n\n<p>Venturas para todos encuentro<\/p>\n\n\n\n<p>Pero no creo en ninguna<\/p>\n\n\n\n<p>Estar\u00e9 yo loco, y todos los dem\u00e1s cuerdos<\/p>\n\n\n\n<p>Replanteemos el caso<\/p>\n\n\n\n<p>Imaginemos en lo lejos de la tierra<\/p>\n\n\n\n<p>Que son los de ojos rasgados<\/p>\n\n\n\n<p>Los que sin duda aciertan<\/p>\n\n\n\n<p>O quiz\u00e1s son los hind\u00faes<\/p>\n\n\n\n<p>\u00a1Qu\u00e9 m\u00e1s da!, a fin del cabo<\/p>\n\n\n\n<p>El principio es el mismo<\/p>\n\n\n\n<p>Que abandonas este mundo<\/p>\n\n\n\n<p>Y antes de darte cuenta<\/p>\n\n\n\n<p>Est\u00e1s de nuevo en el mismo<\/p>\n\n\n\n<p>Lo pienso, con todo respeto<\/p>\n\n\n\n<p>Y se me revuelve la tripa<\/p>\n\n\n\n<p>\u00bfVolver a este pu\u00f1etero infierno?<\/p>\n\n\n\n<p>Mala creencia en mi gusto<\/p>\n\n\n\n<p>Que aqu\u00ed no volv\u00eda ni con fueros<\/p>\n\n\n\n<p>Por eso yo me planteo,<\/p>\n\n\n\n<p>Olvidando toda duda<\/p>\n\n\n\n<p>Evitando golpes de pecho<\/p>\n\n\n\n<p>De rezos continuados<\/p>\n\n\n\n<p>De gritos en el desierto<\/p>\n\n\n\n<p>Si no ser\u00eda m\u00e1s conveniente<\/p>\n\n\n\n<p>Que cuando viniera la muerte<\/p>\n\n\n\n<p>Simplemente ya nos fu\u00e9ramos<\/p>\n\n\n\n<p>Nada seamos de lo que \u00e9ramos<\/p>\n\n\n\n<p>Que simple desaparezcamos<\/p>\n\n\n\n<p>En un vac\u00edo extra\u00f1o<\/p>\n\n\n\n<p>Y que todos los vividos a\u00f1os<\/p>\n\n\n\n<p>Solo sean eso<\/p>\n\n\n\n<p>Simple paz de un pobre muerto<\/p>\n\n\n\n<p>Y un ligero, tenue, olvidado recuerdo.<\/p>\n<\/div><\/div>\n","protected":false},"excerpt":{"rendered":"<p>Hoy me vuelvo a hacer preguntas De las que no encuentro respuesta Son tantas las que me rondan Que no s\u00e9 en cual comienza Pensemos un poco en lo grande Y despu\u00e9s en lo peque\u00f1o Hagamos un primer ensayo Como si todo fuera un sue\u00f1o Empezamos por el camino Cuando se acaba la senda Y &hellip; <\/p>\n<p class=\"link-more\"><a href=\"https:\/\/pedrocasiano.es\/?page_id=4663\" class=\"more-link\">Leer m\u00e1s<span class=\"screen-reader-text\"> \u00abHoy me Vuelvo a Hacer Preguntas\u00bb<\/span><\/a><\/p>\n","protected":false},"author":1,"featured_media":0,"parent":0,"menu_order":0,"comment_status":"closed","ping_status":"closed","template":"","meta":{"inspiro_hide_title":false,"footnotes":""},"class_list":["post-4663","page","type-page","status-publish","hentry"],"featured_media_urls":[],"_links":{"self":[{"href":"https:\/\/pedrocasiano.es\/index.php?rest_route=\/wp\/v2\/pages\/4663","targetHints":{"allow":["GET"]}}],"collection":[{"href":"https:\/\/pedrocasiano.es\/index.php?rest_route=\/wp\/v2\/pages"}],"about":[{"href":"https:\/\/pedrocasiano.es\/index.php?rest_route=\/wp\/v2\/types\/page"}],"author":[{"embeddable":true,"href":"https:\/\/pedrocasiano.es\/index.php?rest_route=\/wp\/v2\/users\/1"}],"replies":[{"embeddable":true,"href":"https:\/\/pedrocasiano.es\/index.php?rest_route=%2Fwp%2Fv2%2Fcomments&post=4663"}],"version-history":[{"count":1,"href":"https:\/\/pedrocasiano.es\/index.php?rest_route=\/wp\/v2\/pages\/4663\/revisions"}],"predecessor-version":[{"id":4665,"href":"https:\/\/pedrocasiano.es\/index.php?rest_route=\/wp\/v2\/pages\/4663\/revisions\/4665"}],"wp:attachment":[{"href":"https:\/\/pedrocasiano.es\/index.php?rest_route=%2Fwp%2Fv2%2Fmedia&parent=4663"}],"curies":[{"name":"wp","href":"https:\/\/api.w.org\/{rel}","templated":true}]}}