{"id":4653,"date":"2024-02-27T09:21:26","date_gmt":"2024-02-27T09:21:26","guid":{"rendered":"https:\/\/pedrocasiano.es\/?page_id=4653"},"modified":"2024-02-27T09:21:27","modified_gmt":"2024-02-27T09:21:27","slug":"nadie-es-de-tal-horrenda-galanura","status":"publish","type":"page","link":"https:\/\/pedrocasiano.es\/?page_id=4653","title":{"rendered":"Nadie es de tal Horrenda Galanura"},"content":{"rendered":"\n<div class=\"wp-block-media-text is-stacked-on-mobile is-vertically-aligned-top\"><figure class=\"wp-block-media-text__media\"><img decoding=\"async\" width=\"766\" height=\"1024\" data-src=\"https:\/\/pedrocasiano.es\/wp-content\/uploads\/2024\/02\/ai-generated-8577897_1920_peque-766x1024.jpg\" alt=\"\" class=\"wp-image-4654 size-full lazyload\" src=\"data:image\/svg+xml;base64,PHN2ZyB3aWR0aD0iMSIgaGVpZ2h0PSIxIiB4bWxucz0iaHR0cDovL3d3dy53My5vcmcvMjAwMC9zdmciPjwvc3ZnPg==\" style=\"--smush-placeholder-width: 766px; --smush-placeholder-aspect-ratio: 766\/1024;\" \/><\/figure><div class=\"wp-block-media-text__content\">\n<p>Nadie es de tal horrenda galanura<\/p>\n\n\n\n<p>Que te hizo a semejanza<\/p>\n\n\n\n<p>De tales iniquidades puras<\/p>\n\n\n\n<p>De la maldad sin esperanza<\/p>\n\n\n\n<p>Quieres parecer el que adoras<\/p>\n\n\n\n<p>Y en real eres el que odias<\/p>\n\n\n\n<p>Y no existen columnas que soporten<\/p>\n\n\n\n<p>La maldad que nos atenaza<\/p>\n\n\n\n<p>Que nos rodea, nos aplasta<\/p>\n\n\n\n<p>Que a diario, nos despedaza<\/p>\n\n\n\n<p>\u00bfqui\u00e9n en pudiendo hacerlo,<\/p>\n\n\n\n<p>No parar\u00eda tal locura?<\/p>\n\n\n\n<p>Por eso miro al cielo<\/p>\n\n\n\n<p>Y le pregunto en silencio<\/p>\n\n\n\n<p>Y la respuesta espero<\/p>\n\n\n\n<p>Y siempre es lo mismo,<\/p>\n\n\n\n<p>Ese maldito silencio.<\/p>\n\n\n\n<p>Hoy el mundo se pierde a si mismo<\/p>\n\n\n\n<p>En la triste ceremonia de la confusi\u00f3n<\/p>\n\n\n\n<p>Solo se aleja el humano de su semejante,<\/p>\n\n\n\n<p>Encerrados, sin contacto<\/p>\n\n\n\n<p>Perdidos en nosotros mismos<\/p>\n\n\n\n<p>\u2026Sin soluci\u00f3n<\/p>\n\n\n\n<p>Pantallas mentirosas, de plano ideal<\/p>\n\n\n\n<p>Juegos que se juegan sin jugar<\/p>\n\n\n\n<p>Y almas que se pierden solitarias<\/p>\n\n\n\n<p>Ah\u00edtas de silencio, de soledad<\/p>\n\n\n\n<p>Parcas ventanas al m\u00e1s ac\u00e1<\/p>\n\n\n\n<p>Mirando el cuadrado de m\u00e1s all\u00e1<\/p>\n\n\n\n<p>Una silueta, mirando al cristal<\/p>\n\n\n\n<p>Como en la c\u00e1rcel, encerrado o quiz\u00e1s, m\u00e1s<\/p>\n\n\n\n<p>Perdido entre cuatro paredes,<\/p>\n\n\n\n<p>Preso de silencios infinitos<\/p>\n\n\n\n<p>De risas, de tardes perdidas<\/p>\n\n\n\n<p>En los parques, ahora a escondidas<\/p>\n\n\n\n<p>El nuevo prohibido de la sociedad<\/p>\n\n\n\n<p>\u00bfComo acabaremos la vida?<\/p>\n\n\n\n<p>\u00bfComo continuaremos con ella?<\/p>\n\n\n\n<p>Si ni tan siquiera siluetas<\/p>\n\n\n\n<p>Son siluetas en la oscuridad.<\/p>\n<\/div><\/div>\n","protected":false},"excerpt":{"rendered":"<p>Nadie es de tal horrenda galanura Que te hizo a semejanza De tales iniquidades puras De la maldad sin esperanza Quieres parecer el que adoras Y en real eres el que odias Y no existen columnas que soporten La maldad que nos atenaza Que nos rodea, nos aplasta Que a diario, nos despedaza \u00bfqui\u00e9n en &hellip; <\/p>\n<p class=\"link-more\"><a href=\"https:\/\/pedrocasiano.es\/?page_id=4653\" class=\"more-link\">Leer m\u00e1s<span class=\"screen-reader-text\"> \u00abNadie es de tal Horrenda Galanura\u00bb<\/span><\/a><\/p>\n","protected":false},"author":1,"featured_media":0,"parent":0,"menu_order":0,"comment_status":"closed","ping_status":"closed","template":"","meta":{"inspiro_hide_title":false,"footnotes":""},"class_list":["post-4653","page","type-page","status-publish","hentry"],"featured_media_urls":[],"_links":{"self":[{"href":"https:\/\/pedrocasiano.es\/index.php?rest_route=\/wp\/v2\/pages\/4653","targetHints":{"allow":["GET"]}}],"collection":[{"href":"https:\/\/pedrocasiano.es\/index.php?rest_route=\/wp\/v2\/pages"}],"about":[{"href":"https:\/\/pedrocasiano.es\/index.php?rest_route=\/wp\/v2\/types\/page"}],"author":[{"embeddable":true,"href":"https:\/\/pedrocasiano.es\/index.php?rest_route=\/wp\/v2\/users\/1"}],"replies":[{"embeddable":true,"href":"https:\/\/pedrocasiano.es\/index.php?rest_route=%2Fwp%2Fv2%2Fcomments&post=4653"}],"version-history":[{"count":1,"href":"https:\/\/pedrocasiano.es\/index.php?rest_route=\/wp\/v2\/pages\/4653\/revisions"}],"predecessor-version":[{"id":4655,"href":"https:\/\/pedrocasiano.es\/index.php?rest_route=\/wp\/v2\/pages\/4653\/revisions\/4655"}],"wp:attachment":[{"href":"https:\/\/pedrocasiano.es\/index.php?rest_route=%2Fwp%2Fv2%2Fmedia&parent=4653"}],"curies":[{"name":"wp","href":"https:\/\/api.w.org\/{rel}","templated":true}]}}