{"id":4649,"date":"2024-02-27T09:17:41","date_gmt":"2024-02-27T09:17:41","guid":{"rendered":"https:\/\/pedrocasiano.es\/?page_id=4649"},"modified":"2024-02-27T09:17:42","modified_gmt":"2024-02-27T09:17:42","slug":"alce-la-vista-al-cielo","status":"publish","type":"page","link":"https:\/\/pedrocasiano.es\/?page_id=4649","title":{"rendered":"Alc\u00e9 la Vista al Cielo"},"content":{"rendered":"\n<div class=\"wp-block-media-text is-stacked-on-mobile is-vertically-aligned-top\"><figure class=\"wp-block-media-text__media\"><img decoding=\"async\" width=\"1024\" height=\"960\" data-src=\"https:\/\/pedrocasiano.es\/wp-content\/uploads\/2024\/02\/ai-generated-8577048_1280-1024x960.jpg\" alt=\"\" class=\"wp-image-4651 size-full lazyload\" src=\"data:image\/svg+xml;base64,PHN2ZyB3aWR0aD0iMSIgaGVpZ2h0PSIxIiB4bWxucz0iaHR0cDovL3d3dy53My5vcmcvMjAwMC9zdmciPjwvc3ZnPg==\" style=\"--smush-placeholder-width: 1024px; --smush-placeholder-aspect-ratio: 1024\/960;\" \/><\/figure><div class=\"wp-block-media-text__content\">\n<p>Alc\u00e9 la vista al cielo<\/p>\n\n\n\n<p>Esperando sin saber que<\/p>\n\n\n\n<p>Y no me devolvi\u00f3 nada<\/p>\n\n\n\n<p>La vista baj\u00e9,<\/p>\n\n\n\n<p>Enso\u00f1aciones vanas<\/p>\n\n\n\n<p>Idolatr\u00edas paganas<\/p>\n\n\n\n<p>Nada sino nubes<\/p>\n\n\n\n<p>En un cielo<\/p>\n\n\n\n<p>en el que se pierde la esperanza<\/p>\n\n\n\n<p>Aun espero se\u00f1ales<\/p>\n\n\n\n<p>Que en mi coraz\u00f3n<\/p>\n\n\n\n<p>Se claven como pu\u00f1ales<\/p>\n\n\n\n<p>Pero apenas si veo<\/p>\n\n\n\n<p>Algo parecido a tales<\/p>\n\n\n\n<p>Solo el cielo que desnudo<\/p>\n\n\n\n<p>Aun con nubes decorado<\/p>\n\n\n\n<p>Me mira insolente y vago<\/p>\n\n\n\n<p>Como desesperando<\/p>\n\n\n\n<p>Que desespere de saber<\/p>\n\n\n\n<p>Todo lo que \u00e9l sabe<\/p>\n\n\n\n<p>Y me sigo preguntando<\/p>\n\n\n\n<p>Cosas que no tienen ton<\/p>\n\n\n\n<p>Ni tan siquiera respuesta<\/p>\n\n\n\n<p>Espero con desilusiona<\/p>\n\n\n\n<p>Las preguntas se amontonan<\/p>\n\n\n\n<p>Como la parva en el ruedo<\/p>\n\n\n\n<p>Y mis preguntas olvidadas<\/p>\n\n\n\n<p>Desde que hace miles de a\u00f1os<\/p>\n\n\n\n<p>Otros como yo, las hicieron<\/p>\n\n\n\n<p>Es f\u00e1cil responderlas<\/p>\n\n\n\n<p>Con la esperanza en la mano<\/p>\n\n\n\n<p>Con la fe en la forma que quieras<\/p>\n\n\n\n<p>Pero solo por pensar<\/p>\n\n\n\n<p>Que en este mundo de locos<\/p>\n\n\n\n<p>No est\u00e1s solo, no es tu culpa<\/p>\n\n\n\n<p>Ni tu maldad desvar\u00edo<\/p>\n\n\n\n<p>Que existe algo mayor<\/p>\n\n\n\n<p>Que en ello est\u00e1 el desaf\u00edo<\/p>\n\n\n\n<p>Que te perdona la maldad<\/p>\n\n\n\n<p>Lo peor que llevas dentro<\/p>\n\n\n\n<p>Que te hace bueno<\/p>\n\n\n\n<p>Cuando apestas por dentro<\/p>\n<\/div><\/div>\n","protected":false},"excerpt":{"rendered":"<p>Alc\u00e9 la vista al cielo Esperando sin saber que Y no me devolvi\u00f3 nada La vista baj\u00e9, Enso\u00f1aciones vanas Idolatr\u00edas paganas Nada sino nubes En un cielo en el que se pierde la esperanza Aun espero se\u00f1ales Que en mi coraz\u00f3n Se claven como pu\u00f1ales Pero apenas si veo Algo parecido a tales Solo el &hellip; <\/p>\n<p class=\"link-more\"><a href=\"https:\/\/pedrocasiano.es\/?page_id=4649\" class=\"more-link\">Leer m\u00e1s<span class=\"screen-reader-text\"> \u00abAlc\u00e9 la Vista al Cielo\u00bb<\/span><\/a><\/p>\n","protected":false},"author":1,"featured_media":0,"parent":0,"menu_order":0,"comment_status":"closed","ping_status":"closed","template":"","meta":{"inspiro_hide_title":false,"footnotes":""},"class_list":["post-4649","page","type-page","status-publish","hentry"],"featured_media_urls":[],"_links":{"self":[{"href":"https:\/\/pedrocasiano.es\/index.php?rest_route=\/wp\/v2\/pages\/4649","targetHints":{"allow":["GET"]}}],"collection":[{"href":"https:\/\/pedrocasiano.es\/index.php?rest_route=\/wp\/v2\/pages"}],"about":[{"href":"https:\/\/pedrocasiano.es\/index.php?rest_route=\/wp\/v2\/types\/page"}],"author":[{"embeddable":true,"href":"https:\/\/pedrocasiano.es\/index.php?rest_route=\/wp\/v2\/users\/1"}],"replies":[{"embeddable":true,"href":"https:\/\/pedrocasiano.es\/index.php?rest_route=%2Fwp%2Fv2%2Fcomments&post=4649"}],"version-history":[{"count":2,"href":"https:\/\/pedrocasiano.es\/index.php?rest_route=\/wp\/v2\/pages\/4649\/revisions"}],"predecessor-version":[{"id":10114,"href":"https:\/\/pedrocasiano.es\/index.php?rest_route=\/wp\/v2\/pages\/4649\/revisions\/10114"}],"wp:attachment":[{"href":"https:\/\/pedrocasiano.es\/index.php?rest_route=%2Fwp%2Fv2%2Fmedia&parent=4649"}],"curies":[{"name":"wp","href":"https:\/\/api.w.org\/{rel}","templated":true}]}}