{"id":4643,"date":"2024-02-27T09:08:40","date_gmt":"2024-02-27T09:08:40","guid":{"rendered":"https:\/\/pedrocasiano.es\/?page_id=4643"},"modified":"2024-02-27T09:08:41","modified_gmt":"2024-02-27T09:08:41","slug":"sendero-de-hojas-muertas","status":"publish","type":"page","link":"https:\/\/pedrocasiano.es\/?page_id=4643","title":{"rendered":"Sendero de Hojas Muertas"},"content":{"rendered":"\n<div class=\"wp-block-media-text is-stacked-on-mobile is-vertically-aligned-top\"><figure class=\"wp-block-media-text__media\"><img decoding=\"async\" width=\"853\" height=\"1024\" data-src=\"https:\/\/pedrocasiano.es\/wp-content\/uploads\/2024\/02\/ai-generated-8168217_1280-853x1024.jpg\" alt=\"\" class=\"wp-image-4644 size-full lazyload\" src=\"data:image\/svg+xml;base64,PHN2ZyB3aWR0aD0iMSIgaGVpZ2h0PSIxIiB4bWxucz0iaHR0cDovL3d3dy53My5vcmcvMjAwMC9zdmciPjwvc3ZnPg==\" style=\"--smush-placeholder-width: 853px; --smush-placeholder-aspect-ratio: 853\/1024;\" \/><\/figure><div class=\"wp-block-media-text__content\">\n<p>Sendero de hojas muertas<\/p>\n\n\n\n<p>De hierba ca\u00edda a ras<\/p>\n\n\n\n<p>De \u00e1rboles moribundos<\/p>\n\n\n\n<p>De subidas ralas de bondad<\/p>\n\n\n\n<p>Camino por vericuetos<\/p>\n\n\n\n<p>Con tu sombra en mi espalda<\/p>\n\n\n\n<p>Maldiciendo mi soledad<\/p>\n\n\n\n<p>Deseando acompa\u00f1arte<\/p>\n\n\n\n<p>Queriendo contigo estar<\/p>\n\n\n\n<p>Pero t\u00fa no est\u00e1s conmigo<\/p>\n\n\n\n<p>Alguien te quiso llevar<\/p>\n\n\n\n<p>Dejarme solo<\/p>\n\n\n\n<p>Sin lo que m\u00e1s quise en la vida<\/p>\n\n\n\n<p>Lo que m\u00e1s pude amar<\/p>\n\n\n\n<p>Sendero que me llevas<\/p>\n\n\n\n<p>A ning\u00fan sitio ni lugar<\/p>\n\n\n\n<p>Rec\u00f3ndita vereda<\/p>\n\n\n\n<p>Que no quiero transitar<\/p>\n\n\n\n<p>Sombras cubren el camino<\/p>\n\n\n\n<p>Y ning\u00fan \u00e1rbol las da<\/p>\n\n\n\n<p>Miro al cielo<\/p>\n\n\n\n<p>Y busco nubes<\/p>\n\n\n\n<p>Tampoco las puedo encontrar<\/p>\n\n\n\n<p>Que es mi mente<\/p>\n\n\n\n<p>En tu ausencia<\/p>\n\n\n\n<p>Solo sombras en mi alma<\/p>\n\n\n\n<p>Tristeza, cansancio, soledad<\/p>\n\n\n\n<p>Levanto la vista al cielo<\/p>\n\n\n\n<p>Y no vislumbro nada m\u00e1s<\/p>\n\n\n\n<p>T\u00fa, el que est\u00e1s arriba<\/p>\n\n\n\n<p>Si es cierto que es verdad<\/p>\n\n\n\n<p>S\u00e1came de este tugurio<\/p>\n\n\n\n<p>De esta maldita soledad<\/p>\n\n\n\n<p>Ll\u00e9vame pronto con ella<\/p>\n\n\n\n<p>No me dejes renegar<\/p>\n\n\n\n<p>Cast\u00edgame si quieres<\/p>\n\n\n\n<p>Despareciendo y nada m\u00e1s<\/p>\n\n\n\n<p>Pero no me dejes pensando<\/p>\n\n\n\n<p>En que ella en otro sitio est\u00e1<\/p>\n\n\n\n<p>Te la llevaste, no es el motivo<\/p>\n\n\n\n<p>Solo tengo como testigo<\/p>\n\n\n\n<p>Mi alma, mi soledad<\/p>\n\n\n\n<p>Te pido, te ruego, imploro<\/p>\n\n\n\n<p>Destruye mi soledad<\/p>\n\n\n\n<p>Hazme visita de muerte<\/p>\n\n\n\n<p>Que me roigan las entra\u00f1as<\/p>\n\n\n\n<p>Esas tuyas alima\u00f1as<\/p>\n\n\n\n<p>Que tienes que alimentar<\/p>\n\n\n\n<p>Que se llevan al que no quiere<\/p>\n\n\n\n<p>Y al que quiere dejaran<\/p>\n\n\n\n<p>Al rico ni tan siquiera rondan<\/p>\n\n\n\n<p>Y al pobre devoraran<\/p>\n\n\n\n<p>Maldita justicia la tuya<\/p>\n\n\n\n<p>Si existe, si es verdad<\/p>\n\n\n\n<p>No quiero ser tu hijo<\/p>\n\n\n\n<p>Ni vivir en tu eterno bienestar<\/p>\n\n\n\n<p>Solo quiero que me dejes<\/p>\n\n\n\n<p>Un postres suspiro<\/p>\n\n\n\n<p>Que me permita un momento<\/p>\n\n\n\n<p>Poderla de nuevo abrazar.<\/p>\n<\/div><\/div>\n","protected":false},"excerpt":{"rendered":"<p>Sendero de hojas muertas De hierba ca\u00edda a ras De \u00e1rboles moribundos De subidas ralas de bondad Camino por vericuetos Con tu sombra en mi espalda Maldiciendo mi soledad Deseando acompa\u00f1arte Queriendo contigo estar Pero t\u00fa no est\u00e1s conmigo Alguien te quiso llevar Dejarme solo Sin lo que m\u00e1s quise en la vida Lo que &hellip; <\/p>\n<p class=\"link-more\"><a href=\"https:\/\/pedrocasiano.es\/?page_id=4643\" class=\"more-link\">Leer m\u00e1s<span class=\"screen-reader-text\"> \u00abSendero de Hojas Muertas\u00bb<\/span><\/a><\/p>\n","protected":false},"author":1,"featured_media":0,"parent":0,"menu_order":0,"comment_status":"closed","ping_status":"closed","template":"","meta":{"inspiro_hide_title":false,"footnotes":""},"class_list":["post-4643","page","type-page","status-publish","hentry"],"featured_media_urls":[],"_links":{"self":[{"href":"https:\/\/pedrocasiano.es\/index.php?rest_route=\/wp\/v2\/pages\/4643","targetHints":{"allow":["GET"]}}],"collection":[{"href":"https:\/\/pedrocasiano.es\/index.php?rest_route=\/wp\/v2\/pages"}],"about":[{"href":"https:\/\/pedrocasiano.es\/index.php?rest_route=\/wp\/v2\/types\/page"}],"author":[{"embeddable":true,"href":"https:\/\/pedrocasiano.es\/index.php?rest_route=\/wp\/v2\/users\/1"}],"replies":[{"embeddable":true,"href":"https:\/\/pedrocasiano.es\/index.php?rest_route=%2Fwp%2Fv2%2Fcomments&post=4643"}],"version-history":[{"count":2,"href":"https:\/\/pedrocasiano.es\/index.php?rest_route=\/wp\/v2\/pages\/4643\/revisions"}],"predecessor-version":[{"id":11070,"href":"https:\/\/pedrocasiano.es\/index.php?rest_route=\/wp\/v2\/pages\/4643\/revisions\/11070"}],"wp:attachment":[{"href":"https:\/\/pedrocasiano.es\/index.php?rest_route=%2Fwp%2Fv2%2Fmedia&parent=4643"}],"curies":[{"name":"wp","href":"https:\/\/api.w.org\/{rel}","templated":true}]}}