{"id":4637,"date":"2024-02-27T09:00:59","date_gmt":"2024-02-27T09:00:59","guid":{"rendered":"https:\/\/pedrocasiano.es\/?page_id=4637"},"modified":"2024-09-23T09:49:34","modified_gmt":"2024-09-23T09:49:34","slug":"te-pario-la-luna","status":"publish","type":"page","link":"https:\/\/pedrocasiano.es\/?page_id=4637","title":{"rendered":"Te Pari\u00f3 la Luna"},"content":{"rendered":"\n<div class=\"wp-block-media-text is-stacked-on-mobile is-vertically-aligned-top\"><figure class=\"wp-block-media-text__media\"><img decoding=\"async\" width=\"565\" height=\"702\" data-src=\"https:\/\/pedrocasiano.es\/wp-content\/uploads\/2024\/02\/ai-generated-8594852_1280peque.jpg\" alt=\"\" class=\"wp-image-4638 size-full lazyload\" src=\"data:image\/svg+xml;base64,PHN2ZyB3aWR0aD0iMSIgaGVpZ2h0PSIxIiB4bWxucz0iaHR0cDovL3d3dy53My5vcmcvMjAwMC9zdmciPjwvc3ZnPg==\" style=\"--smush-placeholder-width: 565px; --smush-placeholder-aspect-ratio: 565\/702;\" \/><\/figure><div class=\"wp-block-media-text__content\">\n<p>Te pari\u00f3 la luna<\/p>\n\n\n\n<p>Y te engendr\u00f3 el sol<\/p>\n\n\n\n<p>Cuando sonr\u00edes<\/p>\n\n\n\n<p>Es azul del cielo<\/p>\n\n\n\n<p>Y tus l\u00e1grimas<\/p>\n\n\n\n<p>Gotas de lluvia<\/p>\n\n\n\n<p>Las nubes<\/p>\n\n\n\n<p>Tus inquietudes<\/p>\n\n\n\n<p>El nublado<\/p>\n\n\n\n<p>Tu dolor<\/p>\n\n\n\n<p>Y cuando te has ido<\/p>\n\n\n\n<p>La noche ha venido<\/p>\n\n\n\n<p>Y la belleza<\/p>\n\n\n\n<p>Contigo se march\u00f3<\/p>\n\n\n\n<p>La luna se ahueca<\/p>\n\n\n\n<p>Del puro dolor<\/p>\n\n\n\n<p>De perderte la vida<\/p>\n\n\n\n<p>Cuando apenas<\/p>\n\n\n\n<p>Si brotabas al sol<\/p>\n\n\n\n<p>Hija del d\u00eda<\/p>\n\n\n\n<p>Madre del coraz\u00f3n<\/p>\n\n\n\n<p>Capullo de flor<\/p>\n\n\n\n<p>Que nunca naci\u00f3<\/p>\n\n\n\n<p>Te muero<\/p>\n\n\n\n<p>Porque me muero yo<\/p>\n\n\n\n<p>Te vivo, porqu\u00e9, no s\u00e9.<\/p>\n\n\n\n<p>Y aqu\u00ed languidezco<\/p>\n\n\n\n<p>En la rota luna<\/p>\n\n\n\n<p>Ahuecada de dolor<\/p>\n<\/div><\/div>\n\n\n\n<p><\/p>\n","protected":false},"excerpt":{"rendered":"<p>Te pari\u00f3 la luna Y te engendr\u00f3 el sol Cuando sonr\u00edes Es azul del cielo Y tus l\u00e1grimas Gotas de lluvia Las nubes Tus inquietudes El nublado Tu dolor Y cuando te has ido La noche ha venido Y la belleza Contigo se march\u00f3 La luna se ahueca Del puro dolor De perderte la vida &hellip; <\/p>\n<p class=\"link-more\"><a href=\"https:\/\/pedrocasiano.es\/?page_id=4637\" class=\"more-link\">Leer m\u00e1s<span class=\"screen-reader-text\"> \u00abTe Pari\u00f3 la Luna\u00bb<\/span><\/a><\/p>\n","protected":false},"author":1,"featured_media":0,"parent":0,"menu_order":0,"comment_status":"closed","ping_status":"closed","template":"","meta":{"inspiro_hide_title":false,"footnotes":""},"class_list":["post-4637","page","type-page","status-publish","hentry"],"featured_media_urls":[],"_links":{"self":[{"href":"https:\/\/pedrocasiano.es\/index.php?rest_route=\/wp\/v2\/pages\/4637","targetHints":{"allow":["GET"]}}],"collection":[{"href":"https:\/\/pedrocasiano.es\/index.php?rest_route=\/wp\/v2\/pages"}],"about":[{"href":"https:\/\/pedrocasiano.es\/index.php?rest_route=\/wp\/v2\/types\/page"}],"author":[{"embeddable":true,"href":"https:\/\/pedrocasiano.es\/index.php?rest_route=\/wp\/v2\/users\/1"}],"replies":[{"embeddable":true,"href":"https:\/\/pedrocasiano.es\/index.php?rest_route=%2Fwp%2Fv2%2Fcomments&post=4637"}],"version-history":[{"count":2,"href":"https:\/\/pedrocasiano.es\/index.php?rest_route=\/wp\/v2\/pages\/4637\/revisions"}],"predecessor-version":[{"id":11062,"href":"https:\/\/pedrocasiano.es\/index.php?rest_route=\/wp\/v2\/pages\/4637\/revisions\/11062"}],"wp:attachment":[{"href":"https:\/\/pedrocasiano.es\/index.php?rest_route=%2Fwp%2Fv2%2Fmedia&parent=4637"}],"curies":[{"name":"wp","href":"https:\/\/api.w.org\/{rel}","templated":true}]}}