{"id":4631,"date":"2024-02-27T08:53:43","date_gmt":"2024-02-27T08:53:43","guid":{"rendered":"https:\/\/pedrocasiano.es\/?page_id=4631"},"modified":"2024-09-23T09:45:29","modified_gmt":"2024-09-23T09:45:29","slug":"hoy-he-subido-a-la-montana","status":"publish","type":"page","link":"https:\/\/pedrocasiano.es\/?page_id=4631","title":{"rendered":"Hoy he Subido a la Monta\u00f1a"},"content":{"rendered":"\n<div class=\"wp-block-media-text is-stacked-on-mobile is-vertically-aligned-top\"><figure class=\"wp-block-media-text__media\"><img decoding=\"async\" width=\"1024\" height=\"853\" data-src=\"https:\/\/pedrocasiano.es\/wp-content\/uploads\/2024\/02\/ai-generated-8588123_1280-1024x853.png\" alt=\"\" class=\"wp-image-4632 size-full lazyload\" src=\"data:image\/svg+xml;base64,PHN2ZyB3aWR0aD0iMSIgaGVpZ2h0PSIxIiB4bWxucz0iaHR0cDovL3d3dy53My5vcmcvMjAwMC9zdmciPjwvc3ZnPg==\" style=\"--smush-placeholder-width: 1024px; --smush-placeholder-aspect-ratio: 1024\/853;\" \/><\/figure><div class=\"wp-block-media-text__content\">\n<p>Hoy he subido a la monta\u00f1a<\/p>\n\n\n\n<p>La que sol\u00edamos escalar<\/p>\n\n\n\n<p>A cada paso que daba<\/p>\n\n\n\n<p>Cre\u00eda poderte mirar<\/p>\n\n\n\n<p>Pero solo la soledad<\/p>\n\n\n\n<p>Me segu\u00eda pertinaz<\/p>\n\n\n\n<p>Y al llegar a la cumbre<\/p>\n\n\n\n<p>Vi al milano volar<\/p>\n\n\n\n<p>\u00bfEra tu alma acaso?<\/p>\n\n\n\n<p>\u00bfLa que romp\u00eda el aire?<\/p>\n\n\n\n<p>La que ans\u00eda el ulular<\/p>\n\n\n\n<p>De las monta\u00f1as vac\u00edas<\/p>\n\n\n\n<p>De las que no ven el mar<\/p>\n\n\n\n<p>Eres milano que vuela<\/p>\n\n\n\n<p>Eres aire al deslizar<\/p>\n\n\n\n<p>Bajo las alas del ave<\/p>\n\n\n\n<p>Que quiere empujar<\/p>\n\n\n\n<p>Ese aire a mi cara<\/p>\n\n\n\n<p>Para que pare un momento<\/p>\n\n\n\n<p>De clamar la pena de llorar<\/p>\n\n\n\n<p>Pero no puedo, milano<\/p>\n\n\n\n<p>Pero no puedo monta\u00f1a<\/p>\n\n\n\n<p>Pero no puedo ese aire<\/p>\n\n\n\n<p>Que hacia aqu\u00ed quieres empujar.<\/p>\n\n\n\n<p>Bajo la monta\u00f1a llorando<\/p>\n\n\n\n<p>Mirando que quieres mirar<\/p>\n\n\n\n<p>Y las piedras a mi paso<\/p>\n\n\n\n<p>Se me quieres apartar<\/p>\n\n\n\n<p>Milano, dime milano<\/p>\n\n\n\n<p>Que ya me has de dejar<\/p>\n\n\n\n<p>All\u00ed desde tu altura<\/p>\n\n\n\n<p>Ves a mi amor en la nubes<\/p>\n\n\n\n<p>Aunque solo sea su esencia<\/p>\n\n\n\n<p>La que puedes vislumbrar.<\/p>\n\n\n\n<p>No te vayas milano<\/p>\n\n\n\n<p>Sin quererme responder<\/p>\n\n\n\n<p>Oigo tu grito en el aire<\/p>\n\n\n\n<p>Quiz\u00e1s sea tu respuesta.<\/p>\n\n\n\n<p>Mil gracias milano<\/p>\n\n\n\n<p>Ya te puedes marchar<\/p>\n\n\n\n<p>Ve a romper las nubes<\/p>\n\n\n\n<p>Vuela hasta la cresta del mar<\/p>\n\n\n\n<p>Y cu\u00e9ntale al o\u00eddo a mi amada<\/p>\n\n\n\n<p>Que esto que queda de vida<\/p>\n\n\n\n<p>Es solo algo que pasa r\u00e1pido<\/p>\n\n\n\n<p>Que me espere<\/p>\n\n\n\n<p>Est\u00e1 pronto mi llegar.<\/p>\n<\/div><\/div>\n","protected":false},"excerpt":{"rendered":"<p>Hoy he subido a la monta\u00f1a La que sol\u00edamos escalar A cada paso que daba Cre\u00eda poderte mirar Pero solo la soledad Me segu\u00eda pertinaz Y al llegar a la cumbre Vi al milano volar \u00bfEra tu alma acaso? \u00bfLa que romp\u00eda el aire? La que ans\u00eda el ulular De las monta\u00f1as vac\u00edas De las &hellip; <\/p>\n<p class=\"link-more\"><a href=\"https:\/\/pedrocasiano.es\/?page_id=4631\" class=\"more-link\">Leer m\u00e1s<span class=\"screen-reader-text\"> \u00abHoy he Subido a la Monta\u00f1a\u00bb<\/span><\/a><\/p>\n","protected":false},"author":1,"featured_media":0,"parent":0,"menu_order":0,"comment_status":"closed","ping_status":"closed","template":"","meta":{"inspiro_hide_title":false,"footnotes":""},"class_list":["post-4631","page","type-page","status-publish","hentry"],"featured_media_urls":[],"_links":{"self":[{"href":"https:\/\/pedrocasiano.es\/index.php?rest_route=\/wp\/v2\/pages\/4631","targetHints":{"allow":["GET"]}}],"collection":[{"href":"https:\/\/pedrocasiano.es\/index.php?rest_route=\/wp\/v2\/pages"}],"about":[{"href":"https:\/\/pedrocasiano.es\/index.php?rest_route=\/wp\/v2\/types\/page"}],"author":[{"embeddable":true,"href":"https:\/\/pedrocasiano.es\/index.php?rest_route=\/wp\/v2\/users\/1"}],"replies":[{"embeddable":true,"href":"https:\/\/pedrocasiano.es\/index.php?rest_route=%2Fwp%2Fv2%2Fcomments&post=4631"}],"version-history":[{"count":3,"href":"https:\/\/pedrocasiano.es\/index.php?rest_route=\/wp\/v2\/pages\/4631\/revisions"}],"predecessor-version":[{"id":11058,"href":"https:\/\/pedrocasiano.es\/index.php?rest_route=\/wp\/v2\/pages\/4631\/revisions\/11058"}],"wp:attachment":[{"href":"https:\/\/pedrocasiano.es\/index.php?rest_route=%2Fwp%2Fv2%2Fmedia&parent=4631"}],"curies":[{"name":"wp","href":"https:\/\/api.w.org\/{rel}","templated":true}]}}