{"id":4628,"date":"2024-02-27T08:51:14","date_gmt":"2024-02-27T08:51:14","guid":{"rendered":"https:\/\/pedrocasiano.es\/?page_id=4628"},"modified":"2024-09-23T09:14:58","modified_gmt":"2024-09-23T09:14:58","slug":"es-nimiedad","status":"publish","type":"page","link":"https:\/\/pedrocasiano.es\/?page_id=4628","title":{"rendered":"Es Nimiedad"},"content":{"rendered":"\n<div class=\"wp-block-media-text is-stacked-on-mobile is-vertically-aligned-top\"><figure class=\"wp-block-media-text__media\"><img decoding=\"async\" width=\"1024\" height=\"717\" data-src=\"https:\/\/pedrocasiano.es\/wp-content\/uploads\/2024\/02\/ai-generated-8563234_1280-1024x717.png\" alt=\"\" class=\"wp-image-4629 size-full lazyload\" src=\"data:image\/svg+xml;base64,PHN2ZyB3aWR0aD0iMSIgaGVpZ2h0PSIxIiB4bWxucz0iaHR0cDovL3d3dy53My5vcmcvMjAwMC9zdmciPjwvc3ZnPg==\" style=\"--smush-placeholder-width: 1024px; --smush-placeholder-aspect-ratio: 1024\/717;\" \/><\/figure><div class=\"wp-block-media-text__content\">\n<p>Es nimiedad.<\/p>\n\n\n\n<p>Fuiste tanto<\/p>\n\n\n\n<p>No fui nada<\/p>\n\n\n\n<p>Me llenaste<\/p>\n\n\n\n<p>Me qued\u00e9<\/p>\n\n\n\n<p>Mientras te marchabas<\/p>\n\n\n\n<p>Como cobarde lloro<\/p>\n\n\n\n<p>Esperando marchar<\/p>\n\n\n\n<p>Fuera del tiempo<\/p>\n\n\n\n<p>No cuando deb\u00eda acabar<\/p>\n\n\n\n<p>Nada me ataba<\/p>\n\n\n\n<p>Nada ten\u00eda que dejar<\/p>\n\n\n\n<p>Y me qued\u00e9 aqu\u00ed anclado<\/p>\n\n\n\n<p>Llorando mi cobard\u00eda<\/p>\n\n\n\n<p>Clamando mi soledad<\/p>\n\n\n\n<p>Y me arrepiento<\/p>\n\n\n\n<p>A cada momento<\/p>\n\n\n\n<p>De no haberte ido<\/p>\n\n\n\n<p>A acompa\u00f1ar<\/p>\n\n\n\n<p>A descubro de los cielos<\/p>\n\n\n\n<p>A mecerte en el mar<\/p>\n\n\n\n<p>Y me quedo aqu\u00ed mirando<\/p>\n\n\n\n<p>Mir\u00e1ndote marchar<\/p>\n\n\n\n<p>Y me maldigo mil veces<\/p>\n\n\n\n<p>Porque me quise quedar.<\/p>\n<\/div><\/div>\n\n\n\n<p><\/p>\n","protected":false},"excerpt":{"rendered":"<p>Es nimiedad. Fuiste tanto No fui nada Me llenaste Me qued\u00e9 Mientras te marchabas Como cobarde lloro Esperando marchar Fuera del tiempo No cuando deb\u00eda acabar Nada me ataba Nada ten\u00eda que dejar Y me qued\u00e9 aqu\u00ed anclado Llorando mi cobard\u00eda Clamando mi soledad Y me arrepiento A cada momento De no haberte ido A &hellip; <\/p>\n<p class=\"link-more\"><a href=\"https:\/\/pedrocasiano.es\/?page_id=4628\" class=\"more-link\">Leer m\u00e1s<span class=\"screen-reader-text\"> \u00abEs Nimiedad\u00bb<\/span><\/a><\/p>\n","protected":false},"author":1,"featured_media":0,"parent":0,"menu_order":0,"comment_status":"closed","ping_status":"closed","template":"","meta":{"inspiro_hide_title":false,"footnotes":""},"class_list":["post-4628","page","type-page","status-publish","hentry"],"featured_media_urls":[],"_links":{"self":[{"href":"https:\/\/pedrocasiano.es\/index.php?rest_route=\/wp\/v2\/pages\/4628","targetHints":{"allow":["GET"]}}],"collection":[{"href":"https:\/\/pedrocasiano.es\/index.php?rest_route=\/wp\/v2\/pages"}],"about":[{"href":"https:\/\/pedrocasiano.es\/index.php?rest_route=\/wp\/v2\/types\/page"}],"author":[{"embeddable":true,"href":"https:\/\/pedrocasiano.es\/index.php?rest_route=\/wp\/v2\/users\/1"}],"replies":[{"embeddable":true,"href":"https:\/\/pedrocasiano.es\/index.php?rest_route=%2Fwp%2Fv2%2Fcomments&post=4628"}],"version-history":[{"count":3,"href":"https:\/\/pedrocasiano.es\/index.php?rest_route=\/wp\/v2\/pages\/4628\/revisions"}],"predecessor-version":[{"id":11051,"href":"https:\/\/pedrocasiano.es\/index.php?rest_route=\/wp\/v2\/pages\/4628\/revisions\/11051"}],"wp:attachment":[{"href":"https:\/\/pedrocasiano.es\/index.php?rest_route=%2Fwp%2Fv2%2Fmedia&parent=4628"}],"curies":[{"name":"wp","href":"https:\/\/api.w.org\/{rel}","templated":true}]}}