{"id":4568,"date":"2024-02-26T10:49:50","date_gmt":"2024-02-26T10:49:50","guid":{"rendered":"https:\/\/pedrocasiano.es\/?page_id=4568"},"modified":"2026-03-31T11:25:19","modified_gmt":"2026-03-31T09:25:19","slug":"reflexiones-septima-parte","status":"publish","type":"page","link":"https:\/\/pedrocasiano.es\/?page_id=4568","title":{"rendered":"Reflexiones. S\u00e9ptima Parte"},"content":{"rendered":"\n<div class=\"wp-block-cover alignfull has-custom-content-position is-position-top-left\" style=\"min-height:924px;aspect-ratio:unset;\"><img decoding=\"async\" width=\"1302\" height=\"1369\" class=\"wp-block-cover__image-background wp-image-4569 lazyload\" alt=\"\" data-src=\"https:\/\/pedrocasiano.es\/wp-content\/uploads\/2024\/02\/ai-generated-8547281_1920recortada.jpg\" data-object-fit=\"cover\" src=\"data:image\/svg+xml;base64,PHN2ZyB3aWR0aD0iMSIgaGVpZ2h0PSIxIiB4bWxucz0iaHR0cDovL3d3dy53My5vcmcvMjAwMC9zdmciPjwvc3ZnPg==\" style=\"--smush-placeholder-width: 1302px; --smush-placeholder-aspect-ratio: 1302\/1369;\" \/><span aria-hidden=\"true\" class=\"wp-block-cover__background has-background-dim\"><\/span><div class=\"wp-block-cover__inner-container has-global-padding is-layout-constrained wp-block-cover-is-layout-constrained\">\n<ul class=\"wp-block-list\">\n<li><a href=\"https:\/\/pedrocasiano.es\/?page_id=1561\" data-type=\"page\" data-id=\"1561\" target=\"_blank\" rel=\"noreferrer noopener\">Hoy no es Domingo<\/a><\/li>\n\n\n\n<li><a href=\"https:\/\/pedrocasiano.es\/?p=8624\" data-type=\"post\" data-id=\"8624\" target=\"_blank\" rel=\"noreferrer noopener\">Las Horas de Noche<\/a><\/li>\n\n\n\n<li><a href=\"https:\/\/pedrocasiano.es\/?p=8764\" data-type=\"post\" data-id=\"8764\" target=\"_blank\" rel=\"noreferrer noopener\">Ha llegado el Mes de Agosto\u2026<\/a><\/li>\n\n\n\n<li><a href=\"https:\/\/pedrocasiano.es\/?p=9291\" data-type=\"post\" data-id=\"9291\" target=\"_blank\" rel=\"noreferrer noopener\">Un Inciso<\/a><\/li>\n\n\n\n<li><a href=\"https:\/\/pedrocasiano.es\/?p=9502\" data-type=\"post\" data-id=\"9502\" target=\"_blank\" rel=\"noreferrer noopener\">D\u00edas de aire acondicionado<\/a><\/li>\n\n\n\n<li><a href=\"https:\/\/pedrocasiano.es\/?p=9505\" data-type=\"post\" data-id=\"9505\" target=\"_blank\" rel=\"noreferrer noopener\">De Nuevo Aqu\u00ed, Apenas las Cinco de la Ma\u00f1ana<\/a><\/li>\n\n\n\n<li><a href=\"https:\/\/pedrocasiano.es\/?p=9508\" data-type=\"post\" data-id=\"9508\" target=\"_blank\" rel=\"noreferrer noopener\">Malos Tiempos para ser Espa\u00f1ol<\/a><\/li>\n\n\n\n<li><a href=\"https:\/\/pedrocasiano.es\/?p=9511\" data-type=\"post\" data-id=\"9511\" target=\"_blank\" rel=\"noreferrer noopener\">Hoy he Pasado una Noche Regular<\/a><\/li>\n\n\n\n<li><a href=\"https:\/\/pedrocasiano.es\/?p=9744\" data-type=\"post\" data-id=\"9744\" target=\"_blank\" rel=\"noreferrer noopener\">La Vida, como Cambia la Vida<\/a><\/li>\n\n\n\n<li><a href=\"https:\/\/pedrocasiano.es\/?p=9747\" data-type=\"post\" data-id=\"9747\" target=\"_blank\" rel=\"noreferrer noopener\">Hoy he Terminado\u2026<\/a><\/li>\n\n\n\n<li><a href=\"https:\/\/pedrocasiano.es\/?p=9756\" data-type=\"post\" data-id=\"9756\" target=\"_blank\" rel=\"noreferrer noopener\">Hoy Est\u00e1 Siendo un D\u00eda Duro<\/a><\/li>\n\n\n\n<li><a href=\"https:\/\/pedrocasiano.es\/?p=9760\" data-type=\"post\" data-id=\"9760\" target=\"_blank\" rel=\"noreferrer noopener\">El D\u00eda se Est\u00e1 Convirtiendo en Pesado<\/a><\/li>\n\n\n\n<li><a href=\"https:\/\/pedrocasiano.es\/?p=9763\" data-type=\"post\" data-id=\"9763\" target=\"_blank\" rel=\"noreferrer noopener\">De nuevo aqu\u00ed\u2026<\/a><\/li>\n\n\n\n<li><a href=\"https:\/\/pedrocasiano.es\/?p=11224\" data-type=\"post\" data-id=\"11224\" target=\"_blank\" rel=\"noreferrer noopener\">Viejos Bol\u00edgrafos<\/a><\/li>\n\n\n\n<li><a href=\"https:\/\/pedrocasiano.es\/?p=9772\" data-type=\"post\" data-id=\"9772\" target=\"_blank\" rel=\"noreferrer noopener\">Hijos de un Viejo Pa\u00eds<\/a><\/li>\n\n\n\n<li><a href=\"https:\/\/pedrocasiano.es\/?p=11516\" data-type=\"post\" data-id=\"11516\" target=\"_blank\" rel=\"noreferrer noopener\">Hoy la Vida Retorna<\/a><\/li>\n\n\n\n<li><a href=\"https:\/\/pedrocasiano.es\/?p=11519\" data-type=\"post\" data-id=\"11519\" target=\"_blank\" rel=\"noreferrer noopener\">Llevo Algunos D\u00edas sin Escribir<\/a><\/li>\n\n\n\n<li><a href=\"https:\/\/pedrocasiano.es\/?p=11522\" data-type=\"post\" data-id=\"11522\" target=\"_blank\" rel=\"noreferrer noopener\">Hoy, para no Variar<\/a><\/li>\n<\/ul>\n\n\n\n<p><strong>Todos los Derechos Reservados<\/strong><\/p>\n\n\n\n<p><strong>\u201cEstas novelas, publicaciones y dem\u00e1s, son obras de ficci\u00f3n. Los nombres, personajes, lugares e incidentes son producto de la imaginaci\u00f3n del autor o son utilizados de manera ficticia. Cualquier parecido con personas, vivas o muertas, o sucesos reales es pura coincidencia.\u201d<\/strong><\/p>\n\n\n\n<p><\/p>\n<\/div><\/div>\n","protected":false},"excerpt":{"rendered":"","protected":false},"author":1,"featured_media":0,"parent":0,"menu_order":0,"comment_status":"closed","ping_status":"closed","template":"","meta":{"inspiro_hide_title":false,"footnotes":""},"class_list":["post-4568","page","type-page","status-publish","hentry"],"featured_media_urls":[],"_links":{"self":[{"href":"https:\/\/pedrocasiano.es\/index.php?rest_route=\/wp\/v2\/pages\/4568","targetHints":{"allow":["GET"]}}],"collection":[{"href":"https:\/\/pedrocasiano.es\/index.php?rest_route=\/wp\/v2\/pages"}],"about":[{"href":"https:\/\/pedrocasiano.es\/index.php?rest_route=\/wp\/v2\/types\/page"}],"author":[{"embeddable":true,"href":"https:\/\/pedrocasiano.es\/index.php?rest_route=\/wp\/v2\/users\/1"}],"replies":[{"embeddable":true,"href":"https:\/\/pedrocasiano.es\/index.php?rest_route=%2Fwp%2Fv2%2Fcomments&post=4568"}],"version-history":[{"count":36,"href":"https:\/\/pedrocasiano.es\/index.php?rest_route=\/wp\/v2\/pages\/4568\/revisions"}],"predecessor-version":[{"id":16523,"href":"https:\/\/pedrocasiano.es\/index.php?rest_route=\/wp\/v2\/pages\/4568\/revisions\/16523"}],"wp:attachment":[{"href":"https:\/\/pedrocasiano.es\/index.php?rest_route=%2Fwp%2Fv2%2Fmedia&parent=4568"}],"curies":[{"name":"wp","href":"https:\/\/api.w.org\/{rel}","templated":true}]}}