{"id":4520,"date":"2024-02-26T10:08:31","date_gmt":"2024-02-26T10:08:31","guid":{"rendered":"https:\/\/pedrocasiano.es\/?page_id=4520"},"modified":"2026-03-31T11:24:39","modified_gmt":"2026-03-31T09:24:39","slug":"reflexiones-v-parte","status":"publish","type":"page","link":"https:\/\/pedrocasiano.es\/?page_id=4520","title":{"rendered":"Reflexiones, Quinta Parte"},"content":{"rendered":"\n<div class=\"wp-block-cover alignfull\" style=\"min-height:633px;aspect-ratio:unset;\"><img decoding=\"async\" width=\"1920\" height=\"1084\" class=\"wp-block-cover__image-background wp-image-4521 lazyload\" alt=\"\" data-src=\"https:\/\/pedrocasiano.es\/wp-content\/uploads\/2024\/02\/woman-8588589_1920reves.jpg\" data-object-fit=\"cover\" src=\"data:image\/svg+xml;base64,PHN2ZyB3aWR0aD0iMSIgaGVpZ2h0PSIxIiB4bWxucz0iaHR0cDovL3d3dy53My5vcmcvMjAwMC9zdmciPjwvc3ZnPg==\" style=\"--smush-placeholder-width: 1920px; --smush-placeholder-aspect-ratio: 1920\/1084;\" \/><span aria-hidden=\"true\" class=\"wp-block-cover__background has-background-dim\"><\/span><div class=\"wp-block-cover__inner-container has-global-padding is-layout-constrained wp-block-cover-is-layout-constrained\">\n<ul class=\"wp-block-list\">\n<li><a href=\"https:\/\/pedrocasiano.es\/?p=4857\" target=\"_blank\" rel=\"noreferrer noopener\">De Nuevo Miro a la Ventana<\/a><\/li>\n\n\n\n<li><a href=\"https:\/\/pedrocasiano.es\/?p=4860\" target=\"_blank\" rel=\"noreferrer noopener\">Hoy He Visto La Noticia\u2026<\/a><\/li>\n\n\n\n<li><a href=\"https:\/\/pedrocasiano.es\/?p=4863\" target=\"_blank\" rel=\"noreferrer noopener\">Estoy Sentado Delante Del Ordenador<\/a><\/li>\n\n\n\n<li><a href=\"https:\/\/pedrocasiano.es\/?p=4866\" target=\"_blank\" rel=\"noreferrer noopener\">Hoy Domingo, De Nuevo<\/a><\/li>\n\n\n\n<li><a href=\"https:\/\/pedrocasiano.es\/?p=4872\" target=\"_blank\" rel=\"noreferrer noopener\">Es Temprano<\/a><\/li>\n\n\n\n<li><a href=\"https:\/\/pedrocasiano.es\/?p=4875\" target=\"_blank\" rel=\"noreferrer noopener\">Memoria Hist\u00f3rica<\/a><\/li>\n\n\n\n<li><a href=\"https:\/\/pedrocasiano.es\/?p=4878\" target=\"_blank\" rel=\"noreferrer noopener\">Hoy, Me Siento Como Si Pudiera Tomar Dos Caminos<\/a><\/li>\n\n\n\n<li><a href=\"https:\/\/pedrocasiano.es\/?p=4881\" target=\"_blank\" rel=\"noreferrer noopener\">Es la \u00c9poca en que se Retira el Calor<\/a><\/li>\n\n\n\n<li><a href=\"https:\/\/pedrocasiano.es\/?p=4884\" target=\"_blank\" rel=\"noreferrer noopener\">\u00bfSocios?, \u00bfQu\u00e9 socios?<\/a><\/li>\n\n\n\n<li><a href=\"https:\/\/pedrocasiano.es\/?p=4887\" target=\"_blank\" rel=\"noreferrer noopener\">\u00bfQu\u00e9 Podemos Hacer?<\/a><\/li>\n\n\n\n<li><a href=\"https:\/\/pedrocasiano.es\/?page_id=4890\" target=\"_blank\" rel=\"noreferrer noopener\">Un D\u00eda De Recalm\u00f3n<\/a><\/li>\n\n\n\n<li><a href=\"https:\/\/pedrocasiano.es\/?page_id=5516\" target=\"_blank\" rel=\"noreferrer noopener\">Que Calor<\/a><\/li>\n\n\n\n<li><a href=\"https:\/\/pedrocasiano.es\/?page_id=5519\" target=\"_blank\" rel=\"noreferrer noopener\">Un D\u00eda M\u00e1s Estamos Aqu\u00ed<\/a><\/li>\n\n\n\n<li><a href=\"https:\/\/pedrocasiano.es\/?page_id=5582\" target=\"_blank\" rel=\"noreferrer noopener\">Los D\u00edas Pasan<\/a><\/li>\n\n\n\n<li><a href=\"https:\/\/pedrocasiano.es\/?page_id=5525\" target=\"_blank\" rel=\"noreferrer noopener\">Algunas Veces Me Pregunto<\/a><\/li>\n\n\n\n<li><a href=\"https:\/\/pedrocasiano.es\/?page_id=5528\" target=\"_blank\" rel=\"noreferrer noopener\">La Navidad o Algo As\u00ed\u2026<\/a><\/li>\n\n\n\n<li><a href=\"https:\/\/pedrocasiano.es\/?page_id=5531\" target=\"_blank\" rel=\"noreferrer noopener\">Hoy Me He Levantado Gracioso<\/a><\/li>\n\n\n\n<li><a href=\"https:\/\/pedrocasiano.es\/?page_id=5540\" target=\"_blank\" rel=\"noreferrer noopener\">Llega La Noche De Nuevo<\/a><\/li>\n\n\n\n<li><a href=\"https:\/\/pedrocasiano.es\/?page_id=5546\" target=\"_blank\" rel=\"noreferrer noopener\">Hoy, Como No Era Menos, La Noche<\/a><\/li>\n\n\n\n<li><a href=\"https:\/\/pedrocasiano.es\/?page_id=5573\" target=\"_blank\" rel=\"noreferrer noopener\">La Maldici\u00f3n De C\u00f3rdoba<\/a><\/li>\n\n\n\n<li><a href=\"https:\/\/pedrocasiano.es\/?page_id=5576\" target=\"_blank\" rel=\"noreferrer noopener\">La Rebeli\u00f3n Ante La Tiran\u00eda<\/a><\/li>\n\n\n\n<li><a href=\"https:\/\/pedrocasiano.es\/?page_id=5588\" target=\"_blank\" rel=\"noreferrer noopener\">Quemado<\/a><\/li>\n\n\n\n<li><a href=\"https:\/\/pedrocasiano.es\/?page_id=5669\" target=\"_blank\" rel=\"noreferrer noopener\">Un D\u00eda M\u00e1s<\/a><\/li>\n\n\n\n<li><a href=\"https:\/\/pedrocasiano.es\/?page_id=5682\" target=\"_blank\" rel=\"noreferrer noopener\">La Delgada L\u00ednea Roja<\/a><\/li>\n\n\n\n<li><a href=\"https:\/\/pedrocasiano.es\/?page_id=5688\" target=\"_blank\" rel=\"noreferrer noopener\">Llevo unos D\u00edas\u2026<\/a><\/li>\n\n\n\n<li><a href=\"https:\/\/pedrocasiano.es\/?page_id=5691\" target=\"_blank\" rel=\"noreferrer noopener\">Hace un Par de D\u00edas<\/a><\/li>\n\n\n\n<li><a href=\"https:\/\/pedrocasiano.es\/?page_id=5697\" target=\"_blank\" rel=\"noreferrer noopener\">Hoy Empiezo un Nuevo Libro<\/a><\/li>\n\n\n\n<li><a href=\"https:\/\/pedrocasiano.es\/?page_id=5700\" target=\"_blank\" rel=\"noreferrer noopener\">Hoy, Mirando el Caralibro<\/a><\/li>\n\n\n\n<li><a href=\"https:\/\/pedrocasiano.es\/?page_id=5706\" target=\"_blank\" rel=\"noreferrer noopener\">Memorias De Un Pa\u00eds Moribundo<\/a><\/li>\n\n\n\n<li><a href=\"https:\/\/pedrocasiano.es\/?page_id=5709\" target=\"_blank\" rel=\"noreferrer noopener\">He Terminado de Escribir otro Libro<\/a><\/li>\n\n\n\n<li><a href=\"https:\/\/pedrocasiano.es\/?page_id=5712\" target=\"_blank\" rel=\"noreferrer noopener\">Hoy me Preguntaba\u2026<\/a><\/li>\n\n\n\n<li><a href=\"https:\/\/pedrocasiano.es\/?page_id=5715\" target=\"_blank\" rel=\"noreferrer noopener\">Seguimos en el Mismo Modo<\/a><\/li>\n<\/ul>\n\n\n\n<p><strong>Todos los Derechos Reservados<\/strong><\/p>\n\n\n\n<p><strong>\u201cEstas novelas, publicaciones y dem\u00e1s, son obras de ficci\u00f3n. Los nombres, personajes, lugares e incidentes son producto de la imaginaci\u00f3n del autor o son utilizados de manera ficticia. Cualquier parecido con personas, vivas o muertas, o sucesos reales es pura coincidencia.\u201d<\/strong><\/p>\n<\/div><\/div>\n","protected":false},"excerpt":{"rendered":"","protected":false},"author":1,"featured_media":0,"parent":0,"menu_order":0,"comment_status":"closed","ping_status":"closed","template":"","meta":{"inspiro_hide_title":false,"footnotes":""},"class_list":["post-4520","page","type-page","status-publish","hentry"],"featured_media_urls":[],"_links":{"self":[{"href":"https:\/\/pedrocasiano.es\/index.php?rest_route=\/wp\/v2\/pages\/4520","targetHints":{"allow":["GET"]}}],"collection":[{"href":"https:\/\/pedrocasiano.es\/index.php?rest_route=\/wp\/v2\/pages"}],"about":[{"href":"https:\/\/pedrocasiano.es\/index.php?rest_route=\/wp\/v2\/types\/page"}],"author":[{"embeddable":true,"href":"https:\/\/pedrocasiano.es\/index.php?rest_route=\/wp\/v2\/users\/1"}],"replies":[{"embeddable":true,"href":"https:\/\/pedrocasiano.es\/index.php?rest_route=%2Fwp%2Fv2%2Fcomments&post=4520"}],"version-history":[{"count":18,"href":"https:\/\/pedrocasiano.es\/index.php?rest_route=\/wp\/v2\/pages\/4520\/revisions"}],"predecessor-version":[{"id":16521,"href":"https:\/\/pedrocasiano.es\/index.php?rest_route=\/wp\/v2\/pages\/4520\/revisions\/16521"}],"wp:attachment":[{"href":"https:\/\/pedrocasiano.es\/index.php?rest_route=%2Fwp%2Fv2%2Fmedia&parent=4520"}],"curies":[{"name":"wp","href":"https:\/\/api.w.org\/{rel}","templated":true}]}}