{"id":4497,"date":"2024-02-26T09:48:19","date_gmt":"2024-02-26T09:48:19","guid":{"rendered":"https:\/\/pedrocasiano.es\/?page_id=4497"},"modified":"2024-02-29T10:41:39","modified_gmt":"2024-02-29T10:41:39","slug":"me-habeis-devuelto-ese-trozo","status":"publish","type":"page","link":"https:\/\/pedrocasiano.es\/?page_id=4497","title":{"rendered":"Me Hab\u00e9is Devuelto Ese Trozo"},"content":{"rendered":"\n<figure class=\"wp-block-image alignright size-large is-resized\"><img decoding=\"async\" width=\"1024\" height=\"853\" data-src=\"https:\/\/pedrocasiano.es\/wp-content\/uploads\/2024\/02\/books-5937716_1280-1024x853.jpg\" alt=\"\" class=\"wp-image-4498 lazyload\" style=\"--smush-placeholder-width: 1024px; --smush-placeholder-aspect-ratio: 1024\/853;width:343px;height:auto\" src=\"data:image\/svg+xml;base64,PHN2ZyB3aWR0aD0iMSIgaGVpZ2h0PSIxIiB4bWxucz0iaHR0cDovL3d3dy53My5vcmcvMjAwMC9zdmciPjwvc3ZnPg==\" \/><\/figure>\n\n\n\n<p>Para m\u00ed es terap\u00e9utico escribir, me hace soltar ese monstruo que se llama melancol\u00eda, olvidar el conocimiento de saber que ya ha pasado lo mejor de tu vida, que te separas de lo que atesoras durante a\u00f1os y a\u00f1os, y por supuesto, entrar en un mundo m\u00e1s embriagador incluso, aunque parezca imposible, que la lectura.<\/p>\n\n\n\n<p>&nbsp;&nbsp;&nbsp;&nbsp;&nbsp;&nbsp;&nbsp;&nbsp;&nbsp;&nbsp;&nbsp;&nbsp;&nbsp; Y como soy persona, creo que educada, debo de contestar a tanta alma amable que me ha aconsejado, agradecido, o simplemente comentado.<\/p>\n\n\n\n<p>&nbsp;&nbsp;&nbsp;&nbsp;&nbsp;&nbsp;&nbsp;&nbsp;&nbsp;&nbsp;&nbsp;&nbsp;&nbsp; \u00bfPor qu\u00e9 no los don\u00e9 a la biblioteca?, ll\u00e1menme loco, pero quer\u00eda que lo viera alguien como yo, que cuando joven, conoc\u00eda cualquier sitio donde vendieran libros de segunda mano, mi econom\u00eda no daba para m\u00e1s.<\/p>\n\n\n\n<p>&nbsp;&nbsp;&nbsp;&nbsp;&nbsp;&nbsp;&nbsp;&nbsp;&nbsp;&nbsp;&nbsp;&nbsp;&nbsp; Esa ilusi\u00f3n, el libro que esperas con ansia, est\u00e1 en esos momentos por el precio que puedes pagar, lo llevas entre las manos, e imaginas que al abrirlo te encontrar\u00e1s en un mundo ins\u00f3lito y maravilloso, y muchas veces es as\u00ed, y si lo amas, lo atesorar\u00e1s, con el mismo amor que yo lo hac\u00eda.<\/p>\n\n\n\n<p>&nbsp;&nbsp;&nbsp;&nbsp;&nbsp;&nbsp;&nbsp;&nbsp;&nbsp;&nbsp;&nbsp;&nbsp;&nbsp; Esa sensaci\u00f3n de estar como ni\u00f1o peque\u00f1o en pasteler\u00eda, uno, y uno m\u00e1s, todos maravillosos, \u00bfcu\u00e1l?, y vuelves a mirar el dinero que tienes, sonr\u00edes, no solo uno, m\u00e1s de dos, quiz\u00e1s tres, y los cargas como si fueran el tesoro m\u00e1s grande que exista en la tierra, y una vez en tu lugar de lectura, lo abres, aunque sean ajadas p\u00e1ginas el continente, y lees la palabra m\u00e1gica, \u201cCAP\u00cdTULO I\u201d, y ese mundo incre\u00edble, se abre ante ti, eres libre, nada m\u00e1s existe, te dejas llevar, y tu mente se pierde con la emoci\u00f3n del grial encontrado.<\/p>\n\n\n\n<p>&nbsp;&nbsp;&nbsp;&nbsp;&nbsp;&nbsp;&nbsp;&nbsp;&nbsp;&nbsp;&nbsp;&nbsp;&nbsp; Pero lo m\u00e1s importante, lo que diferencia en poder a cualquier otro sentimiento que me hayan producido los comentarios, ha sido el comprobar que no estoy enfermo, y si lo estoy, es una epidemia, m\u00e1s quiz\u00e1s, una pandemia, y bendita pandemia que hace que personas de todos los lugares de este mundo, amen el negro sobre blanco, como yo mismo.<\/p>\n\n\n\n<p>&nbsp;&nbsp;&nbsp;&nbsp;&nbsp;&nbsp;&nbsp;&nbsp;&nbsp;&nbsp;&nbsp;&nbsp;&nbsp; He recorrido todo el mundo, pero mis mejores viajes han sido con Marco Polo, con Alejandro, con Cesar, con cientos de personajes que pueblan el bosque de mis fantas\u00edas, tan reales casi como que las he vivido.<\/p>\n\n\n\n<p>&nbsp;&nbsp;&nbsp;&nbsp;&nbsp;&nbsp;&nbsp;&nbsp;&nbsp;&nbsp;&nbsp;&nbsp;&nbsp; Mi biblioteca se ha marchado, se fue con la ilusi\u00f3n de que su precio ayudara a los dem\u00e1s, ya no me queda letra impresa, salvo la de los bancos y sus requerimientos, y una sorpresa, mi esposa, por cari\u00f1o, o por lo que sea, ha guardado mis libros, los que escribo, en los que intento plasmar, devolver, algo que haga disfrutar a los dem\u00e1s, como yo he disfrutado.<\/p>\n\n\n\n<p>&nbsp;&nbsp;&nbsp;&nbsp;&nbsp;&nbsp;&nbsp;&nbsp;&nbsp;&nbsp;&nbsp;&nbsp;&nbsp; Queridos locos, especie en extinci\u00f3n, grupo de tozudos en pensar por vosotros mismos, gracias, muchas gracias, por demostrarme que yo tambi\u00e9n estoy loco, tan loco como todos vosotros.<strong><br><\/strong><\/p>\n","protected":false},"excerpt":{"rendered":"<p>Para m\u00ed es terap\u00e9utico escribir, me hace soltar ese monstruo que se llama melancol\u00eda, olvidar el conocimiento de saber que ya ha pasado lo mejor de tu vida, que te separas de lo que atesoras durante a\u00f1os y a\u00f1os, y por supuesto, entrar en un mundo m\u00e1s embriagador incluso, aunque parezca imposible, que la lectura. &hellip; <\/p>\n<p class=\"link-more\"><a href=\"https:\/\/pedrocasiano.es\/?page_id=4497\" class=\"more-link\">Leer m\u00e1s<span class=\"screen-reader-text\"> \u00abMe Hab\u00e9is Devuelto Ese Trozo\u00bb<\/span><\/a><\/p>\n","protected":false},"author":1,"featured_media":0,"parent":0,"menu_order":0,"comment_status":"closed","ping_status":"closed","template":"","meta":{"inspiro_hide_title":false,"footnotes":""},"class_list":["post-4497","page","type-page","status-publish","hentry"],"featured_media_urls":[],"_links":{"self":[{"href":"https:\/\/pedrocasiano.es\/index.php?rest_route=\/wp\/v2\/pages\/4497","targetHints":{"allow":["GET"]}}],"collection":[{"href":"https:\/\/pedrocasiano.es\/index.php?rest_route=\/wp\/v2\/pages"}],"about":[{"href":"https:\/\/pedrocasiano.es\/index.php?rest_route=\/wp\/v2\/types\/page"}],"author":[{"embeddable":true,"href":"https:\/\/pedrocasiano.es\/index.php?rest_route=\/wp\/v2\/users\/1"}],"replies":[{"embeddable":true,"href":"https:\/\/pedrocasiano.es\/index.php?rest_route=%2Fwp%2Fv2%2Fcomments&post=4497"}],"version-history":[{"count":2,"href":"https:\/\/pedrocasiano.es\/index.php?rest_route=\/wp\/v2\/pages\/4497\/revisions"}],"predecessor-version":[{"id":5364,"href":"https:\/\/pedrocasiano.es\/index.php?rest_route=\/wp\/v2\/pages\/4497\/revisions\/5364"}],"wp:attachment":[{"href":"https:\/\/pedrocasiano.es\/index.php?rest_route=%2Fwp%2Fv2%2Fmedia&parent=4497"}],"curies":[{"name":"wp","href":"https:\/\/api.w.org\/{rel}","templated":true}]}}