{"id":4492,"date":"2024-02-26T09:45:38","date_gmt":"2024-02-26T09:45:38","guid":{"rendered":"https:\/\/pedrocasiano.es\/?page_id=4492"},"modified":"2024-03-01T06:58:26","modified_gmt":"2024-03-01T06:58:26","slug":"mas-sobre-los-barrios-de-cordoba","status":"publish","type":"page","link":"https:\/\/pedrocasiano.es\/?page_id=4492","title":{"rendered":"M\u00e1s sobre los Barrios de C\u00f3rdoba"},"content":{"rendered":"\n<figure class=\"wp-block-image alignleft size-large is-resized\"><img decoding=\"async\" width=\"1024\" height=\"576\" data-src=\"https:\/\/pedrocasiano.es\/wp-content\/uploads\/2024\/02\/image-131-1024x576.jpeg\" alt=\"La imagen tiene un atributo ALT vac\u00edo; su nombre de archivo es plaza-de-la-corredera-1541638_1280-edited.jpg\" class=\"wp-image-4495 lazyload\" style=\"--smush-placeholder-width: 1024px; --smush-placeholder-aspect-ratio: 1024\/576;width:485px;height:auto\" src=\"data:image\/svg+xml;base64,PHN2ZyB3aWR0aD0iMSIgaGVpZ2h0PSIxIiB4bWxucz0iaHR0cDovL3d3dy53My5vcmcvMjAwMC9zdmciPjwvc3ZnPg==\" \/><\/figure>\n\n\n\n<p>S\u00e9 que m\u00e1s de un lector, se sorprende con mi divisi\u00f3n de C\u00f3rdoba en los barrios de la \u00e9poca de Ram\u00edrez de Arellano.<\/p>\n\n\n\n<p>&nbsp;&nbsp;&nbsp;&nbsp;&nbsp;&nbsp;&nbsp;&nbsp;&nbsp;&nbsp;&nbsp;&nbsp;&nbsp; Cierto es que es antiguo, m\u00e1s de un siglo, pero a m\u00ed, me sigue gustando m\u00e1s que el actual, y muchos se preguntaran el porqu\u00e9.<\/p>\n\n\n\n<p>&nbsp;&nbsp;&nbsp;&nbsp;&nbsp;&nbsp;&nbsp;&nbsp;&nbsp;&nbsp;&nbsp;&nbsp;&nbsp; Desde 2.008, sino ha variado, la divisi\u00f3n de C\u00f3rdoba en Distritos, es la siguiente:<\/p>\n\n\n\n<p>Centro.<\/p>\n\n\n\n<p>&nbsp;&nbsp;&nbsp;&nbsp;&nbsp;&nbsp;&nbsp;&nbsp;&nbsp;&nbsp;&nbsp;&nbsp;&nbsp; San Basilio, Huerta del Rey-Vallellano, La Catedral, San Francisco-Ribera, Santiago, San Pedro, El Salvador y la Compa\u00f1\u00eda, La Trinidad, Centro Comercial, San Miguel-Capuchinos, San Andr\u00e9s-San Pablo, La Magdalena, Cerro de la Golondrina-Salesianos, San Lorenzo, Santa Marina, Campo de la Merced-Molinos Alta, Oller\u00edas, El Carmen.&nbsp;&nbsp;&nbsp;&nbsp;&nbsp;&nbsp;&nbsp;&nbsp;&nbsp; Distritos de C\u00f3rdoba.svg<\/p>\n\n\n\n<p>Levante<\/p>\n\n\n\n<p>Vi\u00f1uela-Rescatado, Fuensantilla-Edisol, Sagunto, Levante, F\u00e1tima y Zumbac\u00f3n-Gavil\u00e1n.<\/p>\n\n\n\n<p>Noroeste<\/p>\n\n\n\n<p>Huerta de la Reina, Las Margaritas, Moreras, Arruzafilla, Arroyo del Moro, Parque Figueroa y Huerta de Santa Isabel.<\/p>\n\n\n\n<p>Norte-Sierra<\/p>\n\n\n\n<p>Valdeolleros, Santa Rosa, Asomadilla, El C\u00e1mping, El Tablero, El Patriarca, El Brillante, El Naranjo y Huerta de San Rafael.<\/p>\n\n\n\n<p>Poniente-Norte<\/p>\n\n\n\n<p>Parque Azahara, Electromec\u00e1nicas, Palmeras, Miralbaida y San Rafael de la Albaida.<\/p>\n\n\n\n<p>Poniente-Sur<\/p>\n\n\n\n<p>&nbsp;&nbsp;&nbsp;&nbsp;&nbsp;&nbsp;&nbsp;&nbsp;&nbsp;&nbsp;&nbsp;&nbsp;&nbsp; Parque Cruz Conde, Vista Alegre, Pol\u00edgono de Poniente, Huerta de la Marquesa, Ciudad Jard\u00edn, Cercadilla-Medina Azahara y Olivos Borrachos.<\/p>\n\n\n\n<p>Sur<\/p>\n\n\n\n<p>Guadalquivir, Sector Sur, Fray Albino y Campo de la Verdad-Miraflores.<\/p>\n\n\n\n<p>Sureste<\/p>\n\n\n\n<p>El Arenal, Arc\u00e1ngel, Santuario, Fuensanta, Ca\u00f1ero y Fidiana.<\/p>\n\n\n\n<p>Periurbano Este-Campi\u00f1a<\/p>\n\n\n\n<p>Cerro Muriano, Alcolea y Santa Cruz&nbsp;&nbsp;&nbsp;&nbsp;&nbsp; (No se muestran los distritos periurbanos)<\/p>\n\n\n\n<p>Periurbano Oeste-Sierra<\/p>\n\n\n\n<p>Villarrubia de C\u00f3rdoba, El Higuer\u00f3n y Trassierra.<\/p>\n\n\n\n<p>&nbsp;&nbsp;&nbsp;&nbsp;&nbsp;&nbsp;&nbsp;&nbsp;&nbsp;&nbsp;&nbsp;&nbsp;&nbsp; Es decir, al centro corresponder\u00edan estos barrios:<\/p>\n\n\n\n<p>San Basilio.<\/p>\n\n\n\n<p>Huerta del Rey.<\/p>\n\n\n\n<p>Vallellano.<\/p>\n\n\n\n<p>La Catedral.<\/p>\n\n\n\n<p>&nbsp;San Francisco.<\/p>\n\n\n\n<p>Ribera<\/p>\n\n\n\n<p>&nbsp;Santiago<\/p>\n\n\n\n<p>&nbsp;San Pedro<\/p>\n\n\n\n<p>&nbsp;El Salvador y la Compa\u00f1\u00eda<\/p>\n\n\n\n<p>&nbsp;La Trinidad<\/p>\n\n\n\n<p>&nbsp;Centro Comercial<\/p>\n\n\n\n<p>&nbsp;San Miguel-Capuchinos<\/p>\n\n\n\n<p>&nbsp;San Andr\u00e9s-San Pablo<\/p>\n\n\n\n<p>&nbsp;La Magdalena<\/p>\n\n\n\n<p>Cerro de la Golondrina-Salesianos<\/p>\n\n\n\n<p>San Lorenzo<\/p>\n\n\n\n<p>&nbsp;Santa Marina<\/p>\n\n\n\n<p>Campo de la Merced-Molinos Alta,<\/p>\n\n\n\n<p>&nbsp;Oller\u00edas<\/p>\n\n\n\n<p>&nbsp;El Carmen<\/p>\n\n\n\n<p>Termino solo con una pregunta, \u00bfQui\u00e9n responde a la pregunta de en qu\u00e9 barrio vives, si es el del \u201cCentro Comercial\u201d?<\/p>\n\n\n\n<p>Me sigo quedando con la divisi\u00f3n de Arellano, y, por cierto, casi toda C\u00f3rdoba capital vive en el Centro. \u00a1Qu\u00e9 Nivel!<\/p>\n\n\n\n<p>Por cierto, el Barrio Comercial es:<\/p>\n\n\n\n<p>Avenida del Gran Capit\u00e1n.<\/p>\n\n\n\n<p>Iglesia de San Hip\u00f3lito.<\/p>\n\n\n\n<p>Gran Teatro de C\u00f3rdoba.<\/p>\n\n\n\n<p>Iglesia de San Nicol\u00e1s de la Villa.<\/p>\n","protected":false},"excerpt":{"rendered":"<p>S\u00e9 que m\u00e1s de un lector, se sorprende con mi divisi\u00f3n de C\u00f3rdoba en los barrios de la \u00e9poca de Ram\u00edrez de Arellano. &nbsp;&nbsp;&nbsp;&nbsp;&nbsp;&nbsp;&nbsp;&nbsp;&nbsp;&nbsp;&nbsp;&nbsp;&nbsp; Cierto es que es antiguo, m\u00e1s de un siglo, pero a m\u00ed, me sigue gustando m\u00e1s que el actual, y muchos se preguntaran el porqu\u00e9. &nbsp;&nbsp;&nbsp;&nbsp;&nbsp;&nbsp;&nbsp;&nbsp;&nbsp;&nbsp;&nbsp;&nbsp;&nbsp; Desde 2.008, sino ha variado, &hellip; <\/p>\n<p class=\"link-more\"><a href=\"https:\/\/pedrocasiano.es\/?page_id=4492\" class=\"more-link\">Leer m\u00e1s<span class=\"screen-reader-text\"> \u00abM\u00e1s sobre los Barrios de C\u00f3rdoba\u00bb<\/span><\/a><\/p>\n","protected":false},"author":1,"featured_media":0,"parent":0,"menu_order":0,"comment_status":"closed","ping_status":"closed","template":"","meta":{"inspiro_hide_title":false,"footnotes":""},"class_list":["post-4492","page","type-page","status-publish","hentry"],"featured_media_urls":[],"_links":{"self":[{"href":"https:\/\/pedrocasiano.es\/index.php?rest_route=\/wp\/v2\/pages\/4492","targetHints":{"allow":["GET"]}}],"collection":[{"href":"https:\/\/pedrocasiano.es\/index.php?rest_route=\/wp\/v2\/pages"}],"about":[{"href":"https:\/\/pedrocasiano.es\/index.php?rest_route=\/wp\/v2\/types\/page"}],"author":[{"embeddable":true,"href":"https:\/\/pedrocasiano.es\/index.php?rest_route=\/wp\/v2\/users\/1"}],"replies":[{"embeddable":true,"href":"https:\/\/pedrocasiano.es\/index.php?rest_route=%2Fwp%2Fv2%2Fcomments&post=4492"}],"version-history":[{"count":2,"href":"https:\/\/pedrocasiano.es\/index.php?rest_route=\/wp\/v2\/pages\/4492\/revisions"}],"predecessor-version":[{"id":5407,"href":"https:\/\/pedrocasiano.es\/index.php?rest_route=\/wp\/v2\/pages\/4492\/revisions\/5407"}],"wp:attachment":[{"href":"https:\/\/pedrocasiano.es\/index.php?rest_route=%2Fwp%2Fv2%2Fmedia&parent=4492"}],"curies":[{"name":"wp","href":"https:\/\/api.w.org\/{rel}","templated":true}]}}