{"id":4484,"date":"2024-02-26T09:36:58","date_gmt":"2024-02-26T09:36:58","guid":{"rendered":"https:\/\/pedrocasiano.es\/?page_id=4484"},"modified":"2024-02-29T10:39:36","modified_gmt":"2024-02-29T10:39:36","slug":"la-rebelion-de-los-borregos","status":"publish","type":"page","link":"https:\/\/pedrocasiano.es\/?page_id=4484","title":{"rendered":"La Rebeli\u00f3n De Los Borregos"},"content":{"rendered":"\n<figure class=\"wp-block-image alignleft size-large is-resized\"><img decoding=\"async\" width=\"1024\" height=\"961\" data-src=\"https:\/\/pedrocasiano.es\/wp-content\/uploads\/2024\/02\/ireland-1985088_1280-1024x961.jpg\" alt=\"\" class=\"wp-image-4485 lazyload\" style=\"--smush-placeholder-width: 1024px; --smush-placeholder-aspect-ratio: 1024\/961;width:324px;height:auto\" src=\"data:image\/svg+xml;base64,PHN2ZyB3aWR0aD0iMSIgaGVpZ2h0PSIxIiB4bWxucz0iaHR0cDovL3d3dy53My5vcmcvMjAwMC9zdmciPjwvc3ZnPg==\" \/><\/figure>\n\n\n\n<p>Harto estoy de mamones y de mamoneos, de palabras y de malos hechos, de mucho lirili y poco lerele, estoy cansado de mi pa\u00eds.<\/p>\n\n\n\n<p>&nbsp;&nbsp;&nbsp;&nbsp;&nbsp;&nbsp;&nbsp;&nbsp;&nbsp;&nbsp;&nbsp;&nbsp;&nbsp; Mi madre dec\u00eda, cuando alguien ten\u00eda poca voluntad o era de mediocre verg\u00fcenza, \u201cque tragaeras (sic), tiene\u201d, y por desgracia, eso se ha convertido en norma general en nuestra actitud.<\/p>\n\n\n\n<p>&nbsp;&nbsp;&nbsp;&nbsp;&nbsp;&nbsp;&nbsp;&nbsp;&nbsp;&nbsp;&nbsp;&nbsp;&nbsp; Tragamos lo que sea, aceptamos cualquier cosa, venga de donde venga, sea cual sea el resultado que no es dif\u00edcil de prever, siempre que no nos molesten, ni nos escondan el mando de la tele.<\/p>\n\n\n\n<p>&nbsp;&nbsp;&nbsp;&nbsp;&nbsp;&nbsp;&nbsp;&nbsp;&nbsp;&nbsp;&nbsp;&nbsp;&nbsp; Y as\u00ed seguiremos, hasta que llegue un momento en que la situaci\u00f3n haga que nos rasguemos las vestiduras, con el dolor impropio, como si no lo hubi\u00e9ramos sabido de antemano.<\/p>\n\n\n\n<p>&nbsp;&nbsp;&nbsp;&nbsp;&nbsp;&nbsp;&nbsp;&nbsp;&nbsp;&nbsp;&nbsp;&nbsp;&nbsp; \u00bfQue los catalanes rompen Espa\u00f1a? \u2026 eso\u2026 veremos\u2026<\/p>\n\n\n\n<p>&nbsp;&nbsp;&nbsp;&nbsp;&nbsp;&nbsp;&nbsp;&nbsp;&nbsp;&nbsp;&nbsp;&nbsp;&nbsp; \u00bfQue los vascos rompen Espa\u00f1a?\u2026 pues, pero no, no creo.<\/p>\n\n\n\n<p>&nbsp;&nbsp;&nbsp;&nbsp;&nbsp;&nbsp;&nbsp;&nbsp;&nbsp;&nbsp;&nbsp;&nbsp;&nbsp; \u00bfQue los Gallegos se hacen independientes?\u2026 venga ya\u2026 eso es imposible.<\/p>\n\n\n\n<p>&nbsp;&nbsp;&nbsp;&nbsp;&nbsp;&nbsp;&nbsp;&nbsp;&nbsp;&nbsp;&nbsp;&nbsp;&nbsp; \u00bfQue los Marroqu\u00edes nos quitan las Canarias, que nos joden Ceuta y Melilla?, \u2026 eso no se lo cree nadie.<\/p>\n\n\n\n<p>&nbsp;&nbsp;&nbsp;&nbsp;&nbsp;&nbsp;&nbsp;&nbsp;&nbsp;&nbsp;&nbsp;&nbsp;&nbsp; \u00bfQu\u00e9 el gobierno actual, se parece al Frente Popular, m\u00e1s que el Frente Popular original? &#8230;. eso lo dice alguien de derechas, seguro, y de las duras.<\/p>\n\n\n\n<p>&nbsp;&nbsp;&nbsp;&nbsp;&nbsp;&nbsp;&nbsp;&nbsp;&nbsp;&nbsp;&nbsp;&nbsp;&nbsp; \u00bfQu\u00e9 Europa nos ningunea?&#8230; eso son apreciaciones de mentes mal pensadas.<\/p>\n\n\n\n<p>&nbsp;&nbsp;&nbsp;&nbsp;&nbsp;&nbsp;&nbsp;&nbsp;&nbsp;&nbsp;&nbsp;&nbsp;&nbsp; \u00bfQu\u00e9 se est\u00e1n creando, de nuevo, las dos Espa\u00f1as?, eso seguro que son tambi\u00e9n los de derechas.<\/p>\n\n\n\n<p>&nbsp;&nbsp;&nbsp;&nbsp;&nbsp;&nbsp;&nbsp;&nbsp;&nbsp;&nbsp;&nbsp;&nbsp;&nbsp; \u00bfQu\u00e9 se est\u00e1 creando un estado de desigualdad?, otra vez las derechas.<\/p>\n\n\n\n<p>&nbsp;&nbsp;&nbsp;&nbsp;&nbsp;&nbsp;&nbsp;&nbsp;&nbsp;&nbsp;&nbsp;&nbsp;&nbsp; \u00bfQu\u00e9 tanto se aprieta un globo, que al final revienta?, ya estamos con los agoreros, seguro que de derechas.<\/p>\n\n\n\n<p>&nbsp;&nbsp;&nbsp;&nbsp;&nbsp;&nbsp;&nbsp;&nbsp;&nbsp;&nbsp;&nbsp;&nbsp;&nbsp; Al final, por mucho que me pese, seremos un pa\u00eds de cochinos, pues nos comemos cualquier mierda que nos manden.<\/p>\n\n\n\n<p>&nbsp;&nbsp;&nbsp;&nbsp;&nbsp;&nbsp;&nbsp;&nbsp;&nbsp;&nbsp;&nbsp;&nbsp;&nbsp; Sin criterio, sin gana, obviando lo que no nos arrolla personalmente, como si solo le pasara a otros, es una pena, una verg\u00fcenza, que los habitantes de lo que quiera que sea este trozo de tierra, no nos preocupemos por nada, que no sea por nosotros mismos, y por medrar, sin importar el precio de aquello que hacemos. Por desgracia nos merecemos lo que nos pase, y no os preocup\u00e9is, la vida es una perra, nos lo va a cobrar, y con intereses, seguro.<\/p>\n\n\n\n<p>&nbsp;&nbsp;&nbsp;&nbsp;&nbsp;&nbsp;&nbsp;&nbsp;&nbsp;&nbsp;&nbsp;&nbsp;&nbsp; La Seguridad Social, un desastre de los grandes, las jubilaciones un desastre a\u00fan m\u00e1s grande, cualquier cosa que mires a tu derredor es solo el germen de un problema.<\/p>\n\n\n\n<p>&nbsp;&nbsp;&nbsp;&nbsp;&nbsp;&nbsp;&nbsp;&nbsp;&nbsp;&nbsp;&nbsp;&nbsp;&nbsp; Mandemos los m\u00e9dicos de la S. S. a Inglaterra, as\u00ed nos vengaremos de ellos; les hacen falta sanitarios, pues all\u00e1 van, que se van a hartar, la venganza por la Leyenda Negra podr\u00eda ser.<\/p>\n\n\n\n<p>&nbsp;&nbsp;&nbsp;&nbsp;&nbsp;&nbsp;&nbsp;&nbsp;&nbsp;&nbsp;&nbsp;&nbsp;&nbsp; Nosotros, los mayores, que nos armen y que nos manden contra los Marroqu\u00edes, primero porque de cojones andamos mejor, y segundo, porque si morimos, problema que le quitamos a este pa\u00eds agonizante.<\/p>\n\n\n\n<p>&nbsp;&nbsp;&nbsp;&nbsp;&nbsp;&nbsp;&nbsp;&nbsp;&nbsp;&nbsp;&nbsp;&nbsp;&nbsp; Ya odio a los catalanes, desprecio a los vascos, ya no me gustan los gallegos, los pol\u00edticos y la pol\u00edtica, me parecen engendros nacidos de las putas de Babilonia, los entes p\u00fablicos, satrap\u00edas en la cuales, revientan cerdos en orgias de dinero ajeno, entre raudales de productos colombianos.<\/p>\n\n\n\n<p>&nbsp;&nbsp;&nbsp;&nbsp;&nbsp;&nbsp;&nbsp;&nbsp;&nbsp;&nbsp;&nbsp;&nbsp;&nbsp; \u00bfSodoma y Gomorra?, cualquier de los barrios de mi ciudad, de tu ciudad, de cualquier ciudad, y no preocuparos, el fuego caer\u00e1 sobre todos, y esperemos que nos queme r\u00e1pidamente, pues si lo hace uno a uno, en cadena, veremos rabiar al vecino, creyendo que a nosotros no nos puede pasar, hasta que nos pase.<\/p>\n\n\n\n<p>&nbsp;&nbsp;&nbsp;&nbsp;&nbsp;&nbsp;&nbsp;&nbsp;&nbsp;&nbsp;&nbsp;&nbsp;&nbsp; Hijos de sur de Europa, \u00c1frica empieza en los pirineos, y a partir de all\u00ed, peque\u00f1os pa\u00edses, sat\u00e9lites tristes remedos de algo que fue, en ese momento, esclavos de los designios de cualquiera con una porra, \u00bfQu\u00e9 esperan?, \u00bfQu\u00e9 esperamos?, al final, siempre, cada uno tiene lo que merece, y solo espero eso, para todos aquellos que pueblan esta, nuestra tierra.<strong><br><\/strong><\/p>\n","protected":false},"excerpt":{"rendered":"<p>Harto estoy de mamones y de mamoneos, de palabras y de malos hechos, de mucho lirili y poco lerele, estoy cansado de mi pa\u00eds. &nbsp;&nbsp;&nbsp;&nbsp;&nbsp;&nbsp;&nbsp;&nbsp;&nbsp;&nbsp;&nbsp;&nbsp;&nbsp; Mi madre dec\u00eda, cuando alguien ten\u00eda poca voluntad o era de mediocre verg\u00fcenza, \u201cque tragaeras (sic), tiene\u201d, y por desgracia, eso se ha convertido en norma general en nuestra actitud. &hellip; <\/p>\n<p class=\"link-more\"><a href=\"https:\/\/pedrocasiano.es\/?page_id=4484\" class=\"more-link\">Leer m\u00e1s<span class=\"screen-reader-text\"> \u00abLa Rebeli\u00f3n De Los Borregos\u00bb<\/span><\/a><\/p>\n","protected":false},"author":1,"featured_media":0,"parent":0,"menu_order":0,"comment_status":"closed","ping_status":"closed","template":"","meta":{"inspiro_hide_title":false,"footnotes":""},"class_list":["post-4484","page","type-page","status-publish","hentry"],"featured_media_urls":[],"_links":{"self":[{"href":"https:\/\/pedrocasiano.es\/index.php?rest_route=\/wp\/v2\/pages\/4484","targetHints":{"allow":["GET"]}}],"collection":[{"href":"https:\/\/pedrocasiano.es\/index.php?rest_route=\/wp\/v2\/pages"}],"about":[{"href":"https:\/\/pedrocasiano.es\/index.php?rest_route=\/wp\/v2\/types\/page"}],"author":[{"embeddable":true,"href":"https:\/\/pedrocasiano.es\/index.php?rest_route=\/wp\/v2\/users\/1"}],"replies":[{"embeddable":true,"href":"https:\/\/pedrocasiano.es\/index.php?rest_route=%2Fwp%2Fv2%2Fcomments&post=4484"}],"version-history":[{"count":2,"href":"https:\/\/pedrocasiano.es\/index.php?rest_route=\/wp\/v2\/pages\/4484\/revisions"}],"predecessor-version":[{"id":5362,"href":"https:\/\/pedrocasiano.es\/index.php?rest_route=\/wp\/v2\/pages\/4484\/revisions\/5362"}],"wp:attachment":[{"href":"https:\/\/pedrocasiano.es\/index.php?rest_route=%2Fwp%2Fv2%2Fmedia&parent=4484"}],"curies":[{"name":"wp","href":"https:\/\/api.w.org\/{rel}","templated":true}]}}