{"id":4480,"date":"2024-02-26T09:33:15","date_gmt":"2024-02-26T09:33:15","guid":{"rendered":"https:\/\/pedrocasiano.es\/?page_id=4480"},"modified":"2024-02-29T10:38:32","modified_gmt":"2024-02-29T10:38:32","slug":"la-linea-del-horizonte","status":"publish","type":"page","link":"https:\/\/pedrocasiano.es\/?page_id=4480","title":{"rendered":"La L\u00ednea Del Horizonte"},"content":{"rendered":"\n<figure class=\"wp-block-image alignleft size-large is-resized\"><img decoding=\"async\" width=\"1024\" height=\"853\" data-src=\"https:\/\/pedrocasiano.es\/wp-content\/uploads\/2024\/02\/guitar-1354025_1280-1024x853.jpg\" alt=\"\" class=\"wp-image-4481 lazyload\" style=\"--smush-placeholder-width: 1024px; --smush-placeholder-aspect-ratio: 1024\/853;width:273px;height:auto\" src=\"data:image\/svg+xml;base64,PHN2ZyB3aWR0aD0iMSIgaGVpZ2h0PSIxIiB4bWxucz0iaHR0cDovL3d3dy53My5vcmcvMjAwMC9zdmciPjwvc3ZnPg==\" \/><\/figure>\n\n\n\n<p>La l\u00ednea del horizonte se perfila como si un perfecto pintor la trazara. Los colores difuminados, parecen m\u00e1gicos, y el aire me acaricia la cara como si se tratara de la dama de sus sue\u00f1os.<\/p>\n\n\n\n<p>&nbsp;&nbsp;&nbsp;&nbsp;&nbsp;&nbsp;&nbsp;&nbsp;&nbsp;&nbsp;&nbsp;&nbsp;&nbsp; Y sue\u00f1a, el horizonte es el futuro, y traza la perfecci\u00f3n de una vida ideal, cubriendo cualquier imperfecci\u00f3n anterior, sonr\u00ede, parece real, sabe que no lo es, pero con la apariencia le basta, ya es bastante, ya es demasiado.<\/p>\n\n\n\n<p>&nbsp;&nbsp;&nbsp;&nbsp;&nbsp;&nbsp;&nbsp;&nbsp;&nbsp;&nbsp;&nbsp;&nbsp;&nbsp; Oye la imposible voz de una mujer, una bella voz, que entona una canci\u00f3n que no entiende, que no ha o\u00eddo nunca, \u00bfse estar\u00e1 volviendo loco?, y sonr\u00ede, \u201cposiblemente\u201d, se contesta, le da igual, solo escucha la enso\u00f1adora canci\u00f3n que sale de una garganta incre\u00edble.<\/p>\n\n\n\n<p>&nbsp;&nbsp;&nbsp;&nbsp;&nbsp;&nbsp;&nbsp;&nbsp;&nbsp;&nbsp;&nbsp;&nbsp;&nbsp; No son violines, \u00bfQu\u00e9 ser\u00e1n?, le da igual son tr\u00e9mulos, reparten su sonido con un vibrato dif\u00edcil de conocer, pero la belleza, es belleza, siempre se reconoce, aunque sea la primera vez que la notas, que la percibes.<\/p>\n","protected":false},"excerpt":{"rendered":"<p>La l\u00ednea del horizonte se perfila como si un perfecto pintor la trazara. Los colores difuminados, parecen m\u00e1gicos, y el aire me acaricia la cara como si se tratara de la dama de sus sue\u00f1os. &nbsp;&nbsp;&nbsp;&nbsp;&nbsp;&nbsp;&nbsp;&nbsp;&nbsp;&nbsp;&nbsp;&nbsp;&nbsp; Y sue\u00f1a, el horizonte es el futuro, y traza la perfecci\u00f3n de una vida ideal, cubriendo cualquier imperfecci\u00f3n anterior, &hellip; <\/p>\n<p class=\"link-more\"><a href=\"https:\/\/pedrocasiano.es\/?page_id=4480\" class=\"more-link\">Leer m\u00e1s<span class=\"screen-reader-text\"> \u00abLa L\u00ednea Del Horizonte\u00bb<\/span><\/a><\/p>\n","protected":false},"author":1,"featured_media":0,"parent":0,"menu_order":0,"comment_status":"closed","ping_status":"closed","template":"","meta":{"inspiro_hide_title":false,"footnotes":""},"class_list":["post-4480","page","type-page","status-publish","hentry"],"featured_media_urls":[],"_links":{"self":[{"href":"https:\/\/pedrocasiano.es\/index.php?rest_route=\/wp\/v2\/pages\/4480","targetHints":{"allow":["GET"]}}],"collection":[{"href":"https:\/\/pedrocasiano.es\/index.php?rest_route=\/wp\/v2\/pages"}],"about":[{"href":"https:\/\/pedrocasiano.es\/index.php?rest_route=\/wp\/v2\/types\/page"}],"author":[{"embeddable":true,"href":"https:\/\/pedrocasiano.es\/index.php?rest_route=\/wp\/v2\/users\/1"}],"replies":[{"embeddable":true,"href":"https:\/\/pedrocasiano.es\/index.php?rest_route=%2Fwp%2Fv2%2Fcomments&post=4480"}],"version-history":[{"count":2,"href":"https:\/\/pedrocasiano.es\/index.php?rest_route=\/wp\/v2\/pages\/4480\/revisions"}],"predecessor-version":[{"id":5361,"href":"https:\/\/pedrocasiano.es\/index.php?rest_route=\/wp\/v2\/pages\/4480\/revisions\/5361"}],"wp:attachment":[{"href":"https:\/\/pedrocasiano.es\/index.php?rest_route=%2Fwp%2Fv2%2Fmedia&parent=4480"}],"curies":[{"name":"wp","href":"https:\/\/api.w.org\/{rel}","templated":true}]}}