{"id":4472,"date":"2024-02-26T09:27:52","date_gmt":"2024-02-26T09:27:52","guid":{"rendered":"https:\/\/pedrocasiano.es\/?page_id=4472"},"modified":"2024-03-09T08:20:35","modified_gmt":"2024-03-09T08:20:35","slug":"hoy","status":"publish","type":"page","link":"https:\/\/pedrocasiano.es\/?page_id=4472","title":{"rendered":"Hoy"},"content":{"rendered":"\n<figure class=\"wp-block-image alignright size-large is-resized\"><img decoding=\"async\" width=\"1024\" height=\"848\" data-src=\"https:\/\/pedrocasiano.es\/wp-content\/uploads\/2024\/02\/iceland-3930162_1280-1024x848.jpg\" alt=\"\" class=\"wp-image-4473 lazyload\" style=\"--smush-placeholder-width: 1024px; --smush-placeholder-aspect-ratio: 1024\/848;width:354px;height:auto\" src=\"data:image\/svg+xml;base64,PHN2ZyB3aWR0aD0iMSIgaGVpZ2h0PSIxIiB4bWxucz0iaHR0cDovL3d3dy53My5vcmcvMjAwMC9zdmciPjwvc3ZnPg==\" \/><\/figure>\n\n\n\n<p>Por fin, por desgracias, quiz\u00e1s por fortuna, abandono mi casa, mi hogar de tanto a\u00f1os, se aleja lentamente como si fuera una gran nave a la que le cuesta arrancar en el agua.<\/p>\n\n\n\n<p>&nbsp;&nbsp;&nbsp;&nbsp;&nbsp;&nbsp;&nbsp;&nbsp;&nbsp;&nbsp;&nbsp;&nbsp;&nbsp; Era grande, es grande, con el transcurso del tiempo, en la memoria lo ser\u00e1 m\u00e1s, y quedar\u00e1 como un recuerdo.<\/p>\n\n\n\n<p>&nbsp;&nbsp;&nbsp;&nbsp;&nbsp;&nbsp;&nbsp;&nbsp;&nbsp;&nbsp;&nbsp;&nbsp;&nbsp; Solo un problema, quiz\u00e1s una anotaci\u00f3n al margen, no me voy, me tengo que ir con la dignidad del que se entrega cuando est\u00e1 acorralado.<\/p>\n\n\n\n<p>&nbsp;&nbsp;&nbsp;&nbsp;&nbsp;&nbsp;&nbsp;&nbsp;&nbsp;&nbsp;&nbsp;&nbsp;&nbsp; Por \u00faltima vez la miro, por \u00faltima vez la veo como due\u00f1o, ya no ser\u00e1 m\u00eda. La risa de mis seres queridos resonar\u00e1 como un fantasma, apagada por las de los nuevos due\u00f1os, y la vida sigue.<\/p>\n\n\n\n<p>&nbsp;&nbsp;&nbsp;&nbsp;&nbsp;&nbsp;&nbsp;&nbsp;&nbsp;&nbsp;&nbsp;&nbsp;&nbsp; Viejo, maldito viejo, res\u00edgnate, no queda nada, lo perdiste todo, hasta la dignidad, tu sustento, tu fortuna, y ahora tu hogar.<\/p>\n\n\n\n<p>&nbsp;&nbsp;&nbsp;&nbsp;&nbsp;&nbsp;&nbsp;&nbsp;&nbsp;&nbsp;&nbsp;&nbsp;&nbsp; Se acab\u00f3, y no es otra vez, es la final, el desag\u00fce de la vida, al que todos, aunque no lo crean o quiz\u00e1s no lo imaginen, estamos abocados.<\/p>\n\n\n\n<p>&nbsp;&nbsp;&nbsp;&nbsp;&nbsp;&nbsp;&nbsp;&nbsp;&nbsp;&nbsp;&nbsp;&nbsp;&nbsp; \u00c9ramos invencibles, ca\u00edamos y nos levant\u00e1bamos, con m\u00e1s fuerza, con el saber adquirido por el dolor del fracaso, y continu\u00e1bamos\u2026 ahora no, el cuerpo no puede, la mente esta pesada, solo piensa en alejarse del dolor, pero por mucho que quieras alejarte, su aliento te sigue como si en ello le fura la vida, si la tuviera.<\/p>\n\n\n\n<p>Lo hiciste todo bien, no fallaste, hiciste lo correcto, y ahora acabado, casi destruido, quitemos el casi, no te dan nada, te dejan en una esquina, como lo que eres para ellos, un perro.<\/p>\n\n\n\n<p>&nbsp;&nbsp;&nbsp;&nbsp;&nbsp;&nbsp;&nbsp;&nbsp;&nbsp;&nbsp;&nbsp;&nbsp;&nbsp; Malditas hienas, pagando toda una vida, y ahora te agotan con el tiempo, y dejas todo lo que tienes, lo malvendes para poder comer, y ellos solapados en la prepotencia y la majestad del tiempo, esperan solo que desfallezcas para que se lancen sobre ti, pues son tan cobardes, que mientras muevas un solo m\u00fasculo no se estar\u00e1n quietas.<\/p>\n\n\n\n<p>&nbsp;&nbsp;&nbsp;&nbsp;&nbsp;&nbsp;&nbsp;&nbsp;&nbsp;&nbsp;&nbsp;&nbsp;&nbsp; Tu perro que te ha servido como guardi\u00e1n, como cancerbero de tus pobre demonios, ha muerto por tu propia mano, y tu coraz\u00f3n sangra, pero no pod\u00edas dejar a otro anciano para que lo golpeara un nuevo amo, ojal\u00e1 alguien hiciera eso por ti. \u00bfNo sirves?, el viejo a la nada y se acab\u00f3, si existiera esa ley seria quiz\u00e1s la m\u00e1s justa en esta situaci\u00f3n digna de un relato de Orwell.<\/p>\n\n\n\n<p>&nbsp;&nbsp;&nbsp;&nbsp;&nbsp;&nbsp;&nbsp;&nbsp;&nbsp;&nbsp;&nbsp;&nbsp;&nbsp; Miras a tu compa\u00f1era, y sonr\u00ede, la risa de \u201cquiero ser fuerte por ti\u201d, y sonr\u00edes, aunque en el alma se forme un nudo que amenaza con estrangularla, y \u201cno pasa nada\u201d, y vuelves a sonre\u00edr, aparentando una fortaleza que hace ya mucho tiempo que desapareci\u00f3, junto con todo lo dem\u00e1s.<\/p>\n\n\n\n<p>&nbsp;&nbsp;&nbsp;&nbsp;&nbsp;&nbsp;&nbsp;&nbsp;&nbsp;&nbsp;&nbsp;&nbsp;&nbsp; Ella no sabe que, si no te has ido ya, y sabes c\u00f3mo hacerlo, es por no dejarla, porque no est\u00e9 sola en estos momentos de adversidad, en otro caso\u2026 se saldr\u00edan con la suya, alguien menos a quien pagarle\u2026 alg\u00fan d\u00eda.<\/p>\n\n\n\n<p>&nbsp;&nbsp;&nbsp;&nbsp;&nbsp;&nbsp;&nbsp;&nbsp;&nbsp;&nbsp;&nbsp;&nbsp;&nbsp; El fuego de la barbacoa se apag\u00f3, no vendr\u00e1n m\u00e1s, no sonreir\u00e1s, no como en aquellos tiempos, que fueron ca\u00f3ticos, cuando ten\u00edas tanto que no pod\u00edas disfrutarlo, porque estabas todo el d\u00eda guerreando, ahora, con el cuerpo muerto\u2026 no queda nada.<\/p>\n\n\n\n<p>&nbsp;&nbsp;&nbsp;&nbsp;&nbsp;&nbsp;&nbsp;&nbsp;&nbsp;&nbsp;&nbsp;&nbsp;&nbsp; Hay que saber retirarse cuando se est\u00e1 ganando, es f\u00e1cil de decir, pero para alguien de nosotros, de aquellos de car\u00e1cter, \u00bfCu\u00e1ndo es el momento?, y sonr\u00edes de nuevo, sabes que seguiste que seguir\u00edas, y al final\u2026 estar\u00edas, de una forma u otra mirando a la que fue tu casa, tu hogar, giras el cuerpo, agarras la mano de tu compa\u00f1era, que sienta que aun est\u00e1 caliente la tuya, y tomas el camino hacia ning\u00fan sitio.<strong><br><\/strong><\/p>\n","protected":false},"excerpt":{"rendered":"<p>Por fin, por desgracias, quiz\u00e1s por fortuna, abandono mi casa, mi hogar de tanto a\u00f1os, se aleja lentamente como si fuera una gran nave a la que le cuesta arrancar en el agua. &nbsp;&nbsp;&nbsp;&nbsp;&nbsp;&nbsp;&nbsp;&nbsp;&nbsp;&nbsp;&nbsp;&nbsp;&nbsp; Era grande, es grande, con el transcurso del tiempo, en la memoria lo ser\u00e1 m\u00e1s, y quedar\u00e1 como un recuerdo. &nbsp;&nbsp;&nbsp;&nbsp;&nbsp;&nbsp;&nbsp;&nbsp;&nbsp;&nbsp;&nbsp;&nbsp;&nbsp; &hellip; <\/p>\n<p class=\"link-more\"><a href=\"https:\/\/pedrocasiano.es\/?page_id=4472\" class=\"more-link\">Leer m\u00e1s<span class=\"screen-reader-text\"> \u00abHoy\u00bb<\/span><\/a><\/p>\n","protected":false},"author":1,"featured_media":0,"parent":0,"menu_order":0,"comment_status":"closed","ping_status":"closed","template":"","meta":{"inspiro_hide_title":false,"footnotes":""},"class_list":["post-4472","page","type-page","status-publish","hentry"],"featured_media_urls":[],"_links":{"self":[{"href":"https:\/\/pedrocasiano.es\/index.php?rest_route=\/wp\/v2\/pages\/4472","targetHints":{"allow":["GET"]}}],"collection":[{"href":"https:\/\/pedrocasiano.es\/index.php?rest_route=\/wp\/v2\/pages"}],"about":[{"href":"https:\/\/pedrocasiano.es\/index.php?rest_route=\/wp\/v2\/types\/page"}],"author":[{"embeddable":true,"href":"https:\/\/pedrocasiano.es\/index.php?rest_route=\/wp\/v2\/users\/1"}],"replies":[{"embeddable":true,"href":"https:\/\/pedrocasiano.es\/index.php?rest_route=%2Fwp%2Fv2%2Fcomments&post=4472"}],"version-history":[{"count":3,"href":"https:\/\/pedrocasiano.es\/index.php?rest_route=\/wp\/v2\/pages\/4472\/revisions"}],"predecessor-version":[{"id":5785,"href":"https:\/\/pedrocasiano.es\/index.php?rest_route=\/wp\/v2\/pages\/4472\/revisions\/5785"}],"wp:attachment":[{"href":"https:\/\/pedrocasiano.es\/index.php?rest_route=%2Fwp%2Fv2%2Fmedia&parent=4472"}],"curies":[{"name":"wp","href":"https:\/\/api.w.org\/{rel}","templated":true}]}}