{"id":4464,"date":"2024-02-26T09:23:07","date_gmt":"2024-02-26T09:23:07","guid":{"rendered":"https:\/\/pedrocasiano.es\/?page_id=4464"},"modified":"2024-02-29T10:34:03","modified_gmt":"2024-02-29T10:34:03","slug":"hoy-es-creado-un-monstruo","status":"publish","type":"page","link":"https:\/\/pedrocasiano.es\/?page_id=4464","title":{"rendered":"Hoy, Es Creado Un Monstruo"},"content":{"rendered":"\n<figure class=\"wp-block-image aligncenter size-large is-resized\"><img decoding=\"async\" width=\"1024\" height=\"720\" data-src=\"https:\/\/pedrocasiano.es\/wp-content\/uploads\/2024\/02\/column-2116526_1280-1024x720.jpg\" alt=\"\" class=\"wp-image-4465 lazyload\" style=\"--smush-placeholder-width: 1024px; --smush-placeholder-aspect-ratio: 1024\/720;width:385px;height:auto\" src=\"data:image\/svg+xml;base64,PHN2ZyB3aWR0aD0iMSIgaGVpZ2h0PSIxIiB4bWxucz0iaHR0cDovL3d3dy53My5vcmcvMjAwMC9zdmciPjwvc3ZnPg==\" \/><\/figure>\n\n\n\n<p>Le he regalado a mi esposa un altavoz Bluetooh, de los de calidad, y no solo lo he pagado, tambi\u00e9n se lo he tenido que instalar.<\/p>\n\n\n\n<p>&nbsp;&nbsp;&nbsp;&nbsp;&nbsp;&nbsp;&nbsp;&nbsp;&nbsp;&nbsp;&nbsp;&nbsp;&nbsp; Por si fuera poco, lo que no ven\u00eda incluido en el precio, una selecci\u00f3n de canciones de tiempos antiguos, de cuando nos conocimos.<\/p>\n\n\n\n<p>&nbsp;&nbsp;&nbsp;&nbsp;&nbsp;&nbsp;&nbsp;&nbsp;&nbsp;&nbsp;&nbsp;&nbsp;&nbsp; Y milagro, la he visto, a la chica de la que me enamore, \u00bfcu\u00e1ndo?, hace cinco minutos, hace mil a\u00f1os, sus ojos verdes que me mec\u00edan en sus pesta\u00f1as, las insinuantes caderas, que se mov\u00edan al ritmo de los deseos, y sus brazos que se extend\u00edan hacia m\u00ed.<\/p>\n\n\n\n<p>&nbsp;&nbsp;&nbsp;&nbsp;&nbsp;&nbsp;&nbsp;&nbsp;&nbsp;&nbsp;&nbsp;&nbsp;&nbsp; La clase que yo no ten\u00eda, el saber estar, ella. Simplemente, magn\u00edficamente ella, la belleza perfecta, la simpat\u00eda inigualable, un coraz\u00f3n fuerte, y amante.<\/p>\n\n\n\n<p>&nbsp;&nbsp;&nbsp;&nbsp;&nbsp;&nbsp;&nbsp;&nbsp;&nbsp;&nbsp;&nbsp;&nbsp;&nbsp; \u00bfLa quiero m\u00e1s o menos?, es diferente, antes era una flor que se abre, hoy, sus ra\u00edces se han imbricado en mi coraz\u00f3n, que, con el suyo, es uno, \u00bfm\u00e1s o menos?, que m\u00e1s me da, la he visto durante un momento, y se me ha volcado el coraz\u00f3n, ha vuelto la realidad, y es igual, sonr\u00edo y le doy gracias a la vida por poder compartirla con ella.<\/p>\n","protected":false},"excerpt":{"rendered":"<p>Le he regalado a mi esposa un altavoz Bluetooh, de los de calidad, y no solo lo he pagado, tambi\u00e9n se lo he tenido que instalar. &nbsp;&nbsp;&nbsp;&nbsp;&nbsp;&nbsp;&nbsp;&nbsp;&nbsp;&nbsp;&nbsp;&nbsp;&nbsp; Por si fuera poco, lo que no ven\u00eda incluido en el precio, una selecci\u00f3n de canciones de tiempos antiguos, de cuando nos conocimos. &nbsp;&nbsp;&nbsp;&nbsp;&nbsp;&nbsp;&nbsp;&nbsp;&nbsp;&nbsp;&nbsp;&nbsp;&nbsp; Y milagro, la he &hellip; <\/p>\n<p class=\"link-more\"><a href=\"https:\/\/pedrocasiano.es\/?page_id=4464\" class=\"more-link\">Leer m\u00e1s<span class=\"screen-reader-text\"> \u00abHoy, Es Creado Un Monstruo\u00bb<\/span><\/a><\/p>\n","protected":false},"author":1,"featured_media":0,"parent":0,"menu_order":0,"comment_status":"closed","ping_status":"closed","template":"","meta":{"inspiro_hide_title":false,"footnotes":""},"class_list":["post-4464","page","type-page","status-publish","hentry"],"featured_media_urls":[],"_links":{"self":[{"href":"https:\/\/pedrocasiano.es\/index.php?rest_route=\/wp\/v2\/pages\/4464","targetHints":{"allow":["GET"]}}],"collection":[{"href":"https:\/\/pedrocasiano.es\/index.php?rest_route=\/wp\/v2\/pages"}],"about":[{"href":"https:\/\/pedrocasiano.es\/index.php?rest_route=\/wp\/v2\/types\/page"}],"author":[{"embeddable":true,"href":"https:\/\/pedrocasiano.es\/index.php?rest_route=\/wp\/v2\/users\/1"}],"replies":[{"embeddable":true,"href":"https:\/\/pedrocasiano.es\/index.php?rest_route=%2Fwp%2Fv2%2Fcomments&post=4464"}],"version-history":[{"count":2,"href":"https:\/\/pedrocasiano.es\/index.php?rest_route=\/wp\/v2\/pages\/4464\/revisions"}],"predecessor-version":[{"id":5357,"href":"https:\/\/pedrocasiano.es\/index.php?rest_route=\/wp\/v2\/pages\/4464\/revisions\/5357"}],"wp:attachment":[{"href":"https:\/\/pedrocasiano.es\/index.php?rest_route=%2Fwp%2Fv2%2Fmedia&parent=4464"}],"curies":[{"name":"wp","href":"https:\/\/api.w.org\/{rel}","templated":true}]}}